{"id":1913,"date":"2021-06-03T13:07:49","date_gmt":"2021-06-03T13:07:49","guid":{"rendered":"https:\/\/discosdeluxe.com\/?post_type=product&#038;p=1913"},"modified":"2021-12-02T10:17:57","modified_gmt":"2021-12-02T10:17:57","slug":"annie-lennox-a-chritmas-cornucopia-1-lp-edicion-10-aniversario","status":"publish","type":"product","link":"https:\/\/discosdeluxe.com\/en\/music-store\/annie-lennox-a-chritmas-cornucopia-1-lp-edicion-10-aniversario\/","title":{"rendered":"ANNIE LENNOX &#8221; A CHRISTMAS CORNUCOPIA &#8221; 1 LP, EDICI\u00d3N 10 ANIVERSARIO"},"content":{"rendered":"<p>1 VINILO 180 GR.<\/p>\n<p>EDICI\u00d3N LIMITADA.<\/p>\n<p>CONTIENE C\u00d3DIGO DE DESCARGA.<\/p>\n<p>CONTIENE UNA NUEVA CANCI\u00d3N &#8221; DIDO&#8217;S LAMENT &#8220;<\/p>\n","protected":false},"excerpt":{"rendered":"<p>1 VINILO 180 GR. EDICI\u00d3N LIMITADA. CONTIENE C\u00d3DIGO DE DESCARGA. CONTIENE UNA NUEVA CANCI\u00d3N &#8221; DIDO&#8217;S LAMENT &#8220;<\/p>\n","protected":false},"featured_media":1914,"comment_status":"open","ping_status":"closed","template":"","meta":[],"product_brand":[],"product_cat":[165,88,86,93,111],"product_tag":[],"class_list":{"0":"post-1913","1":"product","2":"type-product","3":"status-publish","4":"has-post-thumbnail","6":"product_cat-annie-lennox","7":"product_cat-edicion-limitada","8":"product_cat-novedades","9":"product_cat-pop","10":"product_cat-vinilos-lp","12":"first","13":"instock","14":"shipping-taxable","15":"purchasable","16":"product-type-simple"},"acf":[],"yoast_head":"<!-- This site is optimized with the Yoast SEO plugin v27.3 - https:\/\/yoast.com\/product\/yoast-seo-wordpress\/ -->\n<title>ANNIE LENNOX &quot; A CHRISTMAS CORNUCOPIA &quot; 1 LP, EDICI\u00d3N 10 ANIVERSARIO - Online record and vinyl store, Discos Deluxe<\/title>\n<meta name=\"robots\" content=\"index, follow, max-snippet:-1, max-image-preview:large, max-video-preview:-1\" \/>\n<link rel=\"canonical\" href=\"https:\/\/discosdeluxe.com\/en\/music-store\/annie-lennox-a-chritmas-cornucopia-1-lp-edicion-10-aniversario\/\" \/>\n<meta property=\"og:locale\" content=\"en_US\" \/>\n<meta property=\"og:type\" content=\"article\" \/>\n<meta property=\"og:title\" content=\"ANNIE LENNOX &quot; A CHRISTMAS CORNUCOPIA &quot; 1 LP, EDICI\u00d3N 10 ANIVERSARIO - Online record and vinyl store, Discos Deluxe\" \/>\n<meta property=\"og:description\" content=\"1 VINILO 180 GR. EDICI\u00d3N LIMITADA. CONTIENE C\u00d3DIGO DE DESCARGA. CONTIENE UNA NUEVA CANCI\u00d3N &#8221; DIDO&#8217;S LAMENT &#8220;\" \/>\n<meta property=\"og:url\" content=\"https:\/\/discosdeluxe.com\/en\/music-store\/annie-lennox-a-chritmas-cornucopia-1-lp-edicion-10-aniversario\/\" \/>\n<meta property=\"og:site_name\" content=\"Online record and vinyl store, Discos Deluxe\" \/>\n<meta property=\"article:publisher\" content=\"https:\/\/www.facebook.com\/DiscosDeluxe\/\" \/>\n<meta property=\"article:modified_time\" content=\"2021-12-02T10:17:57+00:00\" \/>\n<meta property=\"og:image\" content=\"https:\/\/discosdeluxe.com\/wp-content\/uploads\/2021\/06\/IMG_5136-rotated.jpg\" \/>\n\t<meta property=\"og:image:width\" content=\"768\" \/>\n\t<meta property=\"og:image:height\" content=\"576\" \/>\n\t<meta property=\"og:image:type\" content=\"image\/jpeg\" \/>\n<meta name=\"twitter:card\" content=\"summary_large_image\" \/>\n<meta name=\"twitter:label1\" content=\"Est. reading time\" \/>\n\t<meta name=\"twitter:data1\" content=\"1 minute\" \/>\n<script type=\"application\/ld+json\" class=\"yoast-schema-graph\">{\"@context\":\"https:\\\/\\\/schema.org\",\"@graph\":[{\"@type\":\"WebPage\",\"@id\":\"https:\\\/\\\/discosdeluxe.com\\\/en\\\/music-store\\\/annie-lennox-a-chritmas-cornucopia-1-lp-edicion-10-aniversario\\\/\",\"url\":\"https:\\\/\\\/discosdeluxe.com\\\/en\\\/music-store\\\/annie-lennox-a-chritmas-cornucopia-1-lp-edicion-10-aniversario\\\/\",\"name\":\"ANNIE LENNOX \\\" A CHRISTMAS CORNUCOPIA \\\" 1 LP, EDICI\u00d3N 10 ANIVERSARIO - Online record and vinyl store, Discos Deluxe\",\"isPartOf\":{\"@id\":\"https:\\\/\\\/discosdeluxe.com\\\/en\\\/#website\"},\"primaryImageOfPage\":{\"@id\":\"https:\\\/\\\/discosdeluxe.com\\\/en\\\/music-store\\\/annie-lennox-a-chritmas-cornucopia-1-lp-edicion-10-aniversario\\\/#primaryimage\"},\"image\":{\"@id\":\"https:\\\/\\\/discosdeluxe.com\\\/en\\\/music-store\\\/annie-lennox-a-chritmas-cornucopia-1-lp-edicion-10-aniversario\\\/#primaryimage\"},\"thumbnailUrl\":\"https:\\\/\\\/discosdeluxe.com\\\/wp-content\\\/uploads\\\/2021\\\/06\\\/IMG_5136-rotated.jpg\",\"datePublished\":\"2021-06-03T13:07:49+00:00\",\"dateModified\":\"2021-12-02T10:17:57+00:00\",\"breadcrumb\":{\"@id\":\"https:\\\/\\\/discosdeluxe.com\\\/en\\\/music-store\\\/annie-lennox-a-chritmas-cornucopia-1-lp-edicion-10-aniversario\\\/#breadcrumb\"},\"inLanguage\":\"en-US\",\"potentialAction\":[{\"@type\":\"ReadAction\",\"target\":[\"https:\\\/\\\/discosdeluxe.com\\\/en\\\/music-store\\\/annie-lennox-a-chritmas-cornucopia-1-lp-edicion-10-aniversario\\\/\"]}]},{\"@type\":\"ImageObject\",\"inLanguage\":\"en-US\",\"@id\":\"https:\\\/\\\/discosdeluxe.com\\\/en\\\/music-store\\\/annie-lennox-a-chritmas-cornucopia-1-lp-edicion-10-aniversario\\\/#primaryimage\",\"url\":\"https:\\\/\\\/discosdeluxe.com\\\/wp-content\\\/uploads\\\/2021\\\/06\\\/IMG_5136-rotated.jpg\",\"contentUrl\":\"https:\\\/\\\/discosdeluxe.com\\\/wp-content\\\/uploads\\\/2021\\\/06\\\/IMG_5136-rotated.jpg\",\"width\":768,\"height\":576},{\"@type\":\"BreadcrumbList\",\"@id\":\"https:\\\/\\\/discosdeluxe.com\\\/en\\\/music-store\\\/annie-lennox-a-chritmas-cornucopia-1-lp-edicion-10-aniversario\\\/#breadcrumb\",\"itemListElement\":[{\"@type\":\"ListItem\",\"position\":1,\"name\":\"Portada\",\"item\":\"https:\\\/\\\/discosdeluxe.com\\\/en\\\/\"},{\"@type\":\"ListItem\",\"position\":2,\"name\":\"Music store\",\"item\":\"https:\\\/\\\/discosdeluxe.com\\\/en\\\/shop\\\/\"},{\"@type\":\"ListItem\",\"position\":3,\"name\":\"ANNIE LENNOX \u00bb A CHRISTMAS CORNUCOPIA \u00bb 1 LP, EDICI\u00d3N 10 ANIVERSARIO\"}]},{\"@type\":\"WebSite\",\"@id\":\"https:\\\/\\\/discosdeluxe.com\\\/en\\\/#website\",\"url\":\"https:\\\/\\\/discosdeluxe.com\\\/en\\\/\",\"name\":\"Tienda de discos y vinilos online, Discos Deluxe\",\"description\":\"Deluxe Records, your vinyl store, buy online. Find all the new music, rarities, LPs, 7\\\" singles, limited editions, ...\",\"publisher\":{\"@id\":\"https:\\\/\\\/discosdeluxe.com\\\/en\\\/#organization\"},\"alternateName\":\"Discos Deluxe\",\"potentialAction\":[{\"@type\":\"SearchAction\",\"target\":{\"@type\":\"EntryPoint\",\"urlTemplate\":\"https:\\\/\\\/discosdeluxe.com\\\/en\\\/?s={search_term_string}\"},\"query-input\":{\"@type\":\"PropertyValueSpecification\",\"valueRequired\":true,\"valueName\":\"search_term_string\"}}],\"inLanguage\":\"en-US\"},{\"@type\":\"Organization\",\"@id\":\"https:\\\/\\\/discosdeluxe.com\\\/en\\\/#organization\",\"name\":\"Discos Deluxe\",\"url\":\"https:\\\/\\\/discosdeluxe.com\\\/en\\\/\",\"logo\":{\"@type\":\"ImageObject\",\"inLanguage\":\"en-US\",\"@id\":\"https:\\\/\\\/discosdeluxe.com\\\/en\\\/#\\\/schema\\\/logo\\\/image\\\/\",\"url\":\"https:\\\/\\\/discosdeluxe.com\\\/wp-content\\\/uploads\\\/2021\\\/05\\\/logo-discos-deluxe.png\",\"contentUrl\":\"https:\\\/\\\/discosdeluxe.com\\\/wp-content\\\/uploads\\\/2021\\\/05\\\/logo-discos-deluxe.png\",\"width\":657,\"height\":200,\"caption\":\"Discos Deluxe\"},\"image\":{\"@id\":\"https:\\\/\\\/discosdeluxe.com\\\/en\\\/#\\\/schema\\\/logo\\\/image\\\/\"},\"sameAs\":[\"https:\\\/\\\/www.facebook.com\\\/DiscosDeluxe\\\/\",\"https:\\\/\\\/www.instagram.com\\\/discosdeluxemusic\\\/\"]}]}<\/script>\n<!-- \/ Yoast SEO plugin. -->","yoast_head_json":{"title":"ANNIE LENNOX \" A CHRISTMAS CORNUCOPIA \" 1 LP, EDICI\u00d3N 10 ANIVERSARIO - Online record and vinyl store, Discos Deluxe","robots":{"index":"index","follow":"follow","max-snippet":"max-snippet:-1","max-image-preview":"max-image-preview:large","max-video-preview":"max-video-preview:-1"},"canonical":"https:\/\/discosdeluxe.com\/en\/music-store\/annie-lennox-a-chritmas-cornucopia-1-lp-edicion-10-aniversario\/","og_locale":"en_US","og_type":"article","og_title":"ANNIE LENNOX \" A CHRISTMAS CORNUCOPIA \" 1 LP, EDICI\u00d3N 10 ANIVERSARIO - Online record and vinyl store, Discos Deluxe","og_description":"1 VINILO 180 GR. EDICI\u00d3N LIMITADA. CONTIENE C\u00d3DIGO DE DESCARGA. CONTIENE UNA NUEVA CANCI\u00d3N &#8221; DIDO&#8217;S LAMENT &#8220;","og_url":"https:\/\/discosdeluxe.com\/en\/music-store\/annie-lennox-a-chritmas-cornucopia-1-lp-edicion-10-aniversario\/","og_site_name":"Online record and vinyl store, Discos Deluxe","article_publisher":"https:\/\/www.facebook.com\/DiscosDeluxe\/","article_modified_time":"2021-12-02T10:17:57+00:00","og_image":[{"width":768,"height":576,"url":"https:\/\/discosdeluxe.com\/wp-content\/uploads\/2021\/06\/IMG_5136-rotated.jpg","type":"image\/jpeg"}],"twitter_card":"summary_large_image","twitter_misc":{"Est. reading time":"1 minute"},"schema":{"@context":"https:\/\/schema.org","@graph":[{"@type":"WebPage","@id":"https:\/\/discosdeluxe.com\/en\/music-store\/annie-lennox-a-chritmas-cornucopia-1-lp-edicion-10-aniversario\/","url":"https:\/\/discosdeluxe.com\/en\/music-store\/annie-lennox-a-chritmas-cornucopia-1-lp-edicion-10-aniversario\/","name":"ANNIE LENNOX \" A CHRISTMAS CORNUCOPIA \" 1 LP, EDICI\u00d3N 10 ANIVERSARIO - Online record and vinyl store, Discos Deluxe","isPartOf":{"@id":"https:\/\/discosdeluxe.com\/en\/#website"},"primaryImageOfPage":{"@id":"https:\/\/discosdeluxe.com\/en\/music-store\/annie-lennox-a-chritmas-cornucopia-1-lp-edicion-10-aniversario\/#primaryimage"},"image":{"@id":"https:\/\/discosdeluxe.com\/en\/music-store\/annie-lennox-a-chritmas-cornucopia-1-lp-edicion-10-aniversario\/#primaryimage"},"thumbnailUrl":"https:\/\/discosdeluxe.com\/wp-content\/uploads\/2021\/06\/IMG_5136-rotated.jpg","datePublished":"2021-06-03T13:07:49+00:00","dateModified":"2021-12-02T10:17:57+00:00","breadcrumb":{"@id":"https:\/\/discosdeluxe.com\/en\/music-store\/annie-lennox-a-chritmas-cornucopia-1-lp-edicion-10-aniversario\/#breadcrumb"},"inLanguage":"en-US","potentialAction":[{"@type":"ReadAction","target":["https:\/\/discosdeluxe.com\/en\/music-store\/annie-lennox-a-chritmas-cornucopia-1-lp-edicion-10-aniversario\/"]}]},{"@type":"ImageObject","inLanguage":"en-US","@id":"https:\/\/discosdeluxe.com\/en\/music-store\/annie-lennox-a-chritmas-cornucopia-1-lp-edicion-10-aniversario\/#primaryimage","url":"https:\/\/discosdeluxe.com\/wp-content\/uploads\/2021\/06\/IMG_5136-rotated.jpg","contentUrl":"https:\/\/discosdeluxe.com\/wp-content\/uploads\/2021\/06\/IMG_5136-rotated.jpg","width":768,"height":576},{"@type":"BreadcrumbList","@id":"https:\/\/discosdeluxe.com\/en\/music-store\/annie-lennox-a-chritmas-cornucopia-1-lp-edicion-10-aniversario\/#breadcrumb","itemListElement":[{"@type":"ListItem","position":1,"name":"Portada","item":"https:\/\/discosdeluxe.com\/en\/"},{"@type":"ListItem","position":2,"name":"Music store","item":"https:\/\/discosdeluxe.com\/en\/shop\/"},{"@type":"ListItem","position":3,"name":"ANNIE LENNOX \u00bb A CHRISTMAS CORNUCOPIA \u00bb 1 LP, EDICI\u00d3N 10 ANIVERSARIO"}]},{"@type":"WebSite","@id":"https:\/\/discosdeluxe.com\/en\/#website","url":"https:\/\/discosdeluxe.com\/en\/","name":"Tienda de discos y vinilos online, Discos Deluxe","description":"Deluxe Records, your vinyl store, buy online. Find all the new music, rarities, LPs, 7\" singles, limited editions, ...","publisher":{"@id":"https:\/\/discosdeluxe.com\/en\/#organization"},"alternateName":"Discos Deluxe","potentialAction":[{"@type":"SearchAction","target":{"@type":"EntryPoint","urlTemplate":"https:\/\/discosdeluxe.com\/en\/?s={search_term_string}"},"query-input":{"@type":"PropertyValueSpecification","valueRequired":true,"valueName":"search_term_string"}}],"inLanguage":"en-US"},{"@type":"Organization","@id":"https:\/\/discosdeluxe.com\/en\/#organization","name":"Discos Deluxe","url":"https:\/\/discosdeluxe.com\/en\/","logo":{"@type":"ImageObject","inLanguage":"en-US","@id":"https:\/\/discosdeluxe.com\/en\/#\/schema\/logo\/image\/","url":"https:\/\/discosdeluxe.com\/wp-content\/uploads\/2021\/05\/logo-discos-deluxe.png","contentUrl":"https:\/\/discosdeluxe.com\/wp-content\/uploads\/2021\/05\/logo-discos-deluxe.png","width":657,"height":200,"caption":"Discos Deluxe"},"image":{"@id":"https:\/\/discosdeluxe.com\/en\/#\/schema\/logo\/image\/"},"sameAs":["https:\/\/www.facebook.com\/DiscosDeluxe\/","https:\/\/www.instagram.com\/discosdeluxemusic\/"]}]}},"_links":{"self":[{"href":"https:\/\/discosdeluxe.com\/en\/wp-json\/wp\/v2\/product\/1913","targetHints":{"allow":["GET"]}}],"collection":[{"href":"https:\/\/discosdeluxe.com\/en\/wp-json\/wp\/v2\/product"}],"about":[{"href":"https:\/\/discosdeluxe.com\/en\/wp-json\/wp\/v2\/types\/product"}],"replies":[{"embeddable":true,"href":"https:\/\/discosdeluxe.com\/en\/wp-json\/wp\/v2\/comments?post=1913"}],"wp:featuredmedia":[{"embeddable":true,"href":"https:\/\/discosdeluxe.com\/en\/wp-json\/wp\/v2\/media\/1914"}],"wp:attachment":[{"href":"https:\/\/discosdeluxe.com\/en\/wp-json\/wp\/v2\/media?parent=1913"}],"wp:term":[{"taxonomy":"product_brand","embeddable":true,"href":"https:\/\/discosdeluxe.com\/en\/wp-json\/wp\/v2\/product_brand?post=1913"},{"taxonomy":"product_cat","embeddable":true,"href":"https:\/\/discosdeluxe.com\/en\/wp-json\/wp\/v2\/product_cat?post=1913"},{"taxonomy":"product_tag","embeddable":true,"href":"https:\/\/discosdeluxe.com\/en\/wp-json\/wp\/v2\/product_tag?post=1913"}],"curies":[{"name":"wp","href":"https:\/\/api.w.org\/{rel}","templated":true}]}}