{"id":2386,"date":"2021-06-09T09:45:28","date_gmt":"2021-06-09T09:45:28","guid":{"rendered":"https:\/\/discosdeluxe.com\/?post_type=product&#038;p=2386"},"modified":"2021-07-27T15:20:42","modified_gmt":"2021-07-27T15:20:42","slug":"paul-mccartney-band-on-the-run-1-lp-picture-disc-edicion-limitada-ver-descripcion","status":"publish","type":"product","link":"https:\/\/discosdeluxe.com\/en\/music-store\/paul-mccartney-band-on-the-run-1-lp-picture-disc-edicion-limitada-ver-descripcion\/","title":{"rendered":"PAUL MCCARTNEY &#8221; BAND ON THE RUN &#8221; 1 LP PICTURE DISC, EDICI\u00d3N LIMITADA. VER DESCRIPCI\u00d3N"},"content":{"rendered":"<p>EDICI\u00d3N LIMITADA PICTURE DISC. GRAN PIEZA DE COLECCIONISTA!!!!!<\/p>\n<p>MUY DIF\u00cdCIL DE CONSEGUIR.<\/p>\n<p>LA PORTADA SE NOTA EL USO, UN POCO ARRUGADA, EL VINILO EN MUY BUEN ESTADO.<\/p>\n<p>PARA MEJOR DESCRIPCI\u00d3N, MIRAR FOTOS.<\/p>\n<p>EDICI\u00d3N DEL 1978<\/p>\n","protected":false},"excerpt":{"rendered":"<p>EDICI\u00d3N LIMITADA PICTURE DISC. GRAN PIEZA DE COLECCIONISTA!!!!! MUY DIF\u00cdCIL DE CONSEGUIR. LA PORTADA SE NOTA EL USO, UN POCO ARRUGADA, EL VINILO EN MUY BUEN ESTADO. PARA MEJOR DESCRIPCI\u00d3N, MIRAR FOTOS. EDICI\u00d3N DEL 1978<\/p>\n","protected":false},"featured_media":2387,"template":"","meta":[],"product_brand":[],"product_cat":[88,181,131,87,92,90,111],"product_tag":[],"class_list":{"0":"post-2386","1":"product","2":"type-product","3":"status-publish","4":"has-post-thumbnail","6":"product_cat-edicion-limitada","7":"product_cat-paul-mccartney","8":"product_cat-picture-disc","9":"product_cat-rarezas","10":"product_cat-rock","11":"product_cat-segunda-mano","12":"product_cat-vinilos-lp","14":"first","15":"instock","16":"sale","17":"shipping-taxable","18":"purchasable","19":"product-type-simple"},"acf":[],"yoast_head":"<!-- This site is optimized with the Yoast SEO plugin v27.3 - https:\/\/yoast.com\/product\/yoast-seo-wordpress\/ -->\n<title>PAUL MCCARTNEY &quot; BAND ON THE RUN &quot; 1 LP PICTURE DISC, EDICI\u00d3N LIMITADA. VER DESCRIPCI\u00d3N - Online record and vinyl store, Discos Deluxe<\/title>\n<meta name=\"robots\" content=\"index, follow, max-snippet:-1, max-image-preview:large, max-video-preview:-1\" \/>\n<link rel=\"canonical\" href=\"https:\/\/discosdeluxe.com\/en\/music-store\/paul-mccartney-band-on-the-run-1-lp-picture-disc-edicion-limitada-ver-descripcion\/\" \/>\n<meta property=\"og:locale\" content=\"en_US\" \/>\n<meta property=\"og:type\" content=\"article\" \/>\n<meta property=\"og:title\" content=\"PAUL MCCARTNEY &quot; BAND ON THE RUN &quot; 1 LP PICTURE DISC, EDICI\u00d3N LIMITADA. VER DESCRIPCI\u00d3N - Online record and vinyl store, Discos Deluxe\" \/>\n<meta property=\"og:description\" content=\"EDICI\u00d3N LIMITADA PICTURE DISC. GRAN PIEZA DE COLECCIONISTA!!!!! MUY DIF\u00cdCIL DE CONSEGUIR. LA PORTADA SE NOTA EL USO, UN POCO ARRUGADA, EL VINILO EN MUY BUEN ESTADO. PARA MEJOR DESCRIPCI\u00d3N, MIRAR FOTOS. EDICI\u00d3N DEL 1978\" \/>\n<meta property=\"og:url\" content=\"https:\/\/discosdeluxe.com\/en\/music-store\/paul-mccartney-band-on-the-run-1-lp-picture-disc-edicion-limitada-ver-descripcion\/\" \/>\n<meta property=\"og:site_name\" content=\"Online record and vinyl store, Discos Deluxe\" \/>\n<meta property=\"article:publisher\" content=\"https:\/\/www.facebook.com\/DiscosDeluxe\/\" \/>\n<meta property=\"article:modified_time\" content=\"2021-07-27T15:20:42+00:00\" \/>\n<meta property=\"og:image\" content=\"https:\/\/discosdeluxe.com\/wp-content\/uploads\/2021\/06\/IMG_7072-rotated.jpg\" \/>\n\t<meta property=\"og:image:width\" content=\"768\" \/>\n\t<meta property=\"og:image:height\" content=\"576\" \/>\n\t<meta property=\"og:image:type\" content=\"image\/jpeg\" \/>\n<meta name=\"twitter:card\" content=\"summary_large_image\" \/>\n<meta name=\"twitter:label1\" content=\"Est. reading time\" \/>\n\t<meta name=\"twitter:data1\" content=\"1 minute\" \/>\n<script type=\"application\/ld+json\" class=\"yoast-schema-graph\">{\"@context\":\"https:\\\/\\\/schema.org\",\"@graph\":[{\"@type\":\"WebPage\",\"@id\":\"https:\\\/\\\/discosdeluxe.com\\\/en\\\/music-store\\\/paul-mccartney-band-on-the-run-1-lp-picture-disc-edicion-limitada-ver-descripcion\\\/\",\"url\":\"https:\\\/\\\/discosdeluxe.com\\\/en\\\/music-store\\\/paul-mccartney-band-on-the-run-1-lp-picture-disc-edicion-limitada-ver-descripcion\\\/\",\"name\":\"PAUL MCCARTNEY \\\" BAND ON THE RUN \\\" 1 LP PICTURE DISC, EDICI\u00d3N LIMITADA. VER DESCRIPCI\u00d3N - Online record and vinyl store, Discos Deluxe\",\"isPartOf\":{\"@id\":\"https:\\\/\\\/discosdeluxe.com\\\/en\\\/#website\"},\"primaryImageOfPage\":{\"@id\":\"https:\\\/\\\/discosdeluxe.com\\\/en\\\/music-store\\\/paul-mccartney-band-on-the-run-1-lp-picture-disc-edicion-limitada-ver-descripcion\\\/#primaryimage\"},\"image\":{\"@id\":\"https:\\\/\\\/discosdeluxe.com\\\/en\\\/music-store\\\/paul-mccartney-band-on-the-run-1-lp-picture-disc-edicion-limitada-ver-descripcion\\\/#primaryimage\"},\"thumbnailUrl\":\"https:\\\/\\\/discosdeluxe.com\\\/wp-content\\\/uploads\\\/2021\\\/06\\\/IMG_7072-rotated.jpg\",\"datePublished\":\"2021-06-09T09:45:28+00:00\",\"dateModified\":\"2021-07-27T15:20:42+00:00\",\"breadcrumb\":{\"@id\":\"https:\\\/\\\/discosdeluxe.com\\\/en\\\/music-store\\\/paul-mccartney-band-on-the-run-1-lp-picture-disc-edicion-limitada-ver-descripcion\\\/#breadcrumb\"},\"inLanguage\":\"en-US\",\"potentialAction\":[{\"@type\":\"ReadAction\",\"target\":[\"https:\\\/\\\/discosdeluxe.com\\\/en\\\/music-store\\\/paul-mccartney-band-on-the-run-1-lp-picture-disc-edicion-limitada-ver-descripcion\\\/\"]}]},{\"@type\":\"ImageObject\",\"inLanguage\":\"en-US\",\"@id\":\"https:\\\/\\\/discosdeluxe.com\\\/en\\\/music-store\\\/paul-mccartney-band-on-the-run-1-lp-picture-disc-edicion-limitada-ver-descripcion\\\/#primaryimage\",\"url\":\"https:\\\/\\\/discosdeluxe.com\\\/wp-content\\\/uploads\\\/2021\\\/06\\\/IMG_7072-rotated.jpg\",\"contentUrl\":\"https:\\\/\\\/discosdeluxe.com\\\/wp-content\\\/uploads\\\/2021\\\/06\\\/IMG_7072-rotated.jpg\",\"width\":768,\"height\":576},{\"@type\":\"BreadcrumbList\",\"@id\":\"https:\\\/\\\/discosdeluxe.com\\\/en\\\/music-store\\\/paul-mccartney-band-on-the-run-1-lp-picture-disc-edicion-limitada-ver-descripcion\\\/#breadcrumb\",\"itemListElement\":[{\"@type\":\"ListItem\",\"position\":1,\"name\":\"Portada\",\"item\":\"https:\\\/\\\/discosdeluxe.com\\\/en\\\/\"},{\"@type\":\"ListItem\",\"position\":2,\"name\":\"Music store\",\"item\":\"https:\\\/\\\/discosdeluxe.com\\\/en\\\/shop\\\/\"},{\"@type\":\"ListItem\",\"position\":3,\"name\":\"PAUL MCCARTNEY \u00bb BAND ON THE RUN \u00bb 1 LP PICTURE DISC, EDICI\u00d3N LIMITADA. VER DESCRIPCI\u00d3N\"}]},{\"@type\":\"WebSite\",\"@id\":\"https:\\\/\\\/discosdeluxe.com\\\/en\\\/#website\",\"url\":\"https:\\\/\\\/discosdeluxe.com\\\/en\\\/\",\"name\":\"Tienda de discos y vinilos online, Discos Deluxe\",\"description\":\"Deluxe Records, your vinyl store, buy online. Find all the new music, rarities, LPs, 7\\\" singles, limited editions, ...\",\"publisher\":{\"@id\":\"https:\\\/\\\/discosdeluxe.com\\\/en\\\/#organization\"},\"alternateName\":\"Discos Deluxe\",\"potentialAction\":[{\"@type\":\"SearchAction\",\"target\":{\"@type\":\"EntryPoint\",\"urlTemplate\":\"https:\\\/\\\/discosdeluxe.com\\\/en\\\/?s={search_term_string}\"},\"query-input\":{\"@type\":\"PropertyValueSpecification\",\"valueRequired\":true,\"valueName\":\"search_term_string\"}}],\"inLanguage\":\"en-US\"},{\"@type\":\"Organization\",\"@id\":\"https:\\\/\\\/discosdeluxe.com\\\/en\\\/#organization\",\"name\":\"Discos Deluxe\",\"url\":\"https:\\\/\\\/discosdeluxe.com\\\/en\\\/\",\"logo\":{\"@type\":\"ImageObject\",\"inLanguage\":\"en-US\",\"@id\":\"https:\\\/\\\/discosdeluxe.com\\\/en\\\/#\\\/schema\\\/logo\\\/image\\\/\",\"url\":\"https:\\\/\\\/discosdeluxe.com\\\/wp-content\\\/uploads\\\/2021\\\/05\\\/logo-discos-deluxe.png\",\"contentUrl\":\"https:\\\/\\\/discosdeluxe.com\\\/wp-content\\\/uploads\\\/2021\\\/05\\\/logo-discos-deluxe.png\",\"width\":657,\"height\":200,\"caption\":\"Discos Deluxe\"},\"image\":{\"@id\":\"https:\\\/\\\/discosdeluxe.com\\\/en\\\/#\\\/schema\\\/logo\\\/image\\\/\"},\"sameAs\":[\"https:\\\/\\\/www.facebook.com\\\/DiscosDeluxe\\\/\",\"https:\\\/\\\/www.instagram.com\\\/discosdeluxemusic\\\/\"]}]}<\/script>\n<!-- \/ Yoast SEO plugin. -->","yoast_head_json":{"title":"PAUL MCCARTNEY \" BAND ON THE RUN \" 1 LP PICTURE DISC, EDICI\u00d3N LIMITADA. VER DESCRIPCI\u00d3N - Online record and vinyl store, Discos Deluxe","robots":{"index":"index","follow":"follow","max-snippet":"max-snippet:-1","max-image-preview":"max-image-preview:large","max-video-preview":"max-video-preview:-1"},"canonical":"https:\/\/discosdeluxe.com\/en\/music-store\/paul-mccartney-band-on-the-run-1-lp-picture-disc-edicion-limitada-ver-descripcion\/","og_locale":"en_US","og_type":"article","og_title":"PAUL MCCARTNEY \" BAND ON THE RUN \" 1 LP PICTURE DISC, EDICI\u00d3N LIMITADA. VER DESCRIPCI\u00d3N - Online record and vinyl store, Discos Deluxe","og_description":"EDICI\u00d3N LIMITADA PICTURE DISC. GRAN PIEZA DE COLECCIONISTA!!!!! MUY DIF\u00cdCIL DE CONSEGUIR. LA PORTADA SE NOTA EL USO, UN POCO ARRUGADA, EL VINILO EN MUY BUEN ESTADO. PARA MEJOR DESCRIPCI\u00d3N, MIRAR FOTOS. EDICI\u00d3N DEL 1978","og_url":"https:\/\/discosdeluxe.com\/en\/music-store\/paul-mccartney-band-on-the-run-1-lp-picture-disc-edicion-limitada-ver-descripcion\/","og_site_name":"Online record and vinyl store, Discos Deluxe","article_publisher":"https:\/\/www.facebook.com\/DiscosDeluxe\/","article_modified_time":"2021-07-27T15:20:42+00:00","og_image":[{"width":768,"height":576,"url":"https:\/\/discosdeluxe.com\/wp-content\/uploads\/2021\/06\/IMG_7072-rotated.jpg","type":"image\/jpeg"}],"twitter_card":"summary_large_image","twitter_misc":{"Est. reading time":"1 minute"},"schema":{"@context":"https:\/\/schema.org","@graph":[{"@type":"WebPage","@id":"https:\/\/discosdeluxe.com\/en\/music-store\/paul-mccartney-band-on-the-run-1-lp-picture-disc-edicion-limitada-ver-descripcion\/","url":"https:\/\/discosdeluxe.com\/en\/music-store\/paul-mccartney-band-on-the-run-1-lp-picture-disc-edicion-limitada-ver-descripcion\/","name":"PAUL MCCARTNEY \" BAND ON THE RUN \" 1 LP PICTURE DISC, EDICI\u00d3N LIMITADA. VER DESCRIPCI\u00d3N - Online record and vinyl store, Discos Deluxe","isPartOf":{"@id":"https:\/\/discosdeluxe.com\/en\/#website"},"primaryImageOfPage":{"@id":"https:\/\/discosdeluxe.com\/en\/music-store\/paul-mccartney-band-on-the-run-1-lp-picture-disc-edicion-limitada-ver-descripcion\/#primaryimage"},"image":{"@id":"https:\/\/discosdeluxe.com\/en\/music-store\/paul-mccartney-band-on-the-run-1-lp-picture-disc-edicion-limitada-ver-descripcion\/#primaryimage"},"thumbnailUrl":"https:\/\/discosdeluxe.com\/wp-content\/uploads\/2021\/06\/IMG_7072-rotated.jpg","datePublished":"2021-06-09T09:45:28+00:00","dateModified":"2021-07-27T15:20:42+00:00","breadcrumb":{"@id":"https:\/\/discosdeluxe.com\/en\/music-store\/paul-mccartney-band-on-the-run-1-lp-picture-disc-edicion-limitada-ver-descripcion\/#breadcrumb"},"inLanguage":"en-US","potentialAction":[{"@type":"ReadAction","target":["https:\/\/discosdeluxe.com\/en\/music-store\/paul-mccartney-band-on-the-run-1-lp-picture-disc-edicion-limitada-ver-descripcion\/"]}]},{"@type":"ImageObject","inLanguage":"en-US","@id":"https:\/\/discosdeluxe.com\/en\/music-store\/paul-mccartney-band-on-the-run-1-lp-picture-disc-edicion-limitada-ver-descripcion\/#primaryimage","url":"https:\/\/discosdeluxe.com\/wp-content\/uploads\/2021\/06\/IMG_7072-rotated.jpg","contentUrl":"https:\/\/discosdeluxe.com\/wp-content\/uploads\/2021\/06\/IMG_7072-rotated.jpg","width":768,"height":576},{"@type":"BreadcrumbList","@id":"https:\/\/discosdeluxe.com\/en\/music-store\/paul-mccartney-band-on-the-run-1-lp-picture-disc-edicion-limitada-ver-descripcion\/#breadcrumb","itemListElement":[{"@type":"ListItem","position":1,"name":"Portada","item":"https:\/\/discosdeluxe.com\/en\/"},{"@type":"ListItem","position":2,"name":"Music store","item":"https:\/\/discosdeluxe.com\/en\/shop\/"},{"@type":"ListItem","position":3,"name":"PAUL MCCARTNEY \u00bb BAND ON THE RUN \u00bb 1 LP PICTURE DISC, EDICI\u00d3N LIMITADA. VER DESCRIPCI\u00d3N"}]},{"@type":"WebSite","@id":"https:\/\/discosdeluxe.com\/en\/#website","url":"https:\/\/discosdeluxe.com\/en\/","name":"Tienda de discos y vinilos online, Discos Deluxe","description":"Deluxe Records, your vinyl store, buy online. Find all the new music, rarities, LPs, 7\" singles, limited editions, ...","publisher":{"@id":"https:\/\/discosdeluxe.com\/en\/#organization"},"alternateName":"Discos Deluxe","potentialAction":[{"@type":"SearchAction","target":{"@type":"EntryPoint","urlTemplate":"https:\/\/discosdeluxe.com\/en\/?s={search_term_string}"},"query-input":{"@type":"PropertyValueSpecification","valueRequired":true,"valueName":"search_term_string"}}],"inLanguage":"en-US"},{"@type":"Organization","@id":"https:\/\/discosdeluxe.com\/en\/#organization","name":"Discos Deluxe","url":"https:\/\/discosdeluxe.com\/en\/","logo":{"@type":"ImageObject","inLanguage":"en-US","@id":"https:\/\/discosdeluxe.com\/en\/#\/schema\/logo\/image\/","url":"https:\/\/discosdeluxe.com\/wp-content\/uploads\/2021\/05\/logo-discos-deluxe.png","contentUrl":"https:\/\/discosdeluxe.com\/wp-content\/uploads\/2021\/05\/logo-discos-deluxe.png","width":657,"height":200,"caption":"Discos Deluxe"},"image":{"@id":"https:\/\/discosdeluxe.com\/en\/#\/schema\/logo\/image\/"},"sameAs":["https:\/\/www.facebook.com\/DiscosDeluxe\/","https:\/\/www.instagram.com\/discosdeluxemusic\/"]}]}},"_links":{"self":[{"href":"https:\/\/discosdeluxe.com\/en\/wp-json\/wp\/v2\/product\/2386","targetHints":{"allow":["GET"]}}],"collection":[{"href":"https:\/\/discosdeluxe.com\/en\/wp-json\/wp\/v2\/product"}],"about":[{"href":"https:\/\/discosdeluxe.com\/en\/wp-json\/wp\/v2\/types\/product"}],"wp:featuredmedia":[{"embeddable":true,"href":"https:\/\/discosdeluxe.com\/en\/wp-json\/wp\/v2\/media\/2387"}],"wp:attachment":[{"href":"https:\/\/discosdeluxe.com\/en\/wp-json\/wp\/v2\/media?parent=2386"}],"wp:term":[{"taxonomy":"product_brand","embeddable":true,"href":"https:\/\/discosdeluxe.com\/en\/wp-json\/wp\/v2\/product_brand?post=2386"},{"taxonomy":"product_cat","embeddable":true,"href":"https:\/\/discosdeluxe.com\/en\/wp-json\/wp\/v2\/product_cat?post=2386"},{"taxonomy":"product_tag","embeddable":true,"href":"https:\/\/discosdeluxe.com\/en\/wp-json\/wp\/v2\/product_tag?post=2386"}],"curies":[{"name":"wp","href":"https:\/\/api.w.org\/{rel}","templated":true}]}}