{"id":25526,"date":"2025-05-23T13:43:14","date_gmt":"2025-05-23T13:43:14","guid":{"rendered":"https:\/\/discosdeluxe.com\/music-store\/ole-ole-todos-sus-grandes-exitos-con-marta-sanchez-1-lp-ed-limitada-vinilo-de-color\/"},"modified":"2025-05-23T13:46:32","modified_gmt":"2025-05-23T13:46:32","slug":"ole-ole-todos-sus-grandes-exitos-con-marta-sanchez-1-lp-ed-limitada-vinilo-de-color","status":"publish","type":"product","link":"https:\/\/discosdeluxe.com\/en\/music-store\/ole-ole-todos-sus-grandes-exitos-con-marta-sanchez-1-lp-ed-limitada-vinilo-de-color\/","title":{"rendered":"OLE OLE &#8221; TODOS SUS GRANDES EXITOS CON MARTA SANCHEZ &#8221; 1 LP. LIMITED EDITION. COLOURED VINYL"},"content":{"rendered":"<p><a href=\"http:\/\/OLE%20OLE%20%22%20TODOS%20SUS...%20%22\">OLE OLE<\/a> &#8221; <a href=\"https:\/\/discosdeluxe.com\/tienda-musica\/ole-ole-todos-su%E2%80%A6-vinilo-de-color\/\">TODOS SUS GRANDES EXITOS CON MARTA SANCHEZ<\/a> &#8221; Limited special edition on translucent red vinyl of &#8220;Ol\u00e9 Ol\u00e9, all his greatest hits with Marta S\u00e1nchez.&#8221;<\/p>\n<p>This album covers for the first time all the greatest hits that Ol\u00e9 Ol\u00e9 achieved during the time when Marta S\u00e1nchez led the band.<\/p>\n<p>Her time with Ol\u00e9 Ol\u00e9 resulted in four magnificent albums: &#8216;Bailando sin salir de casa&#8217;, &#8216;Los caballeros las est\u00e1s est\u00e1s rubias&#8217;, &#8216;Cuatro hombres para Eva&#8217; and &#8216;1990&#8217;. Songs like her version of &#8216;Lil\u00ed Marlen&#8217;, &#8216;Yo soy infiel&#8217;, &#8216;Secretos&#8217;, &#8216;D\u00e9jame sola&#8217; and the enormous &#8216;Soldados del amor&#8217; are collected in this album that pays tribute to one of the most admired and recognizable voices in Spanish pop. <\/p>\n","protected":false},"excerpt":{"rendered":"<p>OLE OLE &#8221; TODOS SUS GRANDES EXITOS CON MARTA SANCHEZ &#8221; Limited special edition on translucent red vinyl of &#8220;Ol\u00e9 Ol\u00e9, all his greatest hits with Marta S\u00e1nchez.&#8221; This album covers for the first time all the greatest hits that Ol\u00e9 Ol\u00e9 achieved during the time when Marta S\u00e1nchez led the band. Her time with [&hellip;]<\/p>\n","protected":false},"featured_media":25523,"comment_status":"open","ping_status":"closed","template":"","meta":[],"product_brand":[],"product_cat":[805,808,802,1359,1159,806],"product_tag":[],"class_list":{"0":"post-25526","1":"product","2":"type-product","3":"status-publish","4":"has-post-thumbnail","6":"product_cat-colored-vinyls","7":"product_cat-limited-edition","8":"product_cat-new-releases","9":"product_cat-ole-ole-en","10":"product_cat-pop-en","11":"product_cat-vinyl-lps","13":"first","14":"instock","15":"shipping-taxable","16":"purchasable","17":"product-type-simple"},"acf":[],"yoast_head":"<!-- This site is optimized with the Yoast SEO plugin v27.3 - https:\/\/yoast.com\/product\/yoast-seo-wordpress\/ -->\n<title>OLE OLE &quot; TODOS SUS... &quot;<\/title>\n<meta name=\"description\" content=\"OLE OLE &quot; TODOS SUS GRANDES EXITOS CON MARTA SANCHEZ &quot; Limited edition. Coloured vinyl. Now in our store on line\" \/>\n<meta name=\"robots\" content=\"index, follow, max-snippet:-1, max-image-preview:large, max-video-preview:-1\" \/>\n<link rel=\"canonical\" href=\"https:\/\/discosdeluxe.com\/en\/music-store\/ole-ole-todos-sus-grandes-exitos-con-marta-sanchez-1-lp-ed-limitada-vinilo-de-color\/\" \/>\n<meta property=\"og:locale\" content=\"en_US\" \/>\n<meta property=\"og:type\" content=\"article\" \/>\n<meta property=\"og:title\" content=\"OLE OLE &quot; TODOS SUS... &quot;\" \/>\n<meta property=\"og:description\" content=\"OLE OLE &quot; TODOS SUS GRANDES EXITOS CON MARTA SANCHEZ &quot; Limited edition. Coloured vinyl. Now in our store on line\" \/>\n<meta property=\"og:url\" content=\"https:\/\/discosdeluxe.com\/en\/music-store\/ole-ole-todos-sus-grandes-exitos-con-marta-sanchez-1-lp-ed-limitada-vinilo-de-color\/\" \/>\n<meta property=\"og:site_name\" content=\"Online record and vinyl store, Discos Deluxe\" \/>\n<meta property=\"article:publisher\" content=\"https:\/\/www.facebook.com\/DiscosDeluxe\/\" \/>\n<meta property=\"article:modified_time\" content=\"2025-05-23T13:46:32+00:00\" \/>\n<meta property=\"og:image\" content=\"https:\/\/discosdeluxe.com\/wp-content\/uploads\/2025\/05\/IMG_5098.jpg\" \/>\n\t<meta property=\"og:image:width\" content=\"1024\" \/>\n\t<meta property=\"og:image:height\" content=\"768\" \/>\n\t<meta property=\"og:image:type\" content=\"image\/jpeg\" \/>\n<meta name=\"twitter:card\" content=\"summary_large_image\" \/>\n<meta name=\"twitter:label1\" content=\"Est. reading time\" \/>\n\t<meta name=\"twitter:data1\" content=\"1 minute\" \/>\n<script type=\"application\/ld+json\" class=\"yoast-schema-graph\">{\"@context\":\"https:\\\/\\\/schema.org\",\"@graph\":[{\"@type\":\"WebPage\",\"@id\":\"https:\\\/\\\/discosdeluxe.com\\\/en\\\/music-store\\\/ole-ole-todos-sus-grandes-exitos-con-marta-sanchez-1-lp-ed-limitada-vinilo-de-color\\\/\",\"url\":\"https:\\\/\\\/discosdeluxe.com\\\/en\\\/music-store\\\/ole-ole-todos-sus-grandes-exitos-con-marta-sanchez-1-lp-ed-limitada-vinilo-de-color\\\/\",\"name\":\"OLE OLE \\\" TODOS SUS... \\\"\",\"isPartOf\":{\"@id\":\"https:\\\/\\\/discosdeluxe.com\\\/en\\\/#website\"},\"primaryImageOfPage\":{\"@id\":\"https:\\\/\\\/discosdeluxe.com\\\/en\\\/music-store\\\/ole-ole-todos-sus-grandes-exitos-con-marta-sanchez-1-lp-ed-limitada-vinilo-de-color\\\/#primaryimage\"},\"image\":{\"@id\":\"https:\\\/\\\/discosdeluxe.com\\\/en\\\/music-store\\\/ole-ole-todos-sus-grandes-exitos-con-marta-sanchez-1-lp-ed-limitada-vinilo-de-color\\\/#primaryimage\"},\"thumbnailUrl\":\"https:\\\/\\\/discosdeluxe.com\\\/wp-content\\\/uploads\\\/2025\\\/05\\\/IMG_5098.jpg\",\"datePublished\":\"2025-05-23T13:43:14+00:00\",\"dateModified\":\"2025-05-23T13:46:32+00:00\",\"description\":\"OLE OLE \\\" TODOS SUS GRANDES EXITOS CON MARTA SANCHEZ \\\" Limited edition. Coloured vinyl. Now in our store on line\",\"breadcrumb\":{\"@id\":\"https:\\\/\\\/discosdeluxe.com\\\/en\\\/music-store\\\/ole-ole-todos-sus-grandes-exitos-con-marta-sanchez-1-lp-ed-limitada-vinilo-de-color\\\/#breadcrumb\"},\"inLanguage\":\"en-US\",\"potentialAction\":[{\"@type\":\"ReadAction\",\"target\":[\"https:\\\/\\\/discosdeluxe.com\\\/en\\\/music-store\\\/ole-ole-todos-sus-grandes-exitos-con-marta-sanchez-1-lp-ed-limitada-vinilo-de-color\\\/\"]}]},{\"@type\":\"ImageObject\",\"inLanguage\":\"en-US\",\"@id\":\"https:\\\/\\\/discosdeluxe.com\\\/en\\\/music-store\\\/ole-ole-todos-sus-grandes-exitos-con-marta-sanchez-1-lp-ed-limitada-vinilo-de-color\\\/#primaryimage\",\"url\":\"https:\\\/\\\/discosdeluxe.com\\\/wp-content\\\/uploads\\\/2025\\\/05\\\/IMG_5098.jpg\",\"contentUrl\":\"https:\\\/\\\/discosdeluxe.com\\\/wp-content\\\/uploads\\\/2025\\\/05\\\/IMG_5098.jpg\",\"width\":1024,\"height\":768,\"caption\":\"OLE OLE\"},{\"@type\":\"BreadcrumbList\",\"@id\":\"https:\\\/\\\/discosdeluxe.com\\\/en\\\/music-store\\\/ole-ole-todos-sus-grandes-exitos-con-marta-sanchez-1-lp-ed-limitada-vinilo-de-color\\\/#breadcrumb\",\"itemListElement\":[{\"@type\":\"ListItem\",\"position\":1,\"name\":\"Portada\",\"item\":\"https:\\\/\\\/discosdeluxe.com\\\/en\\\/\"},{\"@type\":\"ListItem\",\"position\":2,\"name\":\"Music store\",\"item\":\"https:\\\/\\\/discosdeluxe.com\\\/en\\\/shop\\\/\"},{\"@type\":\"ListItem\",\"position\":3,\"name\":\"OLE OLE &#8221; TODOS SUS GRANDES EXITOS CON MARTA SANCHEZ &#8221; 1 LP. LIMITED EDITION. COLOURED VINYL\"}]},{\"@type\":\"WebSite\",\"@id\":\"https:\\\/\\\/discosdeluxe.com\\\/en\\\/#website\",\"url\":\"https:\\\/\\\/discosdeluxe.com\\\/en\\\/\",\"name\":\"Tienda de discos y vinilos online, Discos Deluxe\",\"description\":\"Deluxe Records, your vinyl store, buy online. Find all the new music, rarities, LPs, 7\\\" singles, limited editions, ...\",\"publisher\":{\"@id\":\"https:\\\/\\\/discosdeluxe.com\\\/en\\\/#organization\"},\"alternateName\":\"Discos Deluxe\",\"potentialAction\":[{\"@type\":\"SearchAction\",\"target\":{\"@type\":\"EntryPoint\",\"urlTemplate\":\"https:\\\/\\\/discosdeluxe.com\\\/en\\\/?s={search_term_string}\"},\"query-input\":{\"@type\":\"PropertyValueSpecification\",\"valueRequired\":true,\"valueName\":\"search_term_string\"}}],\"inLanguage\":\"en-US\"},{\"@type\":\"Organization\",\"@id\":\"https:\\\/\\\/discosdeluxe.com\\\/en\\\/#organization\",\"name\":\"Discos Deluxe\",\"url\":\"https:\\\/\\\/discosdeluxe.com\\\/en\\\/\",\"logo\":{\"@type\":\"ImageObject\",\"inLanguage\":\"en-US\",\"@id\":\"https:\\\/\\\/discosdeluxe.com\\\/en\\\/#\\\/schema\\\/logo\\\/image\\\/\",\"url\":\"https:\\\/\\\/discosdeluxe.com\\\/wp-content\\\/uploads\\\/2021\\\/05\\\/logo-discos-deluxe.png\",\"contentUrl\":\"https:\\\/\\\/discosdeluxe.com\\\/wp-content\\\/uploads\\\/2021\\\/05\\\/logo-discos-deluxe.png\",\"width\":657,\"height\":200,\"caption\":\"Discos Deluxe\"},\"image\":{\"@id\":\"https:\\\/\\\/discosdeluxe.com\\\/en\\\/#\\\/schema\\\/logo\\\/image\\\/\"},\"sameAs\":[\"https:\\\/\\\/www.facebook.com\\\/DiscosDeluxe\\\/\",\"https:\\\/\\\/www.instagram.com\\\/discosdeluxemusic\\\/\"]}]}<\/script>\n<!-- \/ Yoast SEO plugin. -->","yoast_head_json":{"title":"OLE OLE \" TODOS SUS... \"","description":"OLE OLE \" TODOS SUS GRANDES EXITOS CON MARTA SANCHEZ \" Limited edition. Coloured vinyl. Now in our store on line","robots":{"index":"index","follow":"follow","max-snippet":"max-snippet:-1","max-image-preview":"max-image-preview:large","max-video-preview":"max-video-preview:-1"},"canonical":"https:\/\/discosdeluxe.com\/en\/music-store\/ole-ole-todos-sus-grandes-exitos-con-marta-sanchez-1-lp-ed-limitada-vinilo-de-color\/","og_locale":"en_US","og_type":"article","og_title":"OLE OLE \" TODOS SUS... \"","og_description":"OLE OLE \" TODOS SUS GRANDES EXITOS CON MARTA SANCHEZ \" Limited edition. Coloured vinyl. Now in our store on line","og_url":"https:\/\/discosdeluxe.com\/en\/music-store\/ole-ole-todos-sus-grandes-exitos-con-marta-sanchez-1-lp-ed-limitada-vinilo-de-color\/","og_site_name":"Online record and vinyl store, Discos Deluxe","article_publisher":"https:\/\/www.facebook.com\/DiscosDeluxe\/","article_modified_time":"2025-05-23T13:46:32+00:00","og_image":[{"width":1024,"height":768,"url":"https:\/\/discosdeluxe.com\/wp-content\/uploads\/2025\/05\/IMG_5098.jpg","type":"image\/jpeg"}],"twitter_card":"summary_large_image","twitter_misc":{"Est. reading time":"1 minute"},"schema":{"@context":"https:\/\/schema.org","@graph":[{"@type":"WebPage","@id":"https:\/\/discosdeluxe.com\/en\/music-store\/ole-ole-todos-sus-grandes-exitos-con-marta-sanchez-1-lp-ed-limitada-vinilo-de-color\/","url":"https:\/\/discosdeluxe.com\/en\/music-store\/ole-ole-todos-sus-grandes-exitos-con-marta-sanchez-1-lp-ed-limitada-vinilo-de-color\/","name":"OLE OLE \" TODOS SUS... \"","isPartOf":{"@id":"https:\/\/discosdeluxe.com\/en\/#website"},"primaryImageOfPage":{"@id":"https:\/\/discosdeluxe.com\/en\/music-store\/ole-ole-todos-sus-grandes-exitos-con-marta-sanchez-1-lp-ed-limitada-vinilo-de-color\/#primaryimage"},"image":{"@id":"https:\/\/discosdeluxe.com\/en\/music-store\/ole-ole-todos-sus-grandes-exitos-con-marta-sanchez-1-lp-ed-limitada-vinilo-de-color\/#primaryimage"},"thumbnailUrl":"https:\/\/discosdeluxe.com\/wp-content\/uploads\/2025\/05\/IMG_5098.jpg","datePublished":"2025-05-23T13:43:14+00:00","dateModified":"2025-05-23T13:46:32+00:00","description":"OLE OLE \" TODOS SUS GRANDES EXITOS CON MARTA SANCHEZ \" Limited edition. Coloured vinyl. Now in our store on line","breadcrumb":{"@id":"https:\/\/discosdeluxe.com\/en\/music-store\/ole-ole-todos-sus-grandes-exitos-con-marta-sanchez-1-lp-ed-limitada-vinilo-de-color\/#breadcrumb"},"inLanguage":"en-US","potentialAction":[{"@type":"ReadAction","target":["https:\/\/discosdeluxe.com\/en\/music-store\/ole-ole-todos-sus-grandes-exitos-con-marta-sanchez-1-lp-ed-limitada-vinilo-de-color\/"]}]},{"@type":"ImageObject","inLanguage":"en-US","@id":"https:\/\/discosdeluxe.com\/en\/music-store\/ole-ole-todos-sus-grandes-exitos-con-marta-sanchez-1-lp-ed-limitada-vinilo-de-color\/#primaryimage","url":"https:\/\/discosdeluxe.com\/wp-content\/uploads\/2025\/05\/IMG_5098.jpg","contentUrl":"https:\/\/discosdeluxe.com\/wp-content\/uploads\/2025\/05\/IMG_5098.jpg","width":1024,"height":768,"caption":"OLE OLE"},{"@type":"BreadcrumbList","@id":"https:\/\/discosdeluxe.com\/en\/music-store\/ole-ole-todos-sus-grandes-exitos-con-marta-sanchez-1-lp-ed-limitada-vinilo-de-color\/#breadcrumb","itemListElement":[{"@type":"ListItem","position":1,"name":"Portada","item":"https:\/\/discosdeluxe.com\/en\/"},{"@type":"ListItem","position":2,"name":"Music store","item":"https:\/\/discosdeluxe.com\/en\/shop\/"},{"@type":"ListItem","position":3,"name":"OLE OLE &#8221; TODOS SUS GRANDES EXITOS CON MARTA SANCHEZ &#8221; 1 LP. LIMITED EDITION. COLOURED VINYL"}]},{"@type":"WebSite","@id":"https:\/\/discosdeluxe.com\/en\/#website","url":"https:\/\/discosdeluxe.com\/en\/","name":"Tienda de discos y vinilos online, Discos Deluxe","description":"Deluxe Records, your vinyl store, buy online. Find all the new music, rarities, LPs, 7\" singles, limited editions, ...","publisher":{"@id":"https:\/\/discosdeluxe.com\/en\/#organization"},"alternateName":"Discos Deluxe","potentialAction":[{"@type":"SearchAction","target":{"@type":"EntryPoint","urlTemplate":"https:\/\/discosdeluxe.com\/en\/?s={search_term_string}"},"query-input":{"@type":"PropertyValueSpecification","valueRequired":true,"valueName":"search_term_string"}}],"inLanguage":"en-US"},{"@type":"Organization","@id":"https:\/\/discosdeluxe.com\/en\/#organization","name":"Discos Deluxe","url":"https:\/\/discosdeluxe.com\/en\/","logo":{"@type":"ImageObject","inLanguage":"en-US","@id":"https:\/\/discosdeluxe.com\/en\/#\/schema\/logo\/image\/","url":"https:\/\/discosdeluxe.com\/wp-content\/uploads\/2021\/05\/logo-discos-deluxe.png","contentUrl":"https:\/\/discosdeluxe.com\/wp-content\/uploads\/2021\/05\/logo-discos-deluxe.png","width":657,"height":200,"caption":"Discos Deluxe"},"image":{"@id":"https:\/\/discosdeluxe.com\/en\/#\/schema\/logo\/image\/"},"sameAs":["https:\/\/www.facebook.com\/DiscosDeluxe\/","https:\/\/www.instagram.com\/discosdeluxemusic\/"]}]}},"_links":{"self":[{"href":"https:\/\/discosdeluxe.com\/en\/wp-json\/wp\/v2\/product\/25526","targetHints":{"allow":["GET"]}}],"collection":[{"href":"https:\/\/discosdeluxe.com\/en\/wp-json\/wp\/v2\/product"}],"about":[{"href":"https:\/\/discosdeluxe.com\/en\/wp-json\/wp\/v2\/types\/product"}],"replies":[{"embeddable":true,"href":"https:\/\/discosdeluxe.com\/en\/wp-json\/wp\/v2\/comments?post=25526"}],"wp:featuredmedia":[{"embeddable":true,"href":"https:\/\/discosdeluxe.com\/en\/wp-json\/wp\/v2\/media\/25523"}],"wp:attachment":[{"href":"https:\/\/discosdeluxe.com\/en\/wp-json\/wp\/v2\/media?parent=25526"}],"wp:term":[{"taxonomy":"product_brand","embeddable":true,"href":"https:\/\/discosdeluxe.com\/en\/wp-json\/wp\/v2\/product_brand?post=25526"},{"taxonomy":"product_cat","embeddable":true,"href":"https:\/\/discosdeluxe.com\/en\/wp-json\/wp\/v2\/product_cat?post=25526"},{"taxonomy":"product_tag","embeddable":true,"href":"https:\/\/discosdeluxe.com\/en\/wp-json\/wp\/v2\/product_tag?post=25526"}],"curies":[{"name":"wp","href":"https:\/\/api.w.org\/{rel}","templated":true}]}}