{"id":25853,"date":"2025-09-24T10:38:40","date_gmt":"2025-09-24T10:38:40","guid":{"rendered":"https:\/\/discosdeluxe.com\/music-store\/tina-turner-private-dancer-1-lp-picture-disc-ed-limitada-40-aniversario\/"},"modified":"2025-09-24T10:44:06","modified_gmt":"2025-09-24T10:44:06","slug":"tina-turner-private-dancer-1-lp-picture-disc-ed-limitada-40-aniversario","status":"publish","type":"product","link":"https:\/\/discosdeluxe.com\/en\/music-store\/tina-turner-private-dancer-1-lp-picture-disc-ed-limitada-40-aniversario\/","title":{"rendered":"TINA TURNER &#8221; PRIVATE DANCER &#8221; 1 LP PICTURE DISC. LIMITED EDITION 40TH ANNIVERSARY."},"content":{"rendered":"<p>TINA TURNER &#8221; PRIVATE DANCER &#8221; Picture Disc vinyl edition celebrating the 40th anniversary of TINA TURNER&#8217;s multi-platinum album Private Dancer. Featuring the official UK\/EU cover on one side and the US cover on the other. <\/p>\n<p>Lanzado en mayo de 1984, Private Dancer marc\u00f3 el regreso triunfal de Turner, convirti\u00e9ndose en un fen\u00f3meno cultural. Apodado por American Songwriter como &#8220;uno de los regresos m\u00e1s carism\u00e1ticos del rock moderno&#8221; y AllMusic como &#8220;sin lugar a dudas,&#8230; el mejor momento de Turner como artista solista&#8221;. <\/p>\n<p>The 5x platinum record peaked at #2 on the UK Albums Chart, #3 and #1 on both the Billboard 200 and Top R&amp;B\/Hip-Hop Albums charts. Turner would go on to take home four GRAMMY\u00ae Awards for Best Female Rock Vocal Performance for &#8216;Better Be Good To Me&#8217; and Best Female Pop Vocal Performance, Record of the Year and Song of the Year for the Billboard Hot 100-topping track &#8216;What&#8217;s Love Got To Do With It?&#8217; <\/p>\n","protected":false},"excerpt":{"rendered":"<p>TINA TURNER &#8221; PRIVATE DANCER &#8221; Picture Disc vinyl edition celebrating the 40th anniversary of TINA TURNER&#8217;s multi-platinum album Private Dancer. Featuring the official UK\/EU cover on one side and the US cover on the other. Lanzado en mayo de 1984, Private Dancer marc\u00f3 el regreso triunfal de Turner, convirti\u00e9ndose en un fen\u00f3meno cultural. Apodado [&hellip;]<\/p>\n","protected":false},"featured_media":25848,"comment_status":"open","ping_status":"closed","template":"","meta":[],"product_brand":[],"product_cat":[808,802,1148,1161,1164,1125,806],"product_tag":[],"class_list":{"0":"post-25853","1":"product","2":"type-product","3":"status-publish","4":"has-post-thumbnail","6":"product_cat-limited-edition","7":"product_cat-new-releases","8":"product_cat-picture-disc-en","9":"product_cat-rnb-en","10":"product_cat-rock-en","11":"product_cat-tina-turner-en","12":"product_cat-vinyl-lps","14":"first","15":"instock","16":"shipping-taxable","17":"purchasable","18":"product-type-simple"},"acf":[],"yoast_head":"<!-- This site is optimized with the Yoast SEO plugin v27.3 - https:\/\/yoast.com\/product\/yoast-seo-wordpress\/ -->\n<title>TINA TURNER<\/title>\n<meta name=\"description\" content=\"TINA TURNER &quot;PRIVATE DANCER&quot; 1 LP Picture Disc. 40th Anniversary Limited Edition. Available now in our online store.\" \/>\n<meta name=\"robots\" content=\"index, follow, max-snippet:-1, max-image-preview:large, max-video-preview:-1\" \/>\n<link rel=\"canonical\" href=\"https:\/\/discosdeluxe.com\/en\/music-store\/tina-turner-private-dancer-1-lp-picture-disc-ed-limitada-40-aniversario\/\" \/>\n<meta property=\"og:locale\" content=\"en_US\" \/>\n<meta property=\"og:type\" content=\"article\" \/>\n<meta property=\"og:title\" content=\"TINA TURNER\" \/>\n<meta property=\"og:description\" content=\"TINA TURNER &quot;PRIVATE DANCER&quot; 1 LP Picture Disc. 40th Anniversary Limited Edition. Available now in our online store.\" \/>\n<meta property=\"og:url\" content=\"https:\/\/discosdeluxe.com\/en\/music-store\/tina-turner-private-dancer-1-lp-picture-disc-ed-limitada-40-aniversario\/\" \/>\n<meta property=\"og:site_name\" content=\"Online record and vinyl store, Discos Deluxe\" \/>\n<meta property=\"article:publisher\" content=\"https:\/\/www.facebook.com\/DiscosDeluxe\/\" \/>\n<meta property=\"article:modified_time\" content=\"2025-09-24T10:44:06+00:00\" \/>\n<meta property=\"og:image\" content=\"https:\/\/discosdeluxe.com\/wp-content\/uploads\/2025\/09\/IMG_5571.jpg\" \/>\n\t<meta property=\"og:image:width\" content=\"1024\" \/>\n\t<meta property=\"og:image:height\" content=\"768\" \/>\n\t<meta property=\"og:image:type\" content=\"image\/jpeg\" \/>\n<meta name=\"twitter:card\" content=\"summary_large_image\" \/>\n<meta name=\"twitter:label1\" content=\"Est. reading time\" \/>\n\t<meta name=\"twitter:data1\" content=\"1 minute\" \/>\n<script type=\"application\/ld+json\" class=\"yoast-schema-graph\">{\"@context\":\"https:\\\/\\\/schema.org\",\"@graph\":[{\"@type\":\"WebPage\",\"@id\":\"https:\\\/\\\/discosdeluxe.com\\\/en\\\/music-store\\\/tina-turner-private-dancer-1-lp-picture-disc-ed-limitada-40-aniversario\\\/\",\"url\":\"https:\\\/\\\/discosdeluxe.com\\\/en\\\/music-store\\\/tina-turner-private-dancer-1-lp-picture-disc-ed-limitada-40-aniversario\\\/\",\"name\":\"TINA TURNER\",\"isPartOf\":{\"@id\":\"https:\\\/\\\/discosdeluxe.com\\\/en\\\/#website\"},\"primaryImageOfPage\":{\"@id\":\"https:\\\/\\\/discosdeluxe.com\\\/en\\\/music-store\\\/tina-turner-private-dancer-1-lp-picture-disc-ed-limitada-40-aniversario\\\/#primaryimage\"},\"image\":{\"@id\":\"https:\\\/\\\/discosdeluxe.com\\\/en\\\/music-store\\\/tina-turner-private-dancer-1-lp-picture-disc-ed-limitada-40-aniversario\\\/#primaryimage\"},\"thumbnailUrl\":\"https:\\\/\\\/discosdeluxe.com\\\/wp-content\\\/uploads\\\/2025\\\/09\\\/IMG_5571.jpg\",\"datePublished\":\"2025-09-24T10:38:40+00:00\",\"dateModified\":\"2025-09-24T10:44:06+00:00\",\"description\":\"TINA TURNER \\\"PRIVATE DANCER\\\" 1 LP Picture Disc. 40th Anniversary Limited Edition. Available now in our online store.\",\"breadcrumb\":{\"@id\":\"https:\\\/\\\/discosdeluxe.com\\\/en\\\/music-store\\\/tina-turner-private-dancer-1-lp-picture-disc-ed-limitada-40-aniversario\\\/#breadcrumb\"},\"inLanguage\":\"en-US\",\"potentialAction\":[{\"@type\":\"ReadAction\",\"target\":[\"https:\\\/\\\/discosdeluxe.com\\\/en\\\/music-store\\\/tina-turner-private-dancer-1-lp-picture-disc-ed-limitada-40-aniversario\\\/\"]}]},{\"@type\":\"ImageObject\",\"inLanguage\":\"en-US\",\"@id\":\"https:\\\/\\\/discosdeluxe.com\\\/en\\\/music-store\\\/tina-turner-private-dancer-1-lp-picture-disc-ed-limitada-40-aniversario\\\/#primaryimage\",\"url\":\"https:\\\/\\\/discosdeluxe.com\\\/wp-content\\\/uploads\\\/2025\\\/09\\\/IMG_5571.jpg\",\"contentUrl\":\"https:\\\/\\\/discosdeluxe.com\\\/wp-content\\\/uploads\\\/2025\\\/09\\\/IMG_5571.jpg\",\"width\":1024,\"height\":768,\"caption\":\"TINA TURNER\"},{\"@type\":\"BreadcrumbList\",\"@id\":\"https:\\\/\\\/discosdeluxe.com\\\/en\\\/music-store\\\/tina-turner-private-dancer-1-lp-picture-disc-ed-limitada-40-aniversario\\\/#breadcrumb\",\"itemListElement\":[{\"@type\":\"ListItem\",\"position\":1,\"name\":\"Portada\",\"item\":\"https:\\\/\\\/discosdeluxe.com\\\/en\\\/\"},{\"@type\":\"ListItem\",\"position\":2,\"name\":\"Music store\",\"item\":\"https:\\\/\\\/discosdeluxe.com\\\/en\\\/shop\\\/\"},{\"@type\":\"ListItem\",\"position\":3,\"name\":\"TINA TURNER &#8221; PRIVATE DANCER &#8221; 1 LP PICTURE DISC. LIMITED EDITION 40TH ANNIVERSARY.\"}]},{\"@type\":\"WebSite\",\"@id\":\"https:\\\/\\\/discosdeluxe.com\\\/en\\\/#website\",\"url\":\"https:\\\/\\\/discosdeluxe.com\\\/en\\\/\",\"name\":\"Tienda de discos y vinilos online, Discos Deluxe\",\"description\":\"Deluxe Records, your vinyl store, buy online. Find all the new music, rarities, LPs, 7\\\" singles, limited editions, ...\",\"publisher\":{\"@id\":\"https:\\\/\\\/discosdeluxe.com\\\/en\\\/#organization\"},\"alternateName\":\"Discos Deluxe\",\"potentialAction\":[{\"@type\":\"SearchAction\",\"target\":{\"@type\":\"EntryPoint\",\"urlTemplate\":\"https:\\\/\\\/discosdeluxe.com\\\/en\\\/?s={search_term_string}\"},\"query-input\":{\"@type\":\"PropertyValueSpecification\",\"valueRequired\":true,\"valueName\":\"search_term_string\"}}],\"inLanguage\":\"en-US\"},{\"@type\":\"Organization\",\"@id\":\"https:\\\/\\\/discosdeluxe.com\\\/en\\\/#organization\",\"name\":\"Discos Deluxe\",\"url\":\"https:\\\/\\\/discosdeluxe.com\\\/en\\\/\",\"logo\":{\"@type\":\"ImageObject\",\"inLanguage\":\"en-US\",\"@id\":\"https:\\\/\\\/discosdeluxe.com\\\/en\\\/#\\\/schema\\\/logo\\\/image\\\/\",\"url\":\"https:\\\/\\\/discosdeluxe.com\\\/wp-content\\\/uploads\\\/2021\\\/05\\\/logo-discos-deluxe.png\",\"contentUrl\":\"https:\\\/\\\/discosdeluxe.com\\\/wp-content\\\/uploads\\\/2021\\\/05\\\/logo-discos-deluxe.png\",\"width\":657,\"height\":200,\"caption\":\"Discos Deluxe\"},\"image\":{\"@id\":\"https:\\\/\\\/discosdeluxe.com\\\/en\\\/#\\\/schema\\\/logo\\\/image\\\/\"},\"sameAs\":[\"https:\\\/\\\/www.facebook.com\\\/DiscosDeluxe\\\/\",\"https:\\\/\\\/www.instagram.com\\\/discosdeluxemusic\\\/\"]}]}<\/script>\n<!-- \/ Yoast SEO plugin. -->","yoast_head_json":{"title":"TINA TURNER","description":"TINA TURNER \"PRIVATE DANCER\" 1 LP Picture Disc. 40th Anniversary Limited Edition. Available now in our online store.","robots":{"index":"index","follow":"follow","max-snippet":"max-snippet:-1","max-image-preview":"max-image-preview:large","max-video-preview":"max-video-preview:-1"},"canonical":"https:\/\/discosdeluxe.com\/en\/music-store\/tina-turner-private-dancer-1-lp-picture-disc-ed-limitada-40-aniversario\/","og_locale":"en_US","og_type":"article","og_title":"TINA TURNER","og_description":"TINA TURNER \"PRIVATE DANCER\" 1 LP Picture Disc. 40th Anniversary Limited Edition. Available now in our online store.","og_url":"https:\/\/discosdeluxe.com\/en\/music-store\/tina-turner-private-dancer-1-lp-picture-disc-ed-limitada-40-aniversario\/","og_site_name":"Online record and vinyl store, Discos Deluxe","article_publisher":"https:\/\/www.facebook.com\/DiscosDeluxe\/","article_modified_time":"2025-09-24T10:44:06+00:00","og_image":[{"width":1024,"height":768,"url":"https:\/\/discosdeluxe.com\/wp-content\/uploads\/2025\/09\/IMG_5571.jpg","type":"image\/jpeg"}],"twitter_card":"summary_large_image","twitter_misc":{"Est. reading time":"1 minute"},"schema":{"@context":"https:\/\/schema.org","@graph":[{"@type":"WebPage","@id":"https:\/\/discosdeluxe.com\/en\/music-store\/tina-turner-private-dancer-1-lp-picture-disc-ed-limitada-40-aniversario\/","url":"https:\/\/discosdeluxe.com\/en\/music-store\/tina-turner-private-dancer-1-lp-picture-disc-ed-limitada-40-aniversario\/","name":"TINA TURNER","isPartOf":{"@id":"https:\/\/discosdeluxe.com\/en\/#website"},"primaryImageOfPage":{"@id":"https:\/\/discosdeluxe.com\/en\/music-store\/tina-turner-private-dancer-1-lp-picture-disc-ed-limitada-40-aniversario\/#primaryimage"},"image":{"@id":"https:\/\/discosdeluxe.com\/en\/music-store\/tina-turner-private-dancer-1-lp-picture-disc-ed-limitada-40-aniversario\/#primaryimage"},"thumbnailUrl":"https:\/\/discosdeluxe.com\/wp-content\/uploads\/2025\/09\/IMG_5571.jpg","datePublished":"2025-09-24T10:38:40+00:00","dateModified":"2025-09-24T10:44:06+00:00","description":"TINA TURNER \"PRIVATE DANCER\" 1 LP Picture Disc. 40th Anniversary Limited Edition. Available now in our online store.","breadcrumb":{"@id":"https:\/\/discosdeluxe.com\/en\/music-store\/tina-turner-private-dancer-1-lp-picture-disc-ed-limitada-40-aniversario\/#breadcrumb"},"inLanguage":"en-US","potentialAction":[{"@type":"ReadAction","target":["https:\/\/discosdeluxe.com\/en\/music-store\/tina-turner-private-dancer-1-lp-picture-disc-ed-limitada-40-aniversario\/"]}]},{"@type":"ImageObject","inLanguage":"en-US","@id":"https:\/\/discosdeluxe.com\/en\/music-store\/tina-turner-private-dancer-1-lp-picture-disc-ed-limitada-40-aniversario\/#primaryimage","url":"https:\/\/discosdeluxe.com\/wp-content\/uploads\/2025\/09\/IMG_5571.jpg","contentUrl":"https:\/\/discosdeluxe.com\/wp-content\/uploads\/2025\/09\/IMG_5571.jpg","width":1024,"height":768,"caption":"TINA TURNER"},{"@type":"BreadcrumbList","@id":"https:\/\/discosdeluxe.com\/en\/music-store\/tina-turner-private-dancer-1-lp-picture-disc-ed-limitada-40-aniversario\/#breadcrumb","itemListElement":[{"@type":"ListItem","position":1,"name":"Portada","item":"https:\/\/discosdeluxe.com\/en\/"},{"@type":"ListItem","position":2,"name":"Music store","item":"https:\/\/discosdeluxe.com\/en\/shop\/"},{"@type":"ListItem","position":3,"name":"TINA TURNER &#8221; PRIVATE DANCER &#8221; 1 LP PICTURE DISC. LIMITED EDITION 40TH ANNIVERSARY."}]},{"@type":"WebSite","@id":"https:\/\/discosdeluxe.com\/en\/#website","url":"https:\/\/discosdeluxe.com\/en\/","name":"Tienda de discos y vinilos online, Discos Deluxe","description":"Deluxe Records, your vinyl store, buy online. Find all the new music, rarities, LPs, 7\" singles, limited editions, ...","publisher":{"@id":"https:\/\/discosdeluxe.com\/en\/#organization"},"alternateName":"Discos Deluxe","potentialAction":[{"@type":"SearchAction","target":{"@type":"EntryPoint","urlTemplate":"https:\/\/discosdeluxe.com\/en\/?s={search_term_string}"},"query-input":{"@type":"PropertyValueSpecification","valueRequired":true,"valueName":"search_term_string"}}],"inLanguage":"en-US"},{"@type":"Organization","@id":"https:\/\/discosdeluxe.com\/en\/#organization","name":"Discos Deluxe","url":"https:\/\/discosdeluxe.com\/en\/","logo":{"@type":"ImageObject","inLanguage":"en-US","@id":"https:\/\/discosdeluxe.com\/en\/#\/schema\/logo\/image\/","url":"https:\/\/discosdeluxe.com\/wp-content\/uploads\/2021\/05\/logo-discos-deluxe.png","contentUrl":"https:\/\/discosdeluxe.com\/wp-content\/uploads\/2021\/05\/logo-discos-deluxe.png","width":657,"height":200,"caption":"Discos Deluxe"},"image":{"@id":"https:\/\/discosdeluxe.com\/en\/#\/schema\/logo\/image\/"},"sameAs":["https:\/\/www.facebook.com\/DiscosDeluxe\/","https:\/\/www.instagram.com\/discosdeluxemusic\/"]}]}},"_links":{"self":[{"href":"https:\/\/discosdeluxe.com\/en\/wp-json\/wp\/v2\/product\/25853","targetHints":{"allow":["GET"]}}],"collection":[{"href":"https:\/\/discosdeluxe.com\/en\/wp-json\/wp\/v2\/product"}],"about":[{"href":"https:\/\/discosdeluxe.com\/en\/wp-json\/wp\/v2\/types\/product"}],"replies":[{"embeddable":true,"href":"https:\/\/discosdeluxe.com\/en\/wp-json\/wp\/v2\/comments?post=25853"}],"wp:featuredmedia":[{"embeddable":true,"href":"https:\/\/discosdeluxe.com\/en\/wp-json\/wp\/v2\/media\/25848"}],"wp:attachment":[{"href":"https:\/\/discosdeluxe.com\/en\/wp-json\/wp\/v2\/media?parent=25853"}],"wp:term":[{"taxonomy":"product_brand","embeddable":true,"href":"https:\/\/discosdeluxe.com\/en\/wp-json\/wp\/v2\/product_brand?post=25853"},{"taxonomy":"product_cat","embeddable":true,"href":"https:\/\/discosdeluxe.com\/en\/wp-json\/wp\/v2\/product_cat?post=25853"},{"taxonomy":"product_tag","embeddable":true,"href":"https:\/\/discosdeluxe.com\/en\/wp-json\/wp\/v2\/product_tag?post=25853"}],"curies":[{"name":"wp","href":"https:\/\/api.w.org\/{rel}","templated":true}]}}