{"id":25992,"date":"2025-10-06T12:44:14","date_gmt":"2025-10-06T12:44:14","guid":{"rendered":"https:\/\/discosdeluxe.com\/music-store\/loquillo-corazones-legendarios-2-lp-1-single-ed-limitada-vinilos-de-color\/"},"modified":"2025-10-06T12:48:55","modified_gmt":"2025-10-06T12:48:55","slug":"loquillo-corazones-legendarios-2-lp-1-single-ed-limitada-vinilos-de-color","status":"publish","type":"product","link":"https:\/\/discosdeluxe.com\/en\/music-store\/loquillo-corazones-legendarios-2-lp-1-single-ed-limitada-vinilos-de-color\/","title":{"rendered":"LOQUILLO &#8221; CORAZONES LEGENDARIOS &#8221; 2 LP + 1 SINGLE. LIMITED EDITION. COLOURED VINYLS"},"content":{"rendered":"<p>LOQUILLO &#8220;LEGENDARY HEARTS&#8221; Loquillo is a pivotal artist in the contemporary history of rock in Spain. Now he presents LEGENDARY HEARTS. A double album, with a title inspired by Lou Reed&#8217;s &#8220;Legendary Hearts.&#8221;  <\/p>\n<p>This work brings together many of his best songs, recorded in new versions and reinterpreted alongside an epic collection of artists. Produced throughout 2024 and 2025 by Josu Garc\u00eda at Music Lan Studios in Figueres, this album exceeds all initial expectations and has ultimately brought together more than 20 artists who have recorded their voices alongside Loquillo&#8217;s. <\/p>\n<p>From the inaugural &#8220;Rock and Roll Star,&#8221; with Leiva and Rub\u00e9n Pozo recapturing the Pereza spirit for an afternoon, to colleagues with whom he shared his early days as an artist, Alaska, Manolo Garc\u00eda, and Carlos Segarra. Rock-filled voices like Coque Malla, Calamaro, Tarque, Miguel R\u00edos, Kutxi Romero, and Dani Mart\u00edn, to more poetic moments with Miguel Poveda, Ismael Serrano, and Nacho Vegas. <\/p>\n<p>Released on a double LP with a gatefold sleeve and splatter vinyl in different colors, this edition is a collector&#8217;s item.<\/p>\n","protected":false},"excerpt":{"rendered":"<p>LOQUILLO &#8220;LEGENDARY HEARTS&#8221; Loquillo is a pivotal artist in the contemporary history of rock in Spain. Now he presents LEGENDARY HEARTS. A double album, with a title inspired by Lou Reed&#8217;s &#8220;Legendary Hearts.&#8221; This work brings together many of his best songs, recorded in new versions and reinterpreted alongside an epic collection of artists. Produced [&hellip;]<\/p>\n","protected":false},"featured_media":25989,"template":"","meta":[],"product_brand":[],"product_cat":[805,808,1377,802,1164,806],"product_tag":[],"class_list":{"0":"post-25992","1":"product","2":"type-product","3":"status-publish","4":"has-post-thumbnail","6":"product_cat-colored-vinyls","7":"product_cat-limited-edition","8":"product_cat-loquillo-en","9":"product_cat-new-releases","10":"product_cat-rock-en","11":"product_cat-vinyl-lps","13":"first","14":"outofstock","15":"shipping-taxable","16":"purchasable","17":"product-type-simple"},"acf":[],"yoast_head":"<!-- This site is optimized with the Yoast SEO plugin v27.3 - https:\/\/yoast.com\/product\/yoast-seo-wordpress\/ -->\n<title>LOQUILLO<\/title>\n<meta name=\"description\" content=\"LOQUILLO &quot; CORAZONES LEGENDARIOS &quot; 2 LP + 1 SINGLE. limited edition. Color vinyl. Collector&#039;s Edition. Now available.\" \/>\n<meta name=\"robots\" content=\"index, follow, max-snippet:-1, max-image-preview:large, max-video-preview:-1\" \/>\n<link rel=\"canonical\" href=\"https:\/\/discosdeluxe.com\/en\/music-store\/loquillo-corazones-legendarios-2-lp-1-single-ed-limitada-vinilos-de-color\/\" \/>\n<meta property=\"og:locale\" content=\"en_US\" \/>\n<meta property=\"og:type\" content=\"article\" \/>\n<meta property=\"og:title\" content=\"LOQUILLO\" \/>\n<meta property=\"og:description\" content=\"LOQUILLO &quot; CORAZONES LEGENDARIOS &quot; 2 LP + 1 SINGLE. limited edition. Color vinyl. Collector&#039;s Edition. Now available.\" \/>\n<meta property=\"og:url\" content=\"https:\/\/discosdeluxe.com\/en\/music-store\/loquillo-corazones-legendarios-2-lp-1-single-ed-limitada-vinilos-de-color\/\" \/>\n<meta property=\"og:site_name\" content=\"Online record and vinyl store, Discos Deluxe\" \/>\n<meta property=\"article:publisher\" content=\"https:\/\/www.facebook.com\/DiscosDeluxe\/\" \/>\n<meta property=\"article:modified_time\" content=\"2025-10-06T12:48:55+00:00\" \/>\n<meta property=\"og:image\" content=\"https:\/\/discosdeluxe.com\/wp-content\/uploads\/2021\/05\/logo-discos-deluxe.png\" \/>\n\t<meta property=\"og:image:width\" content=\"657\" \/>\n\t<meta property=\"og:image:height\" content=\"200\" \/>\n\t<meta property=\"og:image:type\" content=\"image\/png\" \/>\n<meta name=\"twitter:card\" content=\"summary_large_image\" \/>\n<meta name=\"twitter:label1\" content=\"Est. reading time\" \/>\n\t<meta name=\"twitter:data1\" content=\"2 minutes\" \/>\n<script type=\"application\/ld+json\" class=\"yoast-schema-graph\">{\"@context\":\"https:\\\/\\\/schema.org\",\"@graph\":[{\"@type\":\"WebPage\",\"@id\":\"https:\\\/\\\/discosdeluxe.com\\\/en\\\/music-store\\\/loquillo-corazones-legendarios-2-lp-1-single-ed-limitada-vinilos-de-color\\\/\",\"url\":\"https:\\\/\\\/discosdeluxe.com\\\/en\\\/music-store\\\/loquillo-corazones-legendarios-2-lp-1-single-ed-limitada-vinilos-de-color\\\/\",\"name\":\"LOQUILLO\",\"isPartOf\":{\"@id\":\"https:\\\/\\\/discosdeluxe.com\\\/en\\\/#website\"},\"primaryImageOfPage\":{\"@id\":\"https:\\\/\\\/discosdeluxe.com\\\/en\\\/music-store\\\/loquillo-corazones-legendarios-2-lp-1-single-ed-limitada-vinilos-de-color\\\/#primaryimage\"},\"image\":{\"@id\":\"https:\\\/\\\/discosdeluxe.com\\\/en\\\/music-store\\\/loquillo-corazones-legendarios-2-lp-1-single-ed-limitada-vinilos-de-color\\\/#primaryimage\"},\"thumbnailUrl\":\"https:\\\/\\\/discosdeluxe.com\\\/wp-content\\\/uploads\\\/2025\\\/10\\\/IMG_5678.heic\",\"datePublished\":\"2025-10-06T12:44:14+00:00\",\"dateModified\":\"2025-10-06T12:48:55+00:00\",\"description\":\"LOQUILLO \\\" CORAZONES LEGENDARIOS \\\" 2 LP + 1 SINGLE. limited edition. Color vinyl. Collector's Edition. Now available.\",\"breadcrumb\":{\"@id\":\"https:\\\/\\\/discosdeluxe.com\\\/en\\\/music-store\\\/loquillo-corazones-legendarios-2-lp-1-single-ed-limitada-vinilos-de-color\\\/#breadcrumb\"},\"inLanguage\":\"en-US\",\"potentialAction\":[{\"@type\":\"ReadAction\",\"target\":[\"https:\\\/\\\/discosdeluxe.com\\\/en\\\/music-store\\\/loquillo-corazones-legendarios-2-lp-1-single-ed-limitada-vinilos-de-color\\\/\"]}]},{\"@type\":\"ImageObject\",\"inLanguage\":\"en-US\",\"@id\":\"https:\\\/\\\/discosdeluxe.com\\\/en\\\/music-store\\\/loquillo-corazones-legendarios-2-lp-1-single-ed-limitada-vinilos-de-color\\\/#primaryimage\",\"url\":\"https:\\\/\\\/discosdeluxe.com\\\/wp-content\\\/uploads\\\/2025\\\/10\\\/IMG_5678.heic\",\"contentUrl\":\"https:\\\/\\\/discosdeluxe.com\\\/wp-content\\\/uploads\\\/2025\\\/10\\\/IMG_5678.heic\",\"caption\":\"LOQUILLO\"},{\"@type\":\"BreadcrumbList\",\"@id\":\"https:\\\/\\\/discosdeluxe.com\\\/en\\\/music-store\\\/loquillo-corazones-legendarios-2-lp-1-single-ed-limitada-vinilos-de-color\\\/#breadcrumb\",\"itemListElement\":[{\"@type\":\"ListItem\",\"position\":1,\"name\":\"Portada\",\"item\":\"https:\\\/\\\/discosdeluxe.com\\\/en\\\/\"},{\"@type\":\"ListItem\",\"position\":2,\"name\":\"Music store\",\"item\":\"https:\\\/\\\/discosdeluxe.com\\\/en\\\/shop\\\/\"},{\"@type\":\"ListItem\",\"position\":3,\"name\":\"LOQUILLO &#8221; CORAZONES LEGENDARIOS &#8221; 2 LP + 1 SINGLE. LIMITED EDITION. COLOURED VINYLS\"}]},{\"@type\":\"WebSite\",\"@id\":\"https:\\\/\\\/discosdeluxe.com\\\/en\\\/#website\",\"url\":\"https:\\\/\\\/discosdeluxe.com\\\/en\\\/\",\"name\":\"Tienda de discos y vinilos online, Discos Deluxe\",\"description\":\"Deluxe Records, your vinyl store, buy online. Find all the new music, rarities, LPs, 7\\\" singles, limited editions, ...\",\"publisher\":{\"@id\":\"https:\\\/\\\/discosdeluxe.com\\\/en\\\/#organization\"},\"alternateName\":\"Discos Deluxe\",\"potentialAction\":[{\"@type\":\"SearchAction\",\"target\":{\"@type\":\"EntryPoint\",\"urlTemplate\":\"https:\\\/\\\/discosdeluxe.com\\\/en\\\/?s={search_term_string}\"},\"query-input\":{\"@type\":\"PropertyValueSpecification\",\"valueRequired\":true,\"valueName\":\"search_term_string\"}}],\"inLanguage\":\"en-US\"},{\"@type\":\"Organization\",\"@id\":\"https:\\\/\\\/discosdeluxe.com\\\/en\\\/#organization\",\"name\":\"Discos Deluxe\",\"url\":\"https:\\\/\\\/discosdeluxe.com\\\/en\\\/\",\"logo\":{\"@type\":\"ImageObject\",\"inLanguage\":\"en-US\",\"@id\":\"https:\\\/\\\/discosdeluxe.com\\\/en\\\/#\\\/schema\\\/logo\\\/image\\\/\",\"url\":\"https:\\\/\\\/discosdeluxe.com\\\/wp-content\\\/uploads\\\/2021\\\/05\\\/logo-discos-deluxe.png\",\"contentUrl\":\"https:\\\/\\\/discosdeluxe.com\\\/wp-content\\\/uploads\\\/2021\\\/05\\\/logo-discos-deluxe.png\",\"width\":657,\"height\":200,\"caption\":\"Discos Deluxe\"},\"image\":{\"@id\":\"https:\\\/\\\/discosdeluxe.com\\\/en\\\/#\\\/schema\\\/logo\\\/image\\\/\"},\"sameAs\":[\"https:\\\/\\\/www.facebook.com\\\/DiscosDeluxe\\\/\",\"https:\\\/\\\/www.instagram.com\\\/discosdeluxemusic\\\/\"]}]}<\/script>\n<!-- \/ Yoast SEO plugin. -->","yoast_head_json":{"title":"LOQUILLO","description":"LOQUILLO \" CORAZONES LEGENDARIOS \" 2 LP + 1 SINGLE. limited edition. Color vinyl. Collector's Edition. Now available.","robots":{"index":"index","follow":"follow","max-snippet":"max-snippet:-1","max-image-preview":"max-image-preview:large","max-video-preview":"max-video-preview:-1"},"canonical":"https:\/\/discosdeluxe.com\/en\/music-store\/loquillo-corazones-legendarios-2-lp-1-single-ed-limitada-vinilos-de-color\/","og_locale":"en_US","og_type":"article","og_title":"LOQUILLO","og_description":"LOQUILLO \" CORAZONES LEGENDARIOS \" 2 LP + 1 SINGLE. limited edition. Color vinyl. Collector's Edition. Now available.","og_url":"https:\/\/discosdeluxe.com\/en\/music-store\/loquillo-corazones-legendarios-2-lp-1-single-ed-limitada-vinilos-de-color\/","og_site_name":"Online record and vinyl store, Discos Deluxe","article_publisher":"https:\/\/www.facebook.com\/DiscosDeluxe\/","article_modified_time":"2025-10-06T12:48:55+00:00","og_image":[{"width":657,"height":200,"url":"https:\/\/discosdeluxe.com\/wp-content\/uploads\/2021\/05\/logo-discos-deluxe.png","type":"image\/png"}],"twitter_card":"summary_large_image","twitter_misc":{"Est. reading time":"2 minutes"},"schema":{"@context":"https:\/\/schema.org","@graph":[{"@type":"WebPage","@id":"https:\/\/discosdeluxe.com\/en\/music-store\/loquillo-corazones-legendarios-2-lp-1-single-ed-limitada-vinilos-de-color\/","url":"https:\/\/discosdeluxe.com\/en\/music-store\/loquillo-corazones-legendarios-2-lp-1-single-ed-limitada-vinilos-de-color\/","name":"LOQUILLO","isPartOf":{"@id":"https:\/\/discosdeluxe.com\/en\/#website"},"primaryImageOfPage":{"@id":"https:\/\/discosdeluxe.com\/en\/music-store\/loquillo-corazones-legendarios-2-lp-1-single-ed-limitada-vinilos-de-color\/#primaryimage"},"image":{"@id":"https:\/\/discosdeluxe.com\/en\/music-store\/loquillo-corazones-legendarios-2-lp-1-single-ed-limitada-vinilos-de-color\/#primaryimage"},"thumbnailUrl":"https:\/\/discosdeluxe.com\/wp-content\/uploads\/2025\/10\/IMG_5678.heic","datePublished":"2025-10-06T12:44:14+00:00","dateModified":"2025-10-06T12:48:55+00:00","description":"LOQUILLO \" CORAZONES LEGENDARIOS \" 2 LP + 1 SINGLE. limited edition. Color vinyl. Collector's Edition. Now available.","breadcrumb":{"@id":"https:\/\/discosdeluxe.com\/en\/music-store\/loquillo-corazones-legendarios-2-lp-1-single-ed-limitada-vinilos-de-color\/#breadcrumb"},"inLanguage":"en-US","potentialAction":[{"@type":"ReadAction","target":["https:\/\/discosdeluxe.com\/en\/music-store\/loquillo-corazones-legendarios-2-lp-1-single-ed-limitada-vinilos-de-color\/"]}]},{"@type":"ImageObject","inLanguage":"en-US","@id":"https:\/\/discosdeluxe.com\/en\/music-store\/loquillo-corazones-legendarios-2-lp-1-single-ed-limitada-vinilos-de-color\/#primaryimage","url":"https:\/\/discosdeluxe.com\/wp-content\/uploads\/2025\/10\/IMG_5678.heic","contentUrl":"https:\/\/discosdeluxe.com\/wp-content\/uploads\/2025\/10\/IMG_5678.heic","caption":"LOQUILLO"},{"@type":"BreadcrumbList","@id":"https:\/\/discosdeluxe.com\/en\/music-store\/loquillo-corazones-legendarios-2-lp-1-single-ed-limitada-vinilos-de-color\/#breadcrumb","itemListElement":[{"@type":"ListItem","position":1,"name":"Portada","item":"https:\/\/discosdeluxe.com\/en\/"},{"@type":"ListItem","position":2,"name":"Music store","item":"https:\/\/discosdeluxe.com\/en\/shop\/"},{"@type":"ListItem","position":3,"name":"LOQUILLO &#8221; CORAZONES LEGENDARIOS &#8221; 2 LP + 1 SINGLE. LIMITED EDITION. COLOURED VINYLS"}]},{"@type":"WebSite","@id":"https:\/\/discosdeluxe.com\/en\/#website","url":"https:\/\/discosdeluxe.com\/en\/","name":"Tienda de discos y vinilos online, Discos Deluxe","description":"Deluxe Records, your vinyl store, buy online. Find all the new music, rarities, LPs, 7\" singles, limited editions, ...","publisher":{"@id":"https:\/\/discosdeluxe.com\/en\/#organization"},"alternateName":"Discos Deluxe","potentialAction":[{"@type":"SearchAction","target":{"@type":"EntryPoint","urlTemplate":"https:\/\/discosdeluxe.com\/en\/?s={search_term_string}"},"query-input":{"@type":"PropertyValueSpecification","valueRequired":true,"valueName":"search_term_string"}}],"inLanguage":"en-US"},{"@type":"Organization","@id":"https:\/\/discosdeluxe.com\/en\/#organization","name":"Discos Deluxe","url":"https:\/\/discosdeluxe.com\/en\/","logo":{"@type":"ImageObject","inLanguage":"en-US","@id":"https:\/\/discosdeluxe.com\/en\/#\/schema\/logo\/image\/","url":"https:\/\/discosdeluxe.com\/wp-content\/uploads\/2021\/05\/logo-discos-deluxe.png","contentUrl":"https:\/\/discosdeluxe.com\/wp-content\/uploads\/2021\/05\/logo-discos-deluxe.png","width":657,"height":200,"caption":"Discos Deluxe"},"image":{"@id":"https:\/\/discosdeluxe.com\/en\/#\/schema\/logo\/image\/"},"sameAs":["https:\/\/www.facebook.com\/DiscosDeluxe\/","https:\/\/www.instagram.com\/discosdeluxemusic\/"]}]}},"_links":{"self":[{"href":"https:\/\/discosdeluxe.com\/en\/wp-json\/wp\/v2\/product\/25992","targetHints":{"allow":["GET"]}}],"collection":[{"href":"https:\/\/discosdeluxe.com\/en\/wp-json\/wp\/v2\/product"}],"about":[{"href":"https:\/\/discosdeluxe.com\/en\/wp-json\/wp\/v2\/types\/product"}],"wp:featuredmedia":[{"embeddable":true,"href":"https:\/\/discosdeluxe.com\/en\/wp-json\/wp\/v2\/media\/25989"}],"wp:attachment":[{"href":"https:\/\/discosdeluxe.com\/en\/wp-json\/wp\/v2\/media?parent=25992"}],"wp:term":[{"taxonomy":"product_brand","embeddable":true,"href":"https:\/\/discosdeluxe.com\/en\/wp-json\/wp\/v2\/product_brand?post=25992"},{"taxonomy":"product_cat","embeddable":true,"href":"https:\/\/discosdeluxe.com\/en\/wp-json\/wp\/v2\/product_cat?post=25992"},{"taxonomy":"product_tag","embeddable":true,"href":"https:\/\/discosdeluxe.com\/en\/wp-json\/wp\/v2\/product_tag?post=25992"}],"curies":[{"name":"wp","href":"https:\/\/api.w.org\/{rel}","templated":true}]}}