{"id":26162,"date":"2025-10-16T14:06:32","date_gmt":"2025-10-16T14:06:32","guid":{"rendered":"https:\/\/discosdeluxe.com\/music-store\/viva-suecia-hecho-en-tiempos-de-paz-1-lp-ed-limitada-vinilo-color-verde\/"},"modified":"2025-10-16T14:15:16","modified_gmt":"2025-10-16T14:15:16","slug":"viva-suecia-hecho-en-tiempos-de-paz-1-lp-ed-limitada-vinilo-color-verde","status":"publish","type":"product","link":"https:\/\/discosdeluxe.com\/en\/music-store\/viva-suecia-hecho-en-tiempos-de-paz-1-lp-ed-limitada-vinilo-color-verde\/","title":{"rendered":"VIVA SUECIA &#8221; HECHO EN TIEMPOS DE PAZ &#8221; 1 LP. LIMITED EDITION. GREEN VINYL"},"content":{"rendered":"<p>VIVA SUECIA &#8221; HECHO EN TIEMPOS DE PAZ &#8221; With &#8216;Made in Times of Peace&#8217;, Viva Suecia has released one of the most anticipated releases of the year.<\/p>\n<p>The Murcian band, already established as one of the undisputed icons of national rock, returns with 11 new songs.<\/p>\n<p>They promise to mark a generation and continue expanding their unmistakable sonic legacy.<\/p>\n<p>On &#8216;Hecho en Tiempos de Paz&#8217;, the band expands its concept even further with a multifaceted LP that embraces diverse styles to help them find their home in the band&#8217;s imagination.<\/p>\n<p>The evocative lyrics of her songwriting grow and deepen their range to give life to hymns that lay bare the sensitivity of everyday life.<\/p>\n<p>In the album credits we also find an important collection of renowned names.<\/p>\n<p>That give life to the winds, the choirs or the strings that dress this collection of songs.<\/p>\n<p>Recorded between Murcia and Madrid, produced by Paco Salazar and mastered by Carlos Hern\u00e1ndez Carbonell.<\/p>\n<p>The new work reflects the moment of full artistic maturity in which they find themselves.<\/p>\n<p>A perfect balance of credibility, emotion, and impact. Introspective lyrics, majestic arrangements, melodic energy, and epic guitar playing are the band&#8217;s hallmarks. <\/p>\n<p>The album also features notable collaborations such as Silo\u00e9 on &#8216;Sangre&#8217;, Hoonine on &#8216;T\u00fa Y \u200b\u200bYo Contra Los Dem\u00e1s&#8217;, and Samura\u00ef on &#8216;Melancol\u00eda&#8217;, a final ballad as beautiful as it is psychedelic, which leaves a deep emotional mark.<\/p>\n<p>The creative direction has been led by Carlos Arocha as well as the graphic design and features illustrations, such as the cover, by El Tipo Raro (Salvador Mar\u00edn S\u00e1nchez).<\/p>\n<p>Made in Times of Peace will be available in a carefully curated physical edition in four formats: Standard LP, Green Gatefold LP, CD, and Cassette.<\/p>\n","protected":false},"excerpt":{"rendered":"<p>VIVA SUECIA &#8221; HECHO EN TIEMPOS DE PAZ &#8221; With &#8216;Made in Times of Peace&#8217;, Viva Suecia has released one of the most anticipated releases of the year. The Murcian band, already established as one of the undisputed icons of national rock, returns with 11 new songs. They promise to mark a generation and continue [&hellip;]<\/p>\n","protected":false},"featured_media":26281,"template":"","meta":[],"product_brand":[],"product_cat":[805,808,802,1164,806,1141],"product_tag":[],"class_list":{"0":"post-26162","1":"product","2":"type-product","3":"status-publish","4":"has-post-thumbnail","6":"product_cat-colored-vinyls","7":"product_cat-limited-edition","8":"product_cat-new-releases","9":"product_cat-rock-en","10":"product_cat-vinyl-lps","11":"product_cat-viva-suecia-en","13":"first","14":"instock","15":"shipping-taxable","16":"purchasable","17":"product-type-simple"},"acf":[],"yoast_head":"<!-- This site is optimized with the Yoast SEO plugin v27.3 - https:\/\/yoast.com\/product\/yoast-seo-wordpress\/ -->\n<title>VIVA SUECIA<\/title>\n<meta name=\"description\" content=\"VIVA SUECIA &quot; HECHO EN TIEMPOS DE PAZ &quot; 1 LP. Limited edition green vinyl. Gatefold sleeve. Available now.\" \/>\n<meta name=\"robots\" content=\"index, follow, max-snippet:-1, max-image-preview:large, max-video-preview:-1\" \/>\n<link rel=\"canonical\" href=\"https:\/\/discosdeluxe.com\/en\/music-store\/viva-suecia-hecho-en-tiempos-de-paz-1-lp-ed-limitada-vinilo-color-verde\/\" \/>\n<meta property=\"og:locale\" content=\"en_US\" \/>\n<meta property=\"og:type\" content=\"article\" \/>\n<meta property=\"og:title\" content=\"VIVA SUECIA\" \/>\n<meta property=\"og:description\" content=\"VIVA SUECIA &quot; HECHO EN TIEMPOS DE PAZ &quot; 1 LP. Limited edition green vinyl. Gatefold sleeve. Available now.\" \/>\n<meta property=\"og:url\" content=\"https:\/\/discosdeluxe.com\/en\/music-store\/viva-suecia-hecho-en-tiempos-de-paz-1-lp-ed-limitada-vinilo-color-verde\/\" \/>\n<meta property=\"og:site_name\" content=\"Online record and vinyl store, Discos Deluxe\" \/>\n<meta property=\"article:publisher\" content=\"https:\/\/www.facebook.com\/DiscosDeluxe\/\" \/>\n<meta property=\"article:modified_time\" content=\"2025-10-16T14:15:16+00:00\" \/>\n<meta property=\"og:image\" content=\"https:\/\/discosdeluxe.com\/wp-content\/uploads\/2021\/05\/logo-discos-deluxe.png\" \/>\n\t<meta property=\"og:image:width\" content=\"657\" \/>\n\t<meta property=\"og:image:height\" content=\"200\" \/>\n\t<meta property=\"og:image:type\" content=\"image\/png\" \/>\n<meta name=\"twitter:card\" content=\"summary_large_image\" \/>\n<meta name=\"twitter:label1\" content=\"Est. reading time\" \/>\n\t<meta name=\"twitter:data1\" content=\"2 minutes\" \/>\n<script type=\"application\/ld+json\" class=\"yoast-schema-graph\">{\"@context\":\"https:\\\/\\\/schema.org\",\"@graph\":[{\"@type\":\"WebPage\",\"@id\":\"https:\\\/\\\/discosdeluxe.com\\\/en\\\/music-store\\\/viva-suecia-hecho-en-tiempos-de-paz-1-lp-ed-limitada-vinilo-color-verde\\\/\",\"url\":\"https:\\\/\\\/discosdeluxe.com\\\/en\\\/music-store\\\/viva-suecia-hecho-en-tiempos-de-paz-1-lp-ed-limitada-vinilo-color-verde\\\/\",\"name\":\"VIVA SUECIA\",\"isPartOf\":{\"@id\":\"https:\\\/\\\/discosdeluxe.com\\\/en\\\/#website\"},\"primaryImageOfPage\":{\"@id\":\"https:\\\/\\\/discosdeluxe.com\\\/en\\\/music-store\\\/viva-suecia-hecho-en-tiempos-de-paz-1-lp-ed-limitada-vinilo-color-verde\\\/#primaryimage\"},\"image\":{\"@id\":\"https:\\\/\\\/discosdeluxe.com\\\/en\\\/music-store\\\/viva-suecia-hecho-en-tiempos-de-paz-1-lp-ed-limitada-vinilo-color-verde\\\/#primaryimage\"},\"thumbnailUrl\":\"https:\\\/\\\/discosdeluxe.com\\\/wp-content\\\/uploads\\\/2025\\\/10\\\/IMG_5813-1.jpg\",\"datePublished\":\"2025-10-16T14:06:32+00:00\",\"dateModified\":\"2025-10-16T14:15:16+00:00\",\"description\":\"VIVA SUECIA \\\" HECHO EN TIEMPOS DE PAZ \\\" 1 LP. Limited edition green vinyl. Gatefold sleeve. Available now.\",\"breadcrumb\":{\"@id\":\"https:\\\/\\\/discosdeluxe.com\\\/en\\\/music-store\\\/viva-suecia-hecho-en-tiempos-de-paz-1-lp-ed-limitada-vinilo-color-verde\\\/#breadcrumb\"},\"inLanguage\":\"en-US\",\"potentialAction\":[{\"@type\":\"ReadAction\",\"target\":[\"https:\\\/\\\/discosdeluxe.com\\\/en\\\/music-store\\\/viva-suecia-hecho-en-tiempos-de-paz-1-lp-ed-limitada-vinilo-color-verde\\\/\"]}]},{\"@type\":\"ImageObject\",\"inLanguage\":\"en-US\",\"@id\":\"https:\\\/\\\/discosdeluxe.com\\\/en\\\/music-store\\\/viva-suecia-hecho-en-tiempos-de-paz-1-lp-ed-limitada-vinilo-color-verde\\\/#primaryimage\",\"url\":\"https:\\\/\\\/discosdeluxe.com\\\/wp-content\\\/uploads\\\/2025\\\/10\\\/IMG_5813-1.jpg\",\"contentUrl\":\"https:\\\/\\\/discosdeluxe.com\\\/wp-content\\\/uploads\\\/2025\\\/10\\\/IMG_5813-1.jpg\",\"width\":2409,\"height\":1806,\"caption\":\"VIVA SUECIA\"},{\"@type\":\"BreadcrumbList\",\"@id\":\"https:\\\/\\\/discosdeluxe.com\\\/en\\\/music-store\\\/viva-suecia-hecho-en-tiempos-de-paz-1-lp-ed-limitada-vinilo-color-verde\\\/#breadcrumb\",\"itemListElement\":[{\"@type\":\"ListItem\",\"position\":1,\"name\":\"Portada\",\"item\":\"https:\\\/\\\/discosdeluxe.com\\\/en\\\/\"},{\"@type\":\"ListItem\",\"position\":2,\"name\":\"Music store\",\"item\":\"https:\\\/\\\/discosdeluxe.com\\\/en\\\/shop\\\/\"},{\"@type\":\"ListItem\",\"position\":3,\"name\":\"VIVA SUECIA &#8221; HECHO EN TIEMPOS DE PAZ &#8221; 1 LP. LIMITED EDITION. GREEN VINYL\"}]},{\"@type\":\"WebSite\",\"@id\":\"https:\\\/\\\/discosdeluxe.com\\\/en\\\/#website\",\"url\":\"https:\\\/\\\/discosdeluxe.com\\\/en\\\/\",\"name\":\"Tienda de discos y vinilos online, Discos Deluxe\",\"description\":\"Deluxe Records, your vinyl store, buy online. Find all the new music, rarities, LPs, 7\\\" singles, limited editions, ...\",\"publisher\":{\"@id\":\"https:\\\/\\\/discosdeluxe.com\\\/en\\\/#organization\"},\"alternateName\":\"Discos Deluxe\",\"potentialAction\":[{\"@type\":\"SearchAction\",\"target\":{\"@type\":\"EntryPoint\",\"urlTemplate\":\"https:\\\/\\\/discosdeluxe.com\\\/en\\\/?s={search_term_string}\"},\"query-input\":{\"@type\":\"PropertyValueSpecification\",\"valueRequired\":true,\"valueName\":\"search_term_string\"}}],\"inLanguage\":\"en-US\"},{\"@type\":\"Organization\",\"@id\":\"https:\\\/\\\/discosdeluxe.com\\\/en\\\/#organization\",\"name\":\"Discos Deluxe\",\"url\":\"https:\\\/\\\/discosdeluxe.com\\\/en\\\/\",\"logo\":{\"@type\":\"ImageObject\",\"inLanguage\":\"en-US\",\"@id\":\"https:\\\/\\\/discosdeluxe.com\\\/en\\\/#\\\/schema\\\/logo\\\/image\\\/\",\"url\":\"https:\\\/\\\/discosdeluxe.com\\\/wp-content\\\/uploads\\\/2021\\\/05\\\/logo-discos-deluxe.png\",\"contentUrl\":\"https:\\\/\\\/discosdeluxe.com\\\/wp-content\\\/uploads\\\/2021\\\/05\\\/logo-discos-deluxe.png\",\"width\":657,\"height\":200,\"caption\":\"Discos Deluxe\"},\"image\":{\"@id\":\"https:\\\/\\\/discosdeluxe.com\\\/en\\\/#\\\/schema\\\/logo\\\/image\\\/\"},\"sameAs\":[\"https:\\\/\\\/www.facebook.com\\\/DiscosDeluxe\\\/\",\"https:\\\/\\\/www.instagram.com\\\/discosdeluxemusic\\\/\"]}]}<\/script>\n<!-- \/ Yoast SEO plugin. -->","yoast_head_json":{"title":"VIVA SUECIA","description":"VIVA SUECIA \" HECHO EN TIEMPOS DE PAZ \" 1 LP. Limited edition green vinyl. Gatefold sleeve. Available now.","robots":{"index":"index","follow":"follow","max-snippet":"max-snippet:-1","max-image-preview":"max-image-preview:large","max-video-preview":"max-video-preview:-1"},"canonical":"https:\/\/discosdeluxe.com\/en\/music-store\/viva-suecia-hecho-en-tiempos-de-paz-1-lp-ed-limitada-vinilo-color-verde\/","og_locale":"en_US","og_type":"article","og_title":"VIVA SUECIA","og_description":"VIVA SUECIA \" HECHO EN TIEMPOS DE PAZ \" 1 LP. Limited edition green vinyl. Gatefold sleeve. Available now.","og_url":"https:\/\/discosdeluxe.com\/en\/music-store\/viva-suecia-hecho-en-tiempos-de-paz-1-lp-ed-limitada-vinilo-color-verde\/","og_site_name":"Online record and vinyl store, Discos Deluxe","article_publisher":"https:\/\/www.facebook.com\/DiscosDeluxe\/","article_modified_time":"2025-10-16T14:15:16+00:00","og_image":[{"width":657,"height":200,"url":"https:\/\/discosdeluxe.com\/wp-content\/uploads\/2021\/05\/logo-discos-deluxe.png","type":"image\/png"}],"twitter_card":"summary_large_image","twitter_misc":{"Est. reading time":"2 minutes"},"schema":{"@context":"https:\/\/schema.org","@graph":[{"@type":"WebPage","@id":"https:\/\/discosdeluxe.com\/en\/music-store\/viva-suecia-hecho-en-tiempos-de-paz-1-lp-ed-limitada-vinilo-color-verde\/","url":"https:\/\/discosdeluxe.com\/en\/music-store\/viva-suecia-hecho-en-tiempos-de-paz-1-lp-ed-limitada-vinilo-color-verde\/","name":"VIVA SUECIA","isPartOf":{"@id":"https:\/\/discosdeluxe.com\/en\/#website"},"primaryImageOfPage":{"@id":"https:\/\/discosdeluxe.com\/en\/music-store\/viva-suecia-hecho-en-tiempos-de-paz-1-lp-ed-limitada-vinilo-color-verde\/#primaryimage"},"image":{"@id":"https:\/\/discosdeluxe.com\/en\/music-store\/viva-suecia-hecho-en-tiempos-de-paz-1-lp-ed-limitada-vinilo-color-verde\/#primaryimage"},"thumbnailUrl":"https:\/\/discosdeluxe.com\/wp-content\/uploads\/2025\/10\/IMG_5813-1.jpg","datePublished":"2025-10-16T14:06:32+00:00","dateModified":"2025-10-16T14:15:16+00:00","description":"VIVA SUECIA \" HECHO EN TIEMPOS DE PAZ \" 1 LP. Limited edition green vinyl. Gatefold sleeve. Available now.","breadcrumb":{"@id":"https:\/\/discosdeluxe.com\/en\/music-store\/viva-suecia-hecho-en-tiempos-de-paz-1-lp-ed-limitada-vinilo-color-verde\/#breadcrumb"},"inLanguage":"en-US","potentialAction":[{"@type":"ReadAction","target":["https:\/\/discosdeluxe.com\/en\/music-store\/viva-suecia-hecho-en-tiempos-de-paz-1-lp-ed-limitada-vinilo-color-verde\/"]}]},{"@type":"ImageObject","inLanguage":"en-US","@id":"https:\/\/discosdeluxe.com\/en\/music-store\/viva-suecia-hecho-en-tiempos-de-paz-1-lp-ed-limitada-vinilo-color-verde\/#primaryimage","url":"https:\/\/discosdeluxe.com\/wp-content\/uploads\/2025\/10\/IMG_5813-1.jpg","contentUrl":"https:\/\/discosdeluxe.com\/wp-content\/uploads\/2025\/10\/IMG_5813-1.jpg","width":2409,"height":1806,"caption":"VIVA SUECIA"},{"@type":"BreadcrumbList","@id":"https:\/\/discosdeluxe.com\/en\/music-store\/viva-suecia-hecho-en-tiempos-de-paz-1-lp-ed-limitada-vinilo-color-verde\/#breadcrumb","itemListElement":[{"@type":"ListItem","position":1,"name":"Portada","item":"https:\/\/discosdeluxe.com\/en\/"},{"@type":"ListItem","position":2,"name":"Music store","item":"https:\/\/discosdeluxe.com\/en\/shop\/"},{"@type":"ListItem","position":3,"name":"VIVA SUECIA &#8221; HECHO EN TIEMPOS DE PAZ &#8221; 1 LP. LIMITED EDITION. GREEN VINYL"}]},{"@type":"WebSite","@id":"https:\/\/discosdeluxe.com\/en\/#website","url":"https:\/\/discosdeluxe.com\/en\/","name":"Tienda de discos y vinilos online, Discos Deluxe","description":"Deluxe Records, your vinyl store, buy online. Find all the new music, rarities, LPs, 7\" singles, limited editions, ...","publisher":{"@id":"https:\/\/discosdeluxe.com\/en\/#organization"},"alternateName":"Discos Deluxe","potentialAction":[{"@type":"SearchAction","target":{"@type":"EntryPoint","urlTemplate":"https:\/\/discosdeluxe.com\/en\/?s={search_term_string}"},"query-input":{"@type":"PropertyValueSpecification","valueRequired":true,"valueName":"search_term_string"}}],"inLanguage":"en-US"},{"@type":"Organization","@id":"https:\/\/discosdeluxe.com\/en\/#organization","name":"Discos Deluxe","url":"https:\/\/discosdeluxe.com\/en\/","logo":{"@type":"ImageObject","inLanguage":"en-US","@id":"https:\/\/discosdeluxe.com\/en\/#\/schema\/logo\/image\/","url":"https:\/\/discosdeluxe.com\/wp-content\/uploads\/2021\/05\/logo-discos-deluxe.png","contentUrl":"https:\/\/discosdeluxe.com\/wp-content\/uploads\/2021\/05\/logo-discos-deluxe.png","width":657,"height":200,"caption":"Discos Deluxe"},"image":{"@id":"https:\/\/discosdeluxe.com\/en\/#\/schema\/logo\/image\/"},"sameAs":["https:\/\/www.facebook.com\/DiscosDeluxe\/","https:\/\/www.instagram.com\/discosdeluxemusic\/"]}]}},"_links":{"self":[{"href":"https:\/\/discosdeluxe.com\/en\/wp-json\/wp\/v2\/product\/26162","targetHints":{"allow":["GET"]}}],"collection":[{"href":"https:\/\/discosdeluxe.com\/en\/wp-json\/wp\/v2\/product"}],"about":[{"href":"https:\/\/discosdeluxe.com\/en\/wp-json\/wp\/v2\/types\/product"}],"wp:featuredmedia":[{"embeddable":true,"href":"https:\/\/discosdeluxe.com\/en\/wp-json\/wp\/v2\/media\/26281"}],"wp:attachment":[{"href":"https:\/\/discosdeluxe.com\/en\/wp-json\/wp\/v2\/media?parent=26162"}],"wp:term":[{"taxonomy":"product_brand","embeddable":true,"href":"https:\/\/discosdeluxe.com\/en\/wp-json\/wp\/v2\/product_brand?post=26162"},{"taxonomy":"product_cat","embeddable":true,"href":"https:\/\/discosdeluxe.com\/en\/wp-json\/wp\/v2\/product_cat?post=26162"},{"taxonomy":"product_tag","embeddable":true,"href":"https:\/\/discosdeluxe.com\/en\/wp-json\/wp\/v2\/product_tag?post=26162"}],"curies":[{"name":"wp","href":"https:\/\/api.w.org\/{rel}","templated":true}]}}