{"id":26399,"date":"2025-11-18T14:54:15","date_gmt":"2025-11-18T14:54:15","guid":{"rendered":"https:\/\/discosdeluxe.com\/music-store\/heroes-del-silencio-avalancha-1-lp\/"},"modified":"2025-11-18T15:01:14","modified_gmt":"2025-11-18T15:01:14","slug":"heroes-del-silencio-avalancha-1-lp","status":"publish","type":"product","link":"https:\/\/discosdeluxe.com\/en\/music-store\/heroes-del-silencio-avalancha-1-lp\/","title":{"rendered":"HEROES DEL SILENCIO &#8221; AVALANCHA &#8221; 1 LP"},"content":{"rendered":"<p>HEROES DEL SILENCIO &#8221; AVALANCHE&#8221; Avalanche is the title of the fourth and final studio album by the Spanish rock group Heroes del Silencio.<\/p>\n<p>It was recorded at Soundcastle Studios in Los Angeles, California, under the production of Andrew Jackson and Bob Ezrin.<\/p>\n<p>The record label EMI released HEROES DEL SILENCIO &#8220;AVALANCHA&#8221; to the market on September 18, 1995.<\/p>\n<p>This album, unlike El esp\u00edritu del vino and Senderos de traici\u00f3n, marks a great change in the music of H\u00e9roes del Silencio.<\/p>\n<p>Alan Boguslavsky officially joins the band and is christened &#8220;The Golden Aztec&#8221; by Enrique Bunbury.<\/p>\n<p>The lyrics denote a concern or a way of feeling regarding social issues: apathy, overwhelm, greed, the feelings of people who wave the flag of stagnation, emerge in this album.<\/p>\n<p>Avalanche invites change.<\/p>\n<p>It not only demonstrates the maturity of the group.<\/p>\n<p>Musically speaking, it invites people not to remain silent, to stand up and break the chains of oppression.<\/p>\n","protected":false},"excerpt":{"rendered":"<p>HEROES DEL SILENCIO &#8221; AVALANCHE&#8221; Avalanche is the title of the fourth and final studio album by the Spanish rock group Heroes del Silencio. It was recorded at Soundcastle Studios in Los Angeles, California, under the production of Andrew Jackson and Bob Ezrin. The record label EMI released HEROES DEL SILENCIO &#8220;AVALANCHA&#8221; to the market [&hellip;]<\/p>\n","protected":false},"featured_media":26396,"template":"","meta":[],"product_brand":[],"product_cat":[993,802,1164,806],"product_tag":[],"class_list":{"0":"post-26399","1":"product","2":"type-product","3":"status-publish","4":"has-post-thumbnail","6":"product_cat-heroes-del-silencio-en","7":"product_cat-new-releases","8":"product_cat-rock-en","9":"product_cat-vinyl-lps","11":"first","12":"instock","13":"shipping-taxable","14":"purchasable","15":"product-type-simple"},"acf":[],"yoast_head":"<!-- This site is optimized with the Yoast SEO plugin v27.3 - https:\/\/yoast.com\/product\/yoast-seo-wordpress\/ -->\n<title>HEROES DEL SILENCIO &quot; AVALANCHA &quot;<\/title>\n<meta name=\"description\" content=\"HEROES DEL SILENCIO &quot; AVALANCHA&quot; 1 LP. It is the title of the fourth and last studio album by the Spanish rock group Heroes del Silencio.\" \/>\n<meta name=\"robots\" content=\"index, follow, max-snippet:-1, max-image-preview:large, max-video-preview:-1\" \/>\n<link rel=\"canonical\" href=\"https:\/\/discosdeluxe.com\/en\/music-store\/heroes-del-silencio-avalancha-1-lp\/\" \/>\n<meta property=\"og:locale\" content=\"en_US\" \/>\n<meta property=\"og:type\" content=\"article\" \/>\n<meta property=\"og:title\" content=\"HEROES DEL SILENCIO &quot; AVALANCHA &quot;\" \/>\n<meta property=\"og:description\" content=\"HEROES DEL SILENCIO &quot; AVALANCHA&quot; 1 LP. It is the title of the fourth and last studio album by the Spanish rock group Heroes del Silencio.\" \/>\n<meta property=\"og:url\" content=\"https:\/\/discosdeluxe.com\/en\/music-store\/heroes-del-silencio-avalancha-1-lp\/\" \/>\n<meta property=\"og:site_name\" content=\"Online record and vinyl store, Discos Deluxe\" \/>\n<meta property=\"article:publisher\" content=\"https:\/\/www.facebook.com\/DiscosDeluxe\/\" \/>\n<meta property=\"article:modified_time\" content=\"2025-11-18T15:01:14+00:00\" \/>\n<meta property=\"og:image\" content=\"https:\/\/discosdeluxe.com\/wp-content\/uploads\/2025\/11\/Disseny-sense-titol-scaled.jpg\" \/>\n\t<meta property=\"og:image:width\" content=\"2560\" \/>\n\t<meta property=\"og:image:height\" content=\"1920\" \/>\n\t<meta property=\"og:image:type\" content=\"image\/jpeg\" \/>\n<meta name=\"twitter:card\" content=\"summary_large_image\" \/>\n<meta name=\"twitter:label1\" content=\"Est. reading time\" \/>\n\t<meta name=\"twitter:data1\" content=\"1 minute\" \/>\n<script type=\"application\/ld+json\" class=\"yoast-schema-graph\">{\"@context\":\"https:\\\/\\\/schema.org\",\"@graph\":[{\"@type\":\"WebPage\",\"@id\":\"https:\\\/\\\/discosdeluxe.com\\\/en\\\/music-store\\\/heroes-del-silencio-avalancha-1-lp\\\/\",\"url\":\"https:\\\/\\\/discosdeluxe.com\\\/en\\\/music-store\\\/heroes-del-silencio-avalancha-1-lp\\\/\",\"name\":\"HEROES DEL SILENCIO \\\" AVALANCHA \\\"\",\"isPartOf\":{\"@id\":\"https:\\\/\\\/discosdeluxe.com\\\/en\\\/#website\"},\"primaryImageOfPage\":{\"@id\":\"https:\\\/\\\/discosdeluxe.com\\\/en\\\/music-store\\\/heroes-del-silencio-avalancha-1-lp\\\/#primaryimage\"},\"image\":{\"@id\":\"https:\\\/\\\/discosdeluxe.com\\\/en\\\/music-store\\\/heroes-del-silencio-avalancha-1-lp\\\/#primaryimage\"},\"thumbnailUrl\":\"https:\\\/\\\/discosdeluxe.com\\\/wp-content\\\/uploads\\\/2025\\\/11\\\/Disseny-sense-titol-scaled.jpg\",\"datePublished\":\"2025-11-18T14:54:15+00:00\",\"dateModified\":\"2025-11-18T15:01:14+00:00\",\"description\":\"HEROES DEL SILENCIO \\\" AVALANCHA\\\" 1 LP. It is the title of the fourth and last studio album by the Spanish rock group Heroes del Silencio.\",\"breadcrumb\":{\"@id\":\"https:\\\/\\\/discosdeluxe.com\\\/en\\\/music-store\\\/heroes-del-silencio-avalancha-1-lp\\\/#breadcrumb\"},\"inLanguage\":\"en-US\",\"potentialAction\":[{\"@type\":\"ReadAction\",\"target\":[\"https:\\\/\\\/discosdeluxe.com\\\/en\\\/music-store\\\/heroes-del-silencio-avalancha-1-lp\\\/\"]}]},{\"@type\":\"ImageObject\",\"inLanguage\":\"en-US\",\"@id\":\"https:\\\/\\\/discosdeluxe.com\\\/en\\\/music-store\\\/heroes-del-silencio-avalancha-1-lp\\\/#primaryimage\",\"url\":\"https:\\\/\\\/discosdeluxe.com\\\/wp-content\\\/uploads\\\/2025\\\/11\\\/Disseny-sense-titol-scaled.jpg\",\"contentUrl\":\"https:\\\/\\\/discosdeluxe.com\\\/wp-content\\\/uploads\\\/2025\\\/11\\\/Disseny-sense-titol-scaled.jpg\",\"width\":2560,\"height\":1920,\"caption\":\"HEROES DEL SILENCIO \\\" AVALANCHA \\\"\"},{\"@type\":\"BreadcrumbList\",\"@id\":\"https:\\\/\\\/discosdeluxe.com\\\/en\\\/music-store\\\/heroes-del-silencio-avalancha-1-lp\\\/#breadcrumb\",\"itemListElement\":[{\"@type\":\"ListItem\",\"position\":1,\"name\":\"Portada\",\"item\":\"https:\\\/\\\/discosdeluxe.com\\\/en\\\/\"},{\"@type\":\"ListItem\",\"position\":2,\"name\":\"Music store\",\"item\":\"https:\\\/\\\/discosdeluxe.com\\\/en\\\/shop\\\/\"},{\"@type\":\"ListItem\",\"position\":3,\"name\":\"HEROES DEL SILENCIO &#8221; AVALANCHA &#8221; 1 LP\"}]},{\"@type\":\"WebSite\",\"@id\":\"https:\\\/\\\/discosdeluxe.com\\\/en\\\/#website\",\"url\":\"https:\\\/\\\/discosdeluxe.com\\\/en\\\/\",\"name\":\"Tienda de discos y vinilos online, Discos Deluxe\",\"description\":\"Deluxe Records, your vinyl store, buy online. Find all the new music, rarities, LPs, 7\\\" singles, limited editions, ...\",\"publisher\":{\"@id\":\"https:\\\/\\\/discosdeluxe.com\\\/en\\\/#organization\"},\"alternateName\":\"Discos Deluxe\",\"potentialAction\":[{\"@type\":\"SearchAction\",\"target\":{\"@type\":\"EntryPoint\",\"urlTemplate\":\"https:\\\/\\\/discosdeluxe.com\\\/en\\\/?s={search_term_string}\"},\"query-input\":{\"@type\":\"PropertyValueSpecification\",\"valueRequired\":true,\"valueName\":\"search_term_string\"}}],\"inLanguage\":\"en-US\"},{\"@type\":\"Organization\",\"@id\":\"https:\\\/\\\/discosdeluxe.com\\\/en\\\/#organization\",\"name\":\"Discos Deluxe\",\"url\":\"https:\\\/\\\/discosdeluxe.com\\\/en\\\/\",\"logo\":{\"@type\":\"ImageObject\",\"inLanguage\":\"en-US\",\"@id\":\"https:\\\/\\\/discosdeluxe.com\\\/en\\\/#\\\/schema\\\/logo\\\/image\\\/\",\"url\":\"https:\\\/\\\/discosdeluxe.com\\\/wp-content\\\/uploads\\\/2021\\\/05\\\/logo-discos-deluxe.png\",\"contentUrl\":\"https:\\\/\\\/discosdeluxe.com\\\/wp-content\\\/uploads\\\/2021\\\/05\\\/logo-discos-deluxe.png\",\"width\":657,\"height\":200,\"caption\":\"Discos Deluxe\"},\"image\":{\"@id\":\"https:\\\/\\\/discosdeluxe.com\\\/en\\\/#\\\/schema\\\/logo\\\/image\\\/\"},\"sameAs\":[\"https:\\\/\\\/www.facebook.com\\\/DiscosDeluxe\\\/\",\"https:\\\/\\\/www.instagram.com\\\/discosdeluxemusic\\\/\"]}]}<\/script>\n<!-- \/ Yoast SEO plugin. -->","yoast_head_json":{"title":"HEROES DEL SILENCIO \" AVALANCHA \"","description":"HEROES DEL SILENCIO \" AVALANCHA\" 1 LP. It is the title of the fourth and last studio album by the Spanish rock group Heroes del Silencio.","robots":{"index":"index","follow":"follow","max-snippet":"max-snippet:-1","max-image-preview":"max-image-preview:large","max-video-preview":"max-video-preview:-1"},"canonical":"https:\/\/discosdeluxe.com\/en\/music-store\/heroes-del-silencio-avalancha-1-lp\/","og_locale":"en_US","og_type":"article","og_title":"HEROES DEL SILENCIO \" AVALANCHA \"","og_description":"HEROES DEL SILENCIO \" AVALANCHA\" 1 LP. It is the title of the fourth and last studio album by the Spanish rock group Heroes del Silencio.","og_url":"https:\/\/discosdeluxe.com\/en\/music-store\/heroes-del-silencio-avalancha-1-lp\/","og_site_name":"Online record and vinyl store, Discos Deluxe","article_publisher":"https:\/\/www.facebook.com\/DiscosDeluxe\/","article_modified_time":"2025-11-18T15:01:14+00:00","og_image":[{"width":2560,"height":1920,"url":"https:\/\/discosdeluxe.com\/wp-content\/uploads\/2025\/11\/Disseny-sense-titol-scaled.jpg","type":"image\/jpeg"}],"twitter_card":"summary_large_image","twitter_misc":{"Est. reading time":"1 minute"},"schema":{"@context":"https:\/\/schema.org","@graph":[{"@type":"WebPage","@id":"https:\/\/discosdeluxe.com\/en\/music-store\/heroes-del-silencio-avalancha-1-lp\/","url":"https:\/\/discosdeluxe.com\/en\/music-store\/heroes-del-silencio-avalancha-1-lp\/","name":"HEROES DEL SILENCIO \" AVALANCHA \"","isPartOf":{"@id":"https:\/\/discosdeluxe.com\/en\/#website"},"primaryImageOfPage":{"@id":"https:\/\/discosdeluxe.com\/en\/music-store\/heroes-del-silencio-avalancha-1-lp\/#primaryimage"},"image":{"@id":"https:\/\/discosdeluxe.com\/en\/music-store\/heroes-del-silencio-avalancha-1-lp\/#primaryimage"},"thumbnailUrl":"https:\/\/discosdeluxe.com\/wp-content\/uploads\/2025\/11\/Disseny-sense-titol-scaled.jpg","datePublished":"2025-11-18T14:54:15+00:00","dateModified":"2025-11-18T15:01:14+00:00","description":"HEROES DEL SILENCIO \" AVALANCHA\" 1 LP. It is the title of the fourth and last studio album by the Spanish rock group Heroes del Silencio.","breadcrumb":{"@id":"https:\/\/discosdeluxe.com\/en\/music-store\/heroes-del-silencio-avalancha-1-lp\/#breadcrumb"},"inLanguage":"en-US","potentialAction":[{"@type":"ReadAction","target":["https:\/\/discosdeluxe.com\/en\/music-store\/heroes-del-silencio-avalancha-1-lp\/"]}]},{"@type":"ImageObject","inLanguage":"en-US","@id":"https:\/\/discosdeluxe.com\/en\/music-store\/heroes-del-silencio-avalancha-1-lp\/#primaryimage","url":"https:\/\/discosdeluxe.com\/wp-content\/uploads\/2025\/11\/Disseny-sense-titol-scaled.jpg","contentUrl":"https:\/\/discosdeluxe.com\/wp-content\/uploads\/2025\/11\/Disseny-sense-titol-scaled.jpg","width":2560,"height":1920,"caption":"HEROES DEL SILENCIO \" AVALANCHA \""},{"@type":"BreadcrumbList","@id":"https:\/\/discosdeluxe.com\/en\/music-store\/heroes-del-silencio-avalancha-1-lp\/#breadcrumb","itemListElement":[{"@type":"ListItem","position":1,"name":"Portada","item":"https:\/\/discosdeluxe.com\/en\/"},{"@type":"ListItem","position":2,"name":"Music store","item":"https:\/\/discosdeluxe.com\/en\/shop\/"},{"@type":"ListItem","position":3,"name":"HEROES DEL SILENCIO &#8221; AVALANCHA &#8221; 1 LP"}]},{"@type":"WebSite","@id":"https:\/\/discosdeluxe.com\/en\/#website","url":"https:\/\/discosdeluxe.com\/en\/","name":"Tienda de discos y vinilos online, Discos Deluxe","description":"Deluxe Records, your vinyl store, buy online. Find all the new music, rarities, LPs, 7\" singles, limited editions, ...","publisher":{"@id":"https:\/\/discosdeluxe.com\/en\/#organization"},"alternateName":"Discos Deluxe","potentialAction":[{"@type":"SearchAction","target":{"@type":"EntryPoint","urlTemplate":"https:\/\/discosdeluxe.com\/en\/?s={search_term_string}"},"query-input":{"@type":"PropertyValueSpecification","valueRequired":true,"valueName":"search_term_string"}}],"inLanguage":"en-US"},{"@type":"Organization","@id":"https:\/\/discosdeluxe.com\/en\/#organization","name":"Discos Deluxe","url":"https:\/\/discosdeluxe.com\/en\/","logo":{"@type":"ImageObject","inLanguage":"en-US","@id":"https:\/\/discosdeluxe.com\/en\/#\/schema\/logo\/image\/","url":"https:\/\/discosdeluxe.com\/wp-content\/uploads\/2021\/05\/logo-discos-deluxe.png","contentUrl":"https:\/\/discosdeluxe.com\/wp-content\/uploads\/2021\/05\/logo-discos-deluxe.png","width":657,"height":200,"caption":"Discos Deluxe"},"image":{"@id":"https:\/\/discosdeluxe.com\/en\/#\/schema\/logo\/image\/"},"sameAs":["https:\/\/www.facebook.com\/DiscosDeluxe\/","https:\/\/www.instagram.com\/discosdeluxemusic\/"]}]}},"_links":{"self":[{"href":"https:\/\/discosdeluxe.com\/en\/wp-json\/wp\/v2\/product\/26399","targetHints":{"allow":["GET"]}}],"collection":[{"href":"https:\/\/discosdeluxe.com\/en\/wp-json\/wp\/v2\/product"}],"about":[{"href":"https:\/\/discosdeluxe.com\/en\/wp-json\/wp\/v2\/types\/product"}],"wp:featuredmedia":[{"embeddable":true,"href":"https:\/\/discosdeluxe.com\/en\/wp-json\/wp\/v2\/media\/26396"}],"wp:attachment":[{"href":"https:\/\/discosdeluxe.com\/en\/wp-json\/wp\/v2\/media?parent=26399"}],"wp:term":[{"taxonomy":"product_brand","embeddable":true,"href":"https:\/\/discosdeluxe.com\/en\/wp-json\/wp\/v2\/product_brand?post=26399"},{"taxonomy":"product_cat","embeddable":true,"href":"https:\/\/discosdeluxe.com\/en\/wp-json\/wp\/v2\/product_cat?post=26399"},{"taxonomy":"product_tag","embeddable":true,"href":"https:\/\/discosdeluxe.com\/en\/wp-json\/wp\/v2\/product_tag?post=26399"}],"curies":[{"name":"wp","href":"https:\/\/api.w.org\/{rel}","templated":true}]}}