{"id":26755,"date":"2026-01-10T10:52:13","date_gmt":"2026-01-10T10:52:13","guid":{"rendered":"https:\/\/discosdeluxe.com\/music-store\/rosalia-lux-2-lp-ed-limitada-vinilo-cristal-transparente-contiene-poster\/"},"modified":"2026-01-10T10:57:20","modified_gmt":"2026-01-10T10:57:20","slug":"rosalia-lux-2-lp-ed-limitada-vinilo-cristal-transparente-contiene-poster","status":"publish","type":"product","link":"https:\/\/discosdeluxe.com\/en\/music-store\/rosalia-lux-2-lp-ed-limitada-vinilo-cristal-transparente-contiene-poster\/","title":{"rendered":"ROSALIA &#8221; LUX &#8221; 2 LP. LIMITED EDITION. ON CRYSTAL CLEAR VINYL INCLUDES FOLDOUT POSTER."},"content":{"rendered":"<p>ROSALIA &#8220;LUX&#8221; LUX &#8211; The new album by ROSAL\u00cdA<\/p>\n<p>LUX is the fourth studio album by singer, producer, songwriter, and multiple GRAMMY winner, ROSAL\u00cdA. It is her most innovative and global release to date. LUX is a feat of vision and mastery.  <\/p>\n<p>The album was recorded with the London Symphony Orchestra and features vocals from artists such as Bj\u00f6rk, Carminho, Estrella Morente, Silvia P\u00e9rez Cruz, and the choirs of the Escolania de Montserrat and L&#8217;Orfe\u00f3 Catal\u00e0. ROSAL\u00cdA explores themes of feminine mysticism, transformation, and spirituality, tracing the arc between illusion and loss, faith and individuality. <\/p>\n<p>The LUX vinyl contains three additional songs that are exclusive to the physical format.<\/p>\n","protected":false},"excerpt":{"rendered":"<p>ROSALIA &#8220;LUX&#8221; LUX &#8211; The new album by ROSAL\u00cdA LUX is the fourth studio album by singer, producer, songwriter, and multiple GRAMMY winner, ROSAL\u00cdA. It is her most innovative and global release to date. LUX is a feat of vision and mastery. The album was recorded with the London Symphony Orchestra and features vocals from [&hellip;]<\/p>\n","protected":false},"featured_media":26754,"template":"","meta":[],"product_brand":[],"product_cat":[805,808,802,1159,935,806],"product_tag":[],"class_list":{"0":"post-26755","1":"product","2":"type-product","3":"status-publish","4":"has-post-thumbnail","6":"product_cat-colored-vinyls","7":"product_cat-limited-edition","8":"product_cat-new-releases","9":"product_cat-pop-en","10":"product_cat-rosalia-en","11":"product_cat-vinyl-lps","13":"first","14":"instock","15":"shipping-taxable","16":"purchasable","17":"product-type-simple"},"acf":[],"yoast_head":"<!-- This site is optimized with the Yoast SEO plugin v27.3 - https:\/\/yoast.com\/product\/yoast-seo-wordpress\/ -->\n<title>ROSALIA &quot; LUX &quot;<\/title>\n<meta name=\"description\" content=\"ROSALIA &quot; LUX &quot; 2 Lp. limited edition. Crystal clear vinyl decal. Includes an exclusive poster. Available now in our store.\" \/>\n<meta name=\"robots\" content=\"index, follow, max-snippet:-1, max-image-preview:large, max-video-preview:-1\" \/>\n<link rel=\"canonical\" href=\"https:\/\/discosdeluxe.com\/en\/music-store\/rosalia-lux-2-lp-ed-limitada-vinilo-cristal-transparente-contiene-poster\/\" \/>\n<meta property=\"og:locale\" content=\"en_US\" \/>\n<meta property=\"og:type\" content=\"article\" \/>\n<meta property=\"og:title\" content=\"ROSALIA &quot; LUX &quot;\" \/>\n<meta property=\"og:description\" content=\"ROSALIA &quot; LUX &quot; 2 Lp. limited edition. Crystal clear vinyl decal. Includes an exclusive poster. Available now in our store.\" \/>\n<meta property=\"og:url\" content=\"https:\/\/discosdeluxe.com\/en\/music-store\/rosalia-lux-2-lp-ed-limitada-vinilo-cristal-transparente-contiene-poster\/\" \/>\n<meta property=\"og:site_name\" content=\"Online record and vinyl store, Discos Deluxe\" \/>\n<meta property=\"article:publisher\" content=\"https:\/\/www.facebook.com\/DiscosDeluxe\/\" \/>\n<meta property=\"article:modified_time\" content=\"2026-01-10T10:57:20+00:00\" \/>\n<meta property=\"og:image\" content=\"https:\/\/discosdeluxe.com\/wp-content\/uploads\/2026\/01\/IMG_6307-scaled.jpg\" \/>\n\t<meta property=\"og:image:width\" content=\"2560\" \/>\n\t<meta property=\"og:image:height\" content=\"1920\" \/>\n\t<meta property=\"og:image:type\" content=\"image\/jpeg\" \/>\n<meta name=\"twitter:card\" content=\"summary_large_image\" \/>\n<meta name=\"twitter:label1\" content=\"Est. reading time\" \/>\n\t<meta name=\"twitter:data1\" content=\"1 minute\" \/>\n<script type=\"application\/ld+json\" class=\"yoast-schema-graph\">{\"@context\":\"https:\\\/\\\/schema.org\",\"@graph\":[{\"@type\":\"WebPage\",\"@id\":\"https:\\\/\\\/discosdeluxe.com\\\/en\\\/music-store\\\/rosalia-lux-2-lp-ed-limitada-vinilo-cristal-transparente-contiene-poster\\\/\",\"url\":\"https:\\\/\\\/discosdeluxe.com\\\/en\\\/music-store\\\/rosalia-lux-2-lp-ed-limitada-vinilo-cristal-transparente-contiene-poster\\\/\",\"name\":\"ROSALIA \\\" LUX \\\"\",\"isPartOf\":{\"@id\":\"https:\\\/\\\/discosdeluxe.com\\\/en\\\/#website\"},\"primaryImageOfPage\":{\"@id\":\"https:\\\/\\\/discosdeluxe.com\\\/en\\\/music-store\\\/rosalia-lux-2-lp-ed-limitada-vinilo-cristal-transparente-contiene-poster\\\/#primaryimage\"},\"image\":{\"@id\":\"https:\\\/\\\/discosdeluxe.com\\\/en\\\/music-store\\\/rosalia-lux-2-lp-ed-limitada-vinilo-cristal-transparente-contiene-poster\\\/#primaryimage\"},\"thumbnailUrl\":\"https:\\\/\\\/discosdeluxe.com\\\/wp-content\\\/uploads\\\/2026\\\/01\\\/IMG_6307-scaled.jpg\",\"datePublished\":\"2026-01-10T10:52:13+00:00\",\"dateModified\":\"2026-01-10T10:57:20+00:00\",\"description\":\"ROSALIA \\\" LUX \\\" 2 Lp. limited edition. Crystal clear vinyl decal. Includes an exclusive poster. Available now in our store.\",\"breadcrumb\":{\"@id\":\"https:\\\/\\\/discosdeluxe.com\\\/en\\\/music-store\\\/rosalia-lux-2-lp-ed-limitada-vinilo-cristal-transparente-contiene-poster\\\/#breadcrumb\"},\"inLanguage\":\"en-US\",\"potentialAction\":[{\"@type\":\"ReadAction\",\"target\":[\"https:\\\/\\\/discosdeluxe.com\\\/en\\\/music-store\\\/rosalia-lux-2-lp-ed-limitada-vinilo-cristal-transparente-contiene-poster\\\/\"]}]},{\"@type\":\"ImageObject\",\"inLanguage\":\"en-US\",\"@id\":\"https:\\\/\\\/discosdeluxe.com\\\/en\\\/music-store\\\/rosalia-lux-2-lp-ed-limitada-vinilo-cristal-transparente-contiene-poster\\\/#primaryimage\",\"url\":\"https:\\\/\\\/discosdeluxe.com\\\/wp-content\\\/uploads\\\/2026\\\/01\\\/IMG_6307-scaled.jpg\",\"contentUrl\":\"https:\\\/\\\/discosdeluxe.com\\\/wp-content\\\/uploads\\\/2026\\\/01\\\/IMG_6307-scaled.jpg\",\"width\":2560,\"height\":1920,\"caption\":\"LUX\"},{\"@type\":\"BreadcrumbList\",\"@id\":\"https:\\\/\\\/discosdeluxe.com\\\/en\\\/music-store\\\/rosalia-lux-2-lp-ed-limitada-vinilo-cristal-transparente-contiene-poster\\\/#breadcrumb\",\"itemListElement\":[{\"@type\":\"ListItem\",\"position\":1,\"name\":\"Portada\",\"item\":\"https:\\\/\\\/discosdeluxe.com\\\/en\\\/\"},{\"@type\":\"ListItem\",\"position\":2,\"name\":\"Music store\",\"item\":\"https:\\\/\\\/discosdeluxe.com\\\/en\\\/shop\\\/\"},{\"@type\":\"ListItem\",\"position\":3,\"name\":\"ROSALIA &#8221; LUX &#8221; 2 LP. LIMITED EDITION. ON CRYSTAL CLEAR VINYL INCLUDES FOLDOUT POSTER.\"}]},{\"@type\":\"WebSite\",\"@id\":\"https:\\\/\\\/discosdeluxe.com\\\/en\\\/#website\",\"url\":\"https:\\\/\\\/discosdeluxe.com\\\/en\\\/\",\"name\":\"Tienda de discos y vinilos online, Discos Deluxe\",\"description\":\"Deluxe Records, your vinyl store, buy online. Find all the new music, rarities, LPs, 7\\\" singles, limited editions, ...\",\"publisher\":{\"@id\":\"https:\\\/\\\/discosdeluxe.com\\\/en\\\/#organization\"},\"alternateName\":\"Discos Deluxe\",\"potentialAction\":[{\"@type\":\"SearchAction\",\"target\":{\"@type\":\"EntryPoint\",\"urlTemplate\":\"https:\\\/\\\/discosdeluxe.com\\\/en\\\/?s={search_term_string}\"},\"query-input\":{\"@type\":\"PropertyValueSpecification\",\"valueRequired\":true,\"valueName\":\"search_term_string\"}}],\"inLanguage\":\"en-US\"},{\"@type\":\"Organization\",\"@id\":\"https:\\\/\\\/discosdeluxe.com\\\/en\\\/#organization\",\"name\":\"Discos Deluxe\",\"url\":\"https:\\\/\\\/discosdeluxe.com\\\/en\\\/\",\"logo\":{\"@type\":\"ImageObject\",\"inLanguage\":\"en-US\",\"@id\":\"https:\\\/\\\/discosdeluxe.com\\\/en\\\/#\\\/schema\\\/logo\\\/image\\\/\",\"url\":\"https:\\\/\\\/discosdeluxe.com\\\/wp-content\\\/uploads\\\/2021\\\/05\\\/logo-discos-deluxe.png\",\"contentUrl\":\"https:\\\/\\\/discosdeluxe.com\\\/wp-content\\\/uploads\\\/2021\\\/05\\\/logo-discos-deluxe.png\",\"width\":657,\"height\":200,\"caption\":\"Discos Deluxe\"},\"image\":{\"@id\":\"https:\\\/\\\/discosdeluxe.com\\\/en\\\/#\\\/schema\\\/logo\\\/image\\\/\"},\"sameAs\":[\"https:\\\/\\\/www.facebook.com\\\/DiscosDeluxe\\\/\",\"https:\\\/\\\/www.instagram.com\\\/discosdeluxemusic\\\/\"]}]}<\/script>\n<!-- \/ Yoast SEO plugin. -->","yoast_head_json":{"title":"ROSALIA \" LUX \"","description":"ROSALIA \" LUX \" 2 Lp. limited edition. Crystal clear vinyl decal. Includes an exclusive poster. Available now in our store.","robots":{"index":"index","follow":"follow","max-snippet":"max-snippet:-1","max-image-preview":"max-image-preview:large","max-video-preview":"max-video-preview:-1"},"canonical":"https:\/\/discosdeluxe.com\/en\/music-store\/rosalia-lux-2-lp-ed-limitada-vinilo-cristal-transparente-contiene-poster\/","og_locale":"en_US","og_type":"article","og_title":"ROSALIA \" LUX \"","og_description":"ROSALIA \" LUX \" 2 Lp. limited edition. Crystal clear vinyl decal. Includes an exclusive poster. Available now in our store.","og_url":"https:\/\/discosdeluxe.com\/en\/music-store\/rosalia-lux-2-lp-ed-limitada-vinilo-cristal-transparente-contiene-poster\/","og_site_name":"Online record and vinyl store, Discos Deluxe","article_publisher":"https:\/\/www.facebook.com\/DiscosDeluxe\/","article_modified_time":"2026-01-10T10:57:20+00:00","og_image":[{"width":2560,"height":1920,"url":"https:\/\/discosdeluxe.com\/wp-content\/uploads\/2026\/01\/IMG_6307-scaled.jpg","type":"image\/jpeg"}],"twitter_card":"summary_large_image","twitter_misc":{"Est. reading time":"1 minute"},"schema":{"@context":"https:\/\/schema.org","@graph":[{"@type":"WebPage","@id":"https:\/\/discosdeluxe.com\/en\/music-store\/rosalia-lux-2-lp-ed-limitada-vinilo-cristal-transparente-contiene-poster\/","url":"https:\/\/discosdeluxe.com\/en\/music-store\/rosalia-lux-2-lp-ed-limitada-vinilo-cristal-transparente-contiene-poster\/","name":"ROSALIA \" LUX \"","isPartOf":{"@id":"https:\/\/discosdeluxe.com\/en\/#website"},"primaryImageOfPage":{"@id":"https:\/\/discosdeluxe.com\/en\/music-store\/rosalia-lux-2-lp-ed-limitada-vinilo-cristal-transparente-contiene-poster\/#primaryimage"},"image":{"@id":"https:\/\/discosdeluxe.com\/en\/music-store\/rosalia-lux-2-lp-ed-limitada-vinilo-cristal-transparente-contiene-poster\/#primaryimage"},"thumbnailUrl":"https:\/\/discosdeluxe.com\/wp-content\/uploads\/2026\/01\/IMG_6307-scaled.jpg","datePublished":"2026-01-10T10:52:13+00:00","dateModified":"2026-01-10T10:57:20+00:00","description":"ROSALIA \" LUX \" 2 Lp. limited edition. Crystal clear vinyl decal. Includes an exclusive poster. Available now in our store.","breadcrumb":{"@id":"https:\/\/discosdeluxe.com\/en\/music-store\/rosalia-lux-2-lp-ed-limitada-vinilo-cristal-transparente-contiene-poster\/#breadcrumb"},"inLanguage":"en-US","potentialAction":[{"@type":"ReadAction","target":["https:\/\/discosdeluxe.com\/en\/music-store\/rosalia-lux-2-lp-ed-limitada-vinilo-cristal-transparente-contiene-poster\/"]}]},{"@type":"ImageObject","inLanguage":"en-US","@id":"https:\/\/discosdeluxe.com\/en\/music-store\/rosalia-lux-2-lp-ed-limitada-vinilo-cristal-transparente-contiene-poster\/#primaryimage","url":"https:\/\/discosdeluxe.com\/wp-content\/uploads\/2026\/01\/IMG_6307-scaled.jpg","contentUrl":"https:\/\/discosdeluxe.com\/wp-content\/uploads\/2026\/01\/IMG_6307-scaled.jpg","width":2560,"height":1920,"caption":"LUX"},{"@type":"BreadcrumbList","@id":"https:\/\/discosdeluxe.com\/en\/music-store\/rosalia-lux-2-lp-ed-limitada-vinilo-cristal-transparente-contiene-poster\/#breadcrumb","itemListElement":[{"@type":"ListItem","position":1,"name":"Portada","item":"https:\/\/discosdeluxe.com\/en\/"},{"@type":"ListItem","position":2,"name":"Music store","item":"https:\/\/discosdeluxe.com\/en\/shop\/"},{"@type":"ListItem","position":3,"name":"ROSALIA &#8221; LUX &#8221; 2 LP. LIMITED EDITION. ON CRYSTAL CLEAR VINYL INCLUDES FOLDOUT POSTER."}]},{"@type":"WebSite","@id":"https:\/\/discosdeluxe.com\/en\/#website","url":"https:\/\/discosdeluxe.com\/en\/","name":"Tienda de discos y vinilos online, Discos Deluxe","description":"Deluxe Records, your vinyl store, buy online. Find all the new music, rarities, LPs, 7\" singles, limited editions, ...","publisher":{"@id":"https:\/\/discosdeluxe.com\/en\/#organization"},"alternateName":"Discos Deluxe","potentialAction":[{"@type":"SearchAction","target":{"@type":"EntryPoint","urlTemplate":"https:\/\/discosdeluxe.com\/en\/?s={search_term_string}"},"query-input":{"@type":"PropertyValueSpecification","valueRequired":true,"valueName":"search_term_string"}}],"inLanguage":"en-US"},{"@type":"Organization","@id":"https:\/\/discosdeluxe.com\/en\/#organization","name":"Discos Deluxe","url":"https:\/\/discosdeluxe.com\/en\/","logo":{"@type":"ImageObject","inLanguage":"en-US","@id":"https:\/\/discosdeluxe.com\/en\/#\/schema\/logo\/image\/","url":"https:\/\/discosdeluxe.com\/wp-content\/uploads\/2021\/05\/logo-discos-deluxe.png","contentUrl":"https:\/\/discosdeluxe.com\/wp-content\/uploads\/2021\/05\/logo-discos-deluxe.png","width":657,"height":200,"caption":"Discos Deluxe"},"image":{"@id":"https:\/\/discosdeluxe.com\/en\/#\/schema\/logo\/image\/"},"sameAs":["https:\/\/www.facebook.com\/DiscosDeluxe\/","https:\/\/www.instagram.com\/discosdeluxemusic\/"]}]}},"_links":{"self":[{"href":"https:\/\/discosdeluxe.com\/en\/wp-json\/wp\/v2\/product\/26755","targetHints":{"allow":["GET"]}}],"collection":[{"href":"https:\/\/discosdeluxe.com\/en\/wp-json\/wp\/v2\/product"}],"about":[{"href":"https:\/\/discosdeluxe.com\/en\/wp-json\/wp\/v2\/types\/product"}],"wp:featuredmedia":[{"embeddable":true,"href":"https:\/\/discosdeluxe.com\/en\/wp-json\/wp\/v2\/media\/26754"}],"wp:attachment":[{"href":"https:\/\/discosdeluxe.com\/en\/wp-json\/wp\/v2\/media?parent=26755"}],"wp:term":[{"taxonomy":"product_brand","embeddable":true,"href":"https:\/\/discosdeluxe.com\/en\/wp-json\/wp\/v2\/product_brand?post=26755"},{"taxonomy":"product_cat","embeddable":true,"href":"https:\/\/discosdeluxe.com\/en\/wp-json\/wp\/v2\/product_cat?post=26755"},{"taxonomy":"product_tag","embeddable":true,"href":"https:\/\/discosdeluxe.com\/en\/wp-json\/wp\/v2\/product_tag?post=26755"}],"curies":[{"name":"wp","href":"https:\/\/api.w.org\/{rel}","templated":true}]}}