{"id":2973,"date":"2021-06-17T12:13:24","date_gmt":"2021-06-17T12:13:24","guid":{"rendered":"https:\/\/discosdeluxe.com\/?post_type=product&#038;p=2973"},"modified":"2022-10-07T19:05:23","modified_gmt":"2022-10-07T19:05:23","slug":"black-sabbath-paranoid-5-lp-edicion-super-deluxe","status":"publish","type":"product","link":"https:\/\/discosdeluxe.com\/en\/music-store\/black-sabbath-paranoid-5-lp-edicion-super-deluxe\/","title":{"rendered":"BLACK SABBATH &#8221; PARANOID &#8221; 5 LP, EDICI\u00d3N SUPER DELUXE"},"content":{"rendered":"<p>EDICI\u00d3N 50 ANIVERSARIO SUPER DELUXE<\/p>\n<p>BOXSET:<\/p>\n<p>\u00c1LBUM ORIGINAL REMASTERIZADO, 1974 QUADRADISC MIX EN EST\u00c9REO POR PRIMERA VEZ, GRABACI\u00d3N EN DIRECTO EUROPA 1970, LIBRO DE LA GIRA 1971, LIBRO DE 40 P\u00c1G., ARTWORK, POSTER.<\/p>\n<p>UNA CAJA INDISPENSABLE PARA CUALQUIER FAN.<\/p>\n","protected":false},"excerpt":{"rendered":"<p>EDICI\u00d3N 50 ANIVERSARIO SUPER DELUXE BOXSET: \u00c1LBUM ORIGINAL REMASTERIZADO, 1974 QUADRADISC MIX EN EST\u00c9REO POR PRIMERA VEZ, GRABACI\u00d3N EN DIRECTO EUROPA 1970, LIBRO DE LA GIRA 1971, LIBRO DE 40 P\u00c1G., ARTWORK, POSTER. UNA CAJA INDISPENSABLE PARA CUALQUIER FAN.<\/p>\n","protected":false},"featured_media":2974,"template":"","meta":[],"product_brand":[],"product_cat":[214,88,120,86,92,111],"product_tag":[],"class_list":{"0":"post-2973","1":"product","2":"type-product","3":"status-publish","4":"has-post-thumbnail","6":"product_cat-black-sabbath","7":"product_cat-edicion-limitada","8":"product_cat-heavy-metal","9":"product_cat-novedades","10":"product_cat-rock","11":"product_cat-vinilos-lp","13":"first","14":"outofstock","15":"shipping-taxable","16":"purchasable","17":"product-type-simple"},"acf":[],"yoast_head":"<!-- This site is optimized with the Yoast SEO plugin v27.3 - https:\/\/yoast.com\/product\/yoast-seo-wordpress\/ -->\n<title>BLACK SABBATH &quot; PARANOID &quot; 5 LP, EDICI\u00d3N SUPER DELUXE - Online record and vinyl store, Discos Deluxe<\/title>\n<meta name=\"robots\" content=\"index, follow, max-snippet:-1, max-image-preview:large, max-video-preview:-1\" \/>\n<link rel=\"canonical\" href=\"https:\/\/discosdeluxe.com\/en\/music-store\/black-sabbath-paranoid-5-lp-edicion-super-deluxe\/\" \/>\n<meta property=\"og:locale\" content=\"en_US\" \/>\n<meta property=\"og:type\" content=\"article\" \/>\n<meta property=\"og:title\" content=\"BLACK SABBATH &quot; PARANOID &quot; 5 LP, EDICI\u00d3N SUPER DELUXE - Online record and vinyl store, Discos Deluxe\" \/>\n<meta property=\"og:description\" content=\"EDICI\u00d3N 50 ANIVERSARIO SUPER DELUXE BOXSET: \u00c1LBUM ORIGINAL REMASTERIZADO, 1974 QUADRADISC MIX EN EST\u00c9REO POR PRIMERA VEZ, GRABACI\u00d3N EN DIRECTO EUROPA 1970, LIBRO DE LA GIRA 1971, LIBRO DE 40 P\u00c1G., ARTWORK, POSTER. UNA CAJA INDISPENSABLE PARA CUALQUIER FAN.\" \/>\n<meta property=\"og:url\" content=\"https:\/\/discosdeluxe.com\/en\/music-store\/black-sabbath-paranoid-5-lp-edicion-super-deluxe\/\" \/>\n<meta property=\"og:site_name\" content=\"Online record and vinyl store, Discos Deluxe\" \/>\n<meta property=\"article:publisher\" content=\"https:\/\/www.facebook.com\/DiscosDeluxe\/\" \/>\n<meta property=\"article:modified_time\" content=\"2022-10-07T19:05:23+00:00\" \/>\n<meta property=\"og:image\" content=\"https:\/\/discosdeluxe.com\/wp-content\/uploads\/2021\/06\/IMG_4513-rotated.jpg\" \/>\n\t<meta property=\"og:image:width\" content=\"768\" \/>\n\t<meta property=\"og:image:height\" content=\"576\" \/>\n\t<meta property=\"og:image:type\" content=\"image\/jpeg\" \/>\n<meta name=\"twitter:card\" content=\"summary_large_image\" \/>\n<meta name=\"twitter:label1\" content=\"Est. reading time\" \/>\n\t<meta name=\"twitter:data1\" content=\"1 minute\" \/>\n<script type=\"application\/ld+json\" class=\"yoast-schema-graph\">{\"@context\":\"https:\\\/\\\/schema.org\",\"@graph\":[{\"@type\":\"WebPage\",\"@id\":\"https:\\\/\\\/discosdeluxe.com\\\/en\\\/music-store\\\/black-sabbath-paranoid-5-lp-edicion-super-deluxe\\\/\",\"url\":\"https:\\\/\\\/discosdeluxe.com\\\/en\\\/music-store\\\/black-sabbath-paranoid-5-lp-edicion-super-deluxe\\\/\",\"name\":\"BLACK SABBATH \\\" PARANOID \\\" 5 LP, EDICI\u00d3N SUPER DELUXE - Online record and vinyl store, Discos Deluxe\",\"isPartOf\":{\"@id\":\"https:\\\/\\\/discosdeluxe.com\\\/en\\\/#website\"},\"primaryImageOfPage\":{\"@id\":\"https:\\\/\\\/discosdeluxe.com\\\/en\\\/music-store\\\/black-sabbath-paranoid-5-lp-edicion-super-deluxe\\\/#primaryimage\"},\"image\":{\"@id\":\"https:\\\/\\\/discosdeluxe.com\\\/en\\\/music-store\\\/black-sabbath-paranoid-5-lp-edicion-super-deluxe\\\/#primaryimage\"},\"thumbnailUrl\":\"https:\\\/\\\/discosdeluxe.com\\\/wp-content\\\/uploads\\\/2021\\\/06\\\/IMG_4513-rotated.jpg\",\"datePublished\":\"2021-06-17T12:13:24+00:00\",\"dateModified\":\"2022-10-07T19:05:23+00:00\",\"breadcrumb\":{\"@id\":\"https:\\\/\\\/discosdeluxe.com\\\/en\\\/music-store\\\/black-sabbath-paranoid-5-lp-edicion-super-deluxe\\\/#breadcrumb\"},\"inLanguage\":\"en-US\",\"potentialAction\":[{\"@type\":\"ReadAction\",\"target\":[\"https:\\\/\\\/discosdeluxe.com\\\/en\\\/music-store\\\/black-sabbath-paranoid-5-lp-edicion-super-deluxe\\\/\"]}]},{\"@type\":\"ImageObject\",\"inLanguage\":\"en-US\",\"@id\":\"https:\\\/\\\/discosdeluxe.com\\\/en\\\/music-store\\\/black-sabbath-paranoid-5-lp-edicion-super-deluxe\\\/#primaryimage\",\"url\":\"https:\\\/\\\/discosdeluxe.com\\\/wp-content\\\/uploads\\\/2021\\\/06\\\/IMG_4513-rotated.jpg\",\"contentUrl\":\"https:\\\/\\\/discosdeluxe.com\\\/wp-content\\\/uploads\\\/2021\\\/06\\\/IMG_4513-rotated.jpg\",\"width\":768,\"height\":576},{\"@type\":\"BreadcrumbList\",\"@id\":\"https:\\\/\\\/discosdeluxe.com\\\/en\\\/music-store\\\/black-sabbath-paranoid-5-lp-edicion-super-deluxe\\\/#breadcrumb\",\"itemListElement\":[{\"@type\":\"ListItem\",\"position\":1,\"name\":\"Portada\",\"item\":\"https:\\\/\\\/discosdeluxe.com\\\/en\\\/\"},{\"@type\":\"ListItem\",\"position\":2,\"name\":\"Music store\",\"item\":\"https:\\\/\\\/discosdeluxe.com\\\/en\\\/shop\\\/\"},{\"@type\":\"ListItem\",\"position\":3,\"name\":\"BLACK SABBATH \u00bb PARANOID \u00bb 5 LP, EDICI\u00d3N SUPER DELUXE\"}]},{\"@type\":\"WebSite\",\"@id\":\"https:\\\/\\\/discosdeluxe.com\\\/en\\\/#website\",\"url\":\"https:\\\/\\\/discosdeluxe.com\\\/en\\\/\",\"name\":\"Tienda de discos y vinilos online, Discos Deluxe\",\"description\":\"Deluxe Records, your vinyl store, buy online. Find all the new music, rarities, LPs, 7\\\" singles, limited editions, ...\",\"publisher\":{\"@id\":\"https:\\\/\\\/discosdeluxe.com\\\/en\\\/#organization\"},\"alternateName\":\"Discos Deluxe\",\"potentialAction\":[{\"@type\":\"SearchAction\",\"target\":{\"@type\":\"EntryPoint\",\"urlTemplate\":\"https:\\\/\\\/discosdeluxe.com\\\/en\\\/?s={search_term_string}\"},\"query-input\":{\"@type\":\"PropertyValueSpecification\",\"valueRequired\":true,\"valueName\":\"search_term_string\"}}],\"inLanguage\":\"en-US\"},{\"@type\":\"Organization\",\"@id\":\"https:\\\/\\\/discosdeluxe.com\\\/en\\\/#organization\",\"name\":\"Discos Deluxe\",\"url\":\"https:\\\/\\\/discosdeluxe.com\\\/en\\\/\",\"logo\":{\"@type\":\"ImageObject\",\"inLanguage\":\"en-US\",\"@id\":\"https:\\\/\\\/discosdeluxe.com\\\/en\\\/#\\\/schema\\\/logo\\\/image\\\/\",\"url\":\"https:\\\/\\\/discosdeluxe.com\\\/wp-content\\\/uploads\\\/2021\\\/05\\\/logo-discos-deluxe.png\",\"contentUrl\":\"https:\\\/\\\/discosdeluxe.com\\\/wp-content\\\/uploads\\\/2021\\\/05\\\/logo-discos-deluxe.png\",\"width\":657,\"height\":200,\"caption\":\"Discos Deluxe\"},\"image\":{\"@id\":\"https:\\\/\\\/discosdeluxe.com\\\/en\\\/#\\\/schema\\\/logo\\\/image\\\/\"},\"sameAs\":[\"https:\\\/\\\/www.facebook.com\\\/DiscosDeluxe\\\/\",\"https:\\\/\\\/www.instagram.com\\\/discosdeluxemusic\\\/\"]}]}<\/script>\n<!-- \/ Yoast SEO plugin. -->","yoast_head_json":{"title":"BLACK SABBATH \" PARANOID \" 5 LP, EDICI\u00d3N SUPER DELUXE - Online record and vinyl store, Discos Deluxe","robots":{"index":"index","follow":"follow","max-snippet":"max-snippet:-1","max-image-preview":"max-image-preview:large","max-video-preview":"max-video-preview:-1"},"canonical":"https:\/\/discosdeluxe.com\/en\/music-store\/black-sabbath-paranoid-5-lp-edicion-super-deluxe\/","og_locale":"en_US","og_type":"article","og_title":"BLACK SABBATH \" PARANOID \" 5 LP, EDICI\u00d3N SUPER DELUXE - Online record and vinyl store, Discos Deluxe","og_description":"EDICI\u00d3N 50 ANIVERSARIO SUPER DELUXE BOXSET: \u00c1LBUM ORIGINAL REMASTERIZADO, 1974 QUADRADISC MIX EN EST\u00c9REO POR PRIMERA VEZ, GRABACI\u00d3N EN DIRECTO EUROPA 1970, LIBRO DE LA GIRA 1971, LIBRO DE 40 P\u00c1G., ARTWORK, POSTER. UNA CAJA INDISPENSABLE PARA CUALQUIER FAN.","og_url":"https:\/\/discosdeluxe.com\/en\/music-store\/black-sabbath-paranoid-5-lp-edicion-super-deluxe\/","og_site_name":"Online record and vinyl store, Discos Deluxe","article_publisher":"https:\/\/www.facebook.com\/DiscosDeluxe\/","article_modified_time":"2022-10-07T19:05:23+00:00","og_image":[{"width":768,"height":576,"url":"https:\/\/discosdeluxe.com\/wp-content\/uploads\/2021\/06\/IMG_4513-rotated.jpg","type":"image\/jpeg"}],"twitter_card":"summary_large_image","twitter_misc":{"Est. reading time":"1 minute"},"schema":{"@context":"https:\/\/schema.org","@graph":[{"@type":"WebPage","@id":"https:\/\/discosdeluxe.com\/en\/music-store\/black-sabbath-paranoid-5-lp-edicion-super-deluxe\/","url":"https:\/\/discosdeluxe.com\/en\/music-store\/black-sabbath-paranoid-5-lp-edicion-super-deluxe\/","name":"BLACK SABBATH \" PARANOID \" 5 LP, EDICI\u00d3N SUPER DELUXE - Online record and vinyl store, Discos Deluxe","isPartOf":{"@id":"https:\/\/discosdeluxe.com\/en\/#website"},"primaryImageOfPage":{"@id":"https:\/\/discosdeluxe.com\/en\/music-store\/black-sabbath-paranoid-5-lp-edicion-super-deluxe\/#primaryimage"},"image":{"@id":"https:\/\/discosdeluxe.com\/en\/music-store\/black-sabbath-paranoid-5-lp-edicion-super-deluxe\/#primaryimage"},"thumbnailUrl":"https:\/\/discosdeluxe.com\/wp-content\/uploads\/2021\/06\/IMG_4513-rotated.jpg","datePublished":"2021-06-17T12:13:24+00:00","dateModified":"2022-10-07T19:05:23+00:00","breadcrumb":{"@id":"https:\/\/discosdeluxe.com\/en\/music-store\/black-sabbath-paranoid-5-lp-edicion-super-deluxe\/#breadcrumb"},"inLanguage":"en-US","potentialAction":[{"@type":"ReadAction","target":["https:\/\/discosdeluxe.com\/en\/music-store\/black-sabbath-paranoid-5-lp-edicion-super-deluxe\/"]}]},{"@type":"ImageObject","inLanguage":"en-US","@id":"https:\/\/discosdeluxe.com\/en\/music-store\/black-sabbath-paranoid-5-lp-edicion-super-deluxe\/#primaryimage","url":"https:\/\/discosdeluxe.com\/wp-content\/uploads\/2021\/06\/IMG_4513-rotated.jpg","contentUrl":"https:\/\/discosdeluxe.com\/wp-content\/uploads\/2021\/06\/IMG_4513-rotated.jpg","width":768,"height":576},{"@type":"BreadcrumbList","@id":"https:\/\/discosdeluxe.com\/en\/music-store\/black-sabbath-paranoid-5-lp-edicion-super-deluxe\/#breadcrumb","itemListElement":[{"@type":"ListItem","position":1,"name":"Portada","item":"https:\/\/discosdeluxe.com\/en\/"},{"@type":"ListItem","position":2,"name":"Music store","item":"https:\/\/discosdeluxe.com\/en\/shop\/"},{"@type":"ListItem","position":3,"name":"BLACK SABBATH \u00bb PARANOID \u00bb 5 LP, EDICI\u00d3N SUPER DELUXE"}]},{"@type":"WebSite","@id":"https:\/\/discosdeluxe.com\/en\/#website","url":"https:\/\/discosdeluxe.com\/en\/","name":"Tienda de discos y vinilos online, Discos Deluxe","description":"Deluxe Records, your vinyl store, buy online. Find all the new music, rarities, LPs, 7\" singles, limited editions, ...","publisher":{"@id":"https:\/\/discosdeluxe.com\/en\/#organization"},"alternateName":"Discos Deluxe","potentialAction":[{"@type":"SearchAction","target":{"@type":"EntryPoint","urlTemplate":"https:\/\/discosdeluxe.com\/en\/?s={search_term_string}"},"query-input":{"@type":"PropertyValueSpecification","valueRequired":true,"valueName":"search_term_string"}}],"inLanguage":"en-US"},{"@type":"Organization","@id":"https:\/\/discosdeluxe.com\/en\/#organization","name":"Discos Deluxe","url":"https:\/\/discosdeluxe.com\/en\/","logo":{"@type":"ImageObject","inLanguage":"en-US","@id":"https:\/\/discosdeluxe.com\/en\/#\/schema\/logo\/image\/","url":"https:\/\/discosdeluxe.com\/wp-content\/uploads\/2021\/05\/logo-discos-deluxe.png","contentUrl":"https:\/\/discosdeluxe.com\/wp-content\/uploads\/2021\/05\/logo-discos-deluxe.png","width":657,"height":200,"caption":"Discos Deluxe"},"image":{"@id":"https:\/\/discosdeluxe.com\/en\/#\/schema\/logo\/image\/"},"sameAs":["https:\/\/www.facebook.com\/DiscosDeluxe\/","https:\/\/www.instagram.com\/discosdeluxemusic\/"]}]}},"_links":{"self":[{"href":"https:\/\/discosdeluxe.com\/en\/wp-json\/wp\/v2\/product\/2973","targetHints":{"allow":["GET"]}}],"collection":[{"href":"https:\/\/discosdeluxe.com\/en\/wp-json\/wp\/v2\/product"}],"about":[{"href":"https:\/\/discosdeluxe.com\/en\/wp-json\/wp\/v2\/types\/product"}],"wp:featuredmedia":[{"embeddable":true,"href":"https:\/\/discosdeluxe.com\/en\/wp-json\/wp\/v2\/media\/2974"}],"wp:attachment":[{"href":"https:\/\/discosdeluxe.com\/en\/wp-json\/wp\/v2\/media?parent=2973"}],"wp:term":[{"taxonomy":"product_brand","embeddable":true,"href":"https:\/\/discosdeluxe.com\/en\/wp-json\/wp\/v2\/product_brand?post=2973"},{"taxonomy":"product_cat","embeddable":true,"href":"https:\/\/discosdeluxe.com\/en\/wp-json\/wp\/v2\/product_cat?post=2973"},{"taxonomy":"product_tag","embeddable":true,"href":"https:\/\/discosdeluxe.com\/en\/wp-json\/wp\/v2\/product_tag?post=2973"}],"curies":[{"name":"wp","href":"https:\/\/api.w.org\/{rel}","templated":true}]}}