{"id":2986,"date":"2021-06-17T13:46:48","date_gmt":"2021-06-17T13:46:48","guid":{"rendered":"https:\/\/discosdeluxe.com\/?post_type=product&#038;p=2986"},"modified":"2022-07-29T09:45:42","modified_gmt":"2022-07-29T09:45:42","slug":"grateful-dead-fillmore-west-1969-5-lps-box-edicion-limitada","status":"publish","type":"product","link":"https:\/\/discosdeluxe.com\/en\/music-store\/grateful-dead-fillmore-west-1969-5-lps-box-edicion-limitada\/","title":{"rendered":"GRATEFUL DEAD &#8221; FILLMORE WEST 1969 &#8221; 5 LPS BOX, EDICI\u00d3N LIMITADA"},"content":{"rendered":"<p>EDICI\u00d3N LIMITADA DE 9000 COPIAS.<\/p>\n<p>LA CARA 10 ES ETCHED<\/p>\n<p>POR PRIMERA VEZ EN VINILO EL CONCIERTO HIST\u00d3RICO QUE DIERON EN EL FILLMORE WEST DE SAN FRANCISCO,<\/p>\n<p>EL 28 DE FEBRERO DE 1969.<\/p>\n","protected":false},"excerpt":{"rendered":"<p>EDICI\u00d3N LIMITADA DE 9000 COPIAS. LA CARA 10 ES ETCHED POR PRIMERA VEZ EN VINILO EL CONCIERTO HIST\u00d3RICO QUE DIERON EN EL FILLMORE WEST DE SAN FRANCISCO, EL 28 DE FEBRERO DE 1969.<\/p>\n","protected":false},"featured_media":2987,"comment_status":"open","ping_status":"closed","template":"","meta":[],"product_brand":[],"product_cat":[88,147,86,92,111],"product_tag":[],"class_list":{"0":"post-2986","1":"product","2":"type-product","3":"status-publish","4":"has-post-thumbnail","6":"product_cat-edicion-limitada","7":"product_cat-grateful-dead","8":"product_cat-novedades","9":"product_cat-rock","10":"product_cat-vinilos-lp","12":"first","13":"outofstock","14":"shipping-taxable","15":"purchasable","16":"product-type-simple"},"acf":[],"yoast_head":"<!-- This site is optimized with the Yoast SEO plugin v27.3 - https:\/\/yoast.com\/product\/yoast-seo-wordpress\/ -->\n<title>GRATEFUL DEAD &quot; FILLMORE WEST 1969 &quot; 5 LPS BOX, EDICI\u00d3N LIMITADA - Online record and vinyl store, Discos Deluxe<\/title>\n<meta name=\"robots\" content=\"index, follow, max-snippet:-1, max-image-preview:large, max-video-preview:-1\" \/>\n<link rel=\"canonical\" href=\"https:\/\/discosdeluxe.com\/en\/music-store\/grateful-dead-fillmore-west-1969-5-lps-box-edicion-limitada\/\" \/>\n<meta property=\"og:locale\" content=\"en_US\" \/>\n<meta property=\"og:type\" content=\"article\" \/>\n<meta property=\"og:title\" content=\"GRATEFUL DEAD &quot; FILLMORE WEST 1969 &quot; 5 LPS BOX, EDICI\u00d3N LIMITADA - Online record and vinyl store, Discos Deluxe\" \/>\n<meta property=\"og:description\" content=\"EDICI\u00d3N LIMITADA DE 9000 COPIAS. LA CARA 10 ES ETCHED POR PRIMERA VEZ EN VINILO EL CONCIERTO HIST\u00d3RICO QUE DIERON EN EL FILLMORE WEST DE SAN FRANCISCO, EL 28 DE FEBRERO DE 1969.\" \/>\n<meta property=\"og:url\" content=\"https:\/\/discosdeluxe.com\/en\/music-store\/grateful-dead-fillmore-west-1969-5-lps-box-edicion-limitada\/\" \/>\n<meta property=\"og:site_name\" content=\"Online record and vinyl store, Discos Deluxe\" \/>\n<meta property=\"article:publisher\" content=\"https:\/\/www.facebook.com\/DiscosDeluxe\/\" \/>\n<meta property=\"article:modified_time\" content=\"2022-07-29T09:45:42+00:00\" \/>\n<meta property=\"og:image\" content=\"https:\/\/discosdeluxe.com\/wp-content\/uploads\/2021\/06\/IMG_4475.jpg\" \/>\n\t<meta property=\"og:image:width\" content=\"1024\" \/>\n\t<meta property=\"og:image:height\" content=\"768\" \/>\n\t<meta property=\"og:image:type\" content=\"image\/jpeg\" \/>\n<meta name=\"twitter:card\" content=\"summary_large_image\" \/>\n<meta name=\"twitter:label1\" content=\"Est. reading time\" \/>\n\t<meta name=\"twitter:data1\" content=\"1 minute\" \/>\n<script type=\"application\/ld+json\" class=\"yoast-schema-graph\">{\"@context\":\"https:\\\/\\\/schema.org\",\"@graph\":[{\"@type\":\"WebPage\",\"@id\":\"https:\\\/\\\/discosdeluxe.com\\\/en\\\/music-store\\\/grateful-dead-fillmore-west-1969-5-lps-box-edicion-limitada\\\/\",\"url\":\"https:\\\/\\\/discosdeluxe.com\\\/en\\\/music-store\\\/grateful-dead-fillmore-west-1969-5-lps-box-edicion-limitada\\\/\",\"name\":\"GRATEFUL DEAD \\\" FILLMORE WEST 1969 \\\" 5 LPS BOX, EDICI\u00d3N LIMITADA - Online record and vinyl store, Discos Deluxe\",\"isPartOf\":{\"@id\":\"https:\\\/\\\/discosdeluxe.com\\\/en\\\/#website\"},\"primaryImageOfPage\":{\"@id\":\"https:\\\/\\\/discosdeluxe.com\\\/en\\\/music-store\\\/grateful-dead-fillmore-west-1969-5-lps-box-edicion-limitada\\\/#primaryimage\"},\"image\":{\"@id\":\"https:\\\/\\\/discosdeluxe.com\\\/en\\\/music-store\\\/grateful-dead-fillmore-west-1969-5-lps-box-edicion-limitada\\\/#primaryimage\"},\"thumbnailUrl\":\"https:\\\/\\\/discosdeluxe.com\\\/wp-content\\\/uploads\\\/2021\\\/06\\\/IMG_4475.jpg\",\"datePublished\":\"2021-06-17T13:46:48+00:00\",\"dateModified\":\"2022-07-29T09:45:42+00:00\",\"breadcrumb\":{\"@id\":\"https:\\\/\\\/discosdeluxe.com\\\/en\\\/music-store\\\/grateful-dead-fillmore-west-1969-5-lps-box-edicion-limitada\\\/#breadcrumb\"},\"inLanguage\":\"en-US\",\"potentialAction\":[{\"@type\":\"ReadAction\",\"target\":[\"https:\\\/\\\/discosdeluxe.com\\\/en\\\/music-store\\\/grateful-dead-fillmore-west-1969-5-lps-box-edicion-limitada\\\/\"]}]},{\"@type\":\"ImageObject\",\"inLanguage\":\"en-US\",\"@id\":\"https:\\\/\\\/discosdeluxe.com\\\/en\\\/music-store\\\/grateful-dead-fillmore-west-1969-5-lps-box-edicion-limitada\\\/#primaryimage\",\"url\":\"https:\\\/\\\/discosdeluxe.com\\\/wp-content\\\/uploads\\\/2021\\\/06\\\/IMG_4475.jpg\",\"contentUrl\":\"https:\\\/\\\/discosdeluxe.com\\\/wp-content\\\/uploads\\\/2021\\\/06\\\/IMG_4475.jpg\",\"width\":1024,\"height\":768},{\"@type\":\"BreadcrumbList\",\"@id\":\"https:\\\/\\\/discosdeluxe.com\\\/en\\\/music-store\\\/grateful-dead-fillmore-west-1969-5-lps-box-edicion-limitada\\\/#breadcrumb\",\"itemListElement\":[{\"@type\":\"ListItem\",\"position\":1,\"name\":\"Portada\",\"item\":\"https:\\\/\\\/discosdeluxe.com\\\/en\\\/\"},{\"@type\":\"ListItem\",\"position\":2,\"name\":\"Music store\",\"item\":\"https:\\\/\\\/discosdeluxe.com\\\/en\\\/shop\\\/\"},{\"@type\":\"ListItem\",\"position\":3,\"name\":\"GRATEFUL DEAD \u00bb FILLMORE WEST 1969 \u00bb 5 LPS BOX, EDICI\u00d3N LIMITADA\"}]},{\"@type\":\"WebSite\",\"@id\":\"https:\\\/\\\/discosdeluxe.com\\\/en\\\/#website\",\"url\":\"https:\\\/\\\/discosdeluxe.com\\\/en\\\/\",\"name\":\"Tienda de discos y vinilos online, Discos Deluxe\",\"description\":\"Deluxe Records, your vinyl store, buy online. Find all the new music, rarities, LPs, 7\\\" singles, limited editions, ...\",\"publisher\":{\"@id\":\"https:\\\/\\\/discosdeluxe.com\\\/en\\\/#organization\"},\"alternateName\":\"Discos Deluxe\",\"potentialAction\":[{\"@type\":\"SearchAction\",\"target\":{\"@type\":\"EntryPoint\",\"urlTemplate\":\"https:\\\/\\\/discosdeluxe.com\\\/en\\\/?s={search_term_string}\"},\"query-input\":{\"@type\":\"PropertyValueSpecification\",\"valueRequired\":true,\"valueName\":\"search_term_string\"}}],\"inLanguage\":\"en-US\"},{\"@type\":\"Organization\",\"@id\":\"https:\\\/\\\/discosdeluxe.com\\\/en\\\/#organization\",\"name\":\"Discos Deluxe\",\"url\":\"https:\\\/\\\/discosdeluxe.com\\\/en\\\/\",\"logo\":{\"@type\":\"ImageObject\",\"inLanguage\":\"en-US\",\"@id\":\"https:\\\/\\\/discosdeluxe.com\\\/en\\\/#\\\/schema\\\/logo\\\/image\\\/\",\"url\":\"https:\\\/\\\/discosdeluxe.com\\\/wp-content\\\/uploads\\\/2021\\\/05\\\/logo-discos-deluxe.png\",\"contentUrl\":\"https:\\\/\\\/discosdeluxe.com\\\/wp-content\\\/uploads\\\/2021\\\/05\\\/logo-discos-deluxe.png\",\"width\":657,\"height\":200,\"caption\":\"Discos Deluxe\"},\"image\":{\"@id\":\"https:\\\/\\\/discosdeluxe.com\\\/en\\\/#\\\/schema\\\/logo\\\/image\\\/\"},\"sameAs\":[\"https:\\\/\\\/www.facebook.com\\\/DiscosDeluxe\\\/\",\"https:\\\/\\\/www.instagram.com\\\/discosdeluxemusic\\\/\"]}]}<\/script>\n<!-- \/ Yoast SEO plugin. -->","yoast_head_json":{"title":"GRATEFUL DEAD \" FILLMORE WEST 1969 \" 5 LPS BOX, EDICI\u00d3N LIMITADA - Online record and vinyl store, Discos Deluxe","robots":{"index":"index","follow":"follow","max-snippet":"max-snippet:-1","max-image-preview":"max-image-preview:large","max-video-preview":"max-video-preview:-1"},"canonical":"https:\/\/discosdeluxe.com\/en\/music-store\/grateful-dead-fillmore-west-1969-5-lps-box-edicion-limitada\/","og_locale":"en_US","og_type":"article","og_title":"GRATEFUL DEAD \" FILLMORE WEST 1969 \" 5 LPS BOX, EDICI\u00d3N LIMITADA - Online record and vinyl store, Discos Deluxe","og_description":"EDICI\u00d3N LIMITADA DE 9000 COPIAS. LA CARA 10 ES ETCHED POR PRIMERA VEZ EN VINILO EL CONCIERTO HIST\u00d3RICO QUE DIERON EN EL FILLMORE WEST DE SAN FRANCISCO, EL 28 DE FEBRERO DE 1969.","og_url":"https:\/\/discosdeluxe.com\/en\/music-store\/grateful-dead-fillmore-west-1969-5-lps-box-edicion-limitada\/","og_site_name":"Online record and vinyl store, Discos Deluxe","article_publisher":"https:\/\/www.facebook.com\/DiscosDeluxe\/","article_modified_time":"2022-07-29T09:45:42+00:00","og_image":[{"width":1024,"height":768,"url":"https:\/\/discosdeluxe.com\/wp-content\/uploads\/2021\/06\/IMG_4475.jpg","type":"image\/jpeg"}],"twitter_card":"summary_large_image","twitter_misc":{"Est. reading time":"1 minute"},"schema":{"@context":"https:\/\/schema.org","@graph":[{"@type":"WebPage","@id":"https:\/\/discosdeluxe.com\/en\/music-store\/grateful-dead-fillmore-west-1969-5-lps-box-edicion-limitada\/","url":"https:\/\/discosdeluxe.com\/en\/music-store\/grateful-dead-fillmore-west-1969-5-lps-box-edicion-limitada\/","name":"GRATEFUL DEAD \" FILLMORE WEST 1969 \" 5 LPS BOX, EDICI\u00d3N LIMITADA - Online record and vinyl store, Discos Deluxe","isPartOf":{"@id":"https:\/\/discosdeluxe.com\/en\/#website"},"primaryImageOfPage":{"@id":"https:\/\/discosdeluxe.com\/en\/music-store\/grateful-dead-fillmore-west-1969-5-lps-box-edicion-limitada\/#primaryimage"},"image":{"@id":"https:\/\/discosdeluxe.com\/en\/music-store\/grateful-dead-fillmore-west-1969-5-lps-box-edicion-limitada\/#primaryimage"},"thumbnailUrl":"https:\/\/discosdeluxe.com\/wp-content\/uploads\/2021\/06\/IMG_4475.jpg","datePublished":"2021-06-17T13:46:48+00:00","dateModified":"2022-07-29T09:45:42+00:00","breadcrumb":{"@id":"https:\/\/discosdeluxe.com\/en\/music-store\/grateful-dead-fillmore-west-1969-5-lps-box-edicion-limitada\/#breadcrumb"},"inLanguage":"en-US","potentialAction":[{"@type":"ReadAction","target":["https:\/\/discosdeluxe.com\/en\/music-store\/grateful-dead-fillmore-west-1969-5-lps-box-edicion-limitada\/"]}]},{"@type":"ImageObject","inLanguage":"en-US","@id":"https:\/\/discosdeluxe.com\/en\/music-store\/grateful-dead-fillmore-west-1969-5-lps-box-edicion-limitada\/#primaryimage","url":"https:\/\/discosdeluxe.com\/wp-content\/uploads\/2021\/06\/IMG_4475.jpg","contentUrl":"https:\/\/discosdeluxe.com\/wp-content\/uploads\/2021\/06\/IMG_4475.jpg","width":1024,"height":768},{"@type":"BreadcrumbList","@id":"https:\/\/discosdeluxe.com\/en\/music-store\/grateful-dead-fillmore-west-1969-5-lps-box-edicion-limitada\/#breadcrumb","itemListElement":[{"@type":"ListItem","position":1,"name":"Portada","item":"https:\/\/discosdeluxe.com\/en\/"},{"@type":"ListItem","position":2,"name":"Music store","item":"https:\/\/discosdeluxe.com\/en\/shop\/"},{"@type":"ListItem","position":3,"name":"GRATEFUL DEAD \u00bb FILLMORE WEST 1969 \u00bb 5 LPS BOX, EDICI\u00d3N LIMITADA"}]},{"@type":"WebSite","@id":"https:\/\/discosdeluxe.com\/en\/#website","url":"https:\/\/discosdeluxe.com\/en\/","name":"Tienda de discos y vinilos online, Discos Deluxe","description":"Deluxe Records, your vinyl store, buy online. Find all the new music, rarities, LPs, 7\" singles, limited editions, ...","publisher":{"@id":"https:\/\/discosdeluxe.com\/en\/#organization"},"alternateName":"Discos Deluxe","potentialAction":[{"@type":"SearchAction","target":{"@type":"EntryPoint","urlTemplate":"https:\/\/discosdeluxe.com\/en\/?s={search_term_string}"},"query-input":{"@type":"PropertyValueSpecification","valueRequired":true,"valueName":"search_term_string"}}],"inLanguage":"en-US"},{"@type":"Organization","@id":"https:\/\/discosdeluxe.com\/en\/#organization","name":"Discos Deluxe","url":"https:\/\/discosdeluxe.com\/en\/","logo":{"@type":"ImageObject","inLanguage":"en-US","@id":"https:\/\/discosdeluxe.com\/en\/#\/schema\/logo\/image\/","url":"https:\/\/discosdeluxe.com\/wp-content\/uploads\/2021\/05\/logo-discos-deluxe.png","contentUrl":"https:\/\/discosdeluxe.com\/wp-content\/uploads\/2021\/05\/logo-discos-deluxe.png","width":657,"height":200,"caption":"Discos Deluxe"},"image":{"@id":"https:\/\/discosdeluxe.com\/en\/#\/schema\/logo\/image\/"},"sameAs":["https:\/\/www.facebook.com\/DiscosDeluxe\/","https:\/\/www.instagram.com\/discosdeluxemusic\/"]}]}},"_links":{"self":[{"href":"https:\/\/discosdeluxe.com\/en\/wp-json\/wp\/v2\/product\/2986","targetHints":{"allow":["GET"]}}],"collection":[{"href":"https:\/\/discosdeluxe.com\/en\/wp-json\/wp\/v2\/product"}],"about":[{"href":"https:\/\/discosdeluxe.com\/en\/wp-json\/wp\/v2\/types\/product"}],"replies":[{"embeddable":true,"href":"https:\/\/discosdeluxe.com\/en\/wp-json\/wp\/v2\/comments?post=2986"}],"wp:featuredmedia":[{"embeddable":true,"href":"https:\/\/discosdeluxe.com\/en\/wp-json\/wp\/v2\/media\/2987"}],"wp:attachment":[{"href":"https:\/\/discosdeluxe.com\/en\/wp-json\/wp\/v2\/media?parent=2986"}],"wp:term":[{"taxonomy":"product_brand","embeddable":true,"href":"https:\/\/discosdeluxe.com\/en\/wp-json\/wp\/v2\/product_brand?post=2986"},{"taxonomy":"product_cat","embeddable":true,"href":"https:\/\/discosdeluxe.com\/en\/wp-json\/wp\/v2\/product_cat?post=2986"},{"taxonomy":"product_tag","embeddable":true,"href":"https:\/\/discosdeluxe.com\/en\/wp-json\/wp\/v2\/product_tag?post=2986"}],"curies":[{"name":"wp","href":"https:\/\/api.w.org\/{rel}","templated":true}]}}