{"id":5380,"date":"2021-11-30T16:51:21","date_gmt":"2021-11-30T16:51:21","guid":{"rendered":"https:\/\/discosdeluxe.com\/?post_type=product&#038;p=5380"},"modified":"2021-11-30T16:51:21","modified_gmt":"2021-11-30T16:51:21","slug":"david-bowie-brilliant-adventure-1992-2001-18-lp-libro-de-128-pag","status":"publish","type":"product","link":"https:\/\/discosdeluxe.com\/en\/music-store\/david-bowie-brilliant-adventure-1992-2001-18-lp-libro-de-128-pag\/","title":{"rendered":"DAVID BOWIE &#8221; BRILLIANT ADVENTURE ( 1992 &#8211; 2001 ) &#8221; 18 LP + LIBRO DE 128 P\u00c1G."},"content":{"rendered":"<p>CAJA DE 18 VINILOS + LIBRO DE 128 P\u00c1G.<\/p>\n<p>INCLUYE EL LP IN\u00c9DITO TOY<\/p>\n","protected":false},"excerpt":{"rendered":"<p>CAJA DE 18 VINILOS + LIBRO DE 128 P\u00c1G. INCLUYE EL LP IN\u00c9DITO TOY<\/p>\n","protected":false},"featured_media":5381,"template":"","meta":[],"product_brand":[],"product_cat":[81,86,92,111],"product_tag":[],"class_list":{"0":"post-5380","1":"product","2":"type-product","3":"status-publish","4":"has-post-thumbnail","6":"product_cat-david-bowie","7":"product_cat-novedades","8":"product_cat-rock","9":"product_cat-vinilos-lp","11":"first","12":"instock","13":"shipping-taxable","14":"purchasable","15":"product-type-simple"},"acf":[],"yoast_head":"<!-- This site is optimized with the Yoast SEO plugin v27.3 - https:\/\/yoast.com\/product\/yoast-seo-wordpress\/ -->\n<title>DAVID BOWIE &quot; BRILLIANT ADVENTURE ( 1992 - 2001 ) &quot; 18 LP + LIBRO DE 128 P\u00c1G. - Online record and vinyl store, Discos Deluxe<\/title>\n<meta name=\"robots\" content=\"index, follow, max-snippet:-1, max-image-preview:large, max-video-preview:-1\" \/>\n<link rel=\"canonical\" href=\"https:\/\/discosdeluxe.com\/en\/music-store\/david-bowie-brilliant-adventure-1992-2001-18-lp-libro-de-128-pag\/\" \/>\n<meta property=\"og:locale\" content=\"en_US\" \/>\n<meta property=\"og:type\" content=\"article\" \/>\n<meta property=\"og:title\" content=\"DAVID BOWIE &quot; BRILLIANT ADVENTURE ( 1992 - 2001 ) &quot; 18 LP + LIBRO DE 128 P\u00c1G. - Online record and vinyl store, Discos Deluxe\" \/>\n<meta property=\"og:description\" content=\"CAJA DE 18 VINILOS + LIBRO DE 128 P\u00c1G. INCLUYE EL LP IN\u00c9DITO TOY\" \/>\n<meta property=\"og:url\" content=\"https:\/\/discosdeluxe.com\/en\/music-store\/david-bowie-brilliant-adventure-1992-2001-18-lp-libro-de-128-pag\/\" \/>\n<meta property=\"og:site_name\" content=\"Online record and vinyl store, Discos Deluxe\" \/>\n<meta property=\"article:publisher\" content=\"https:\/\/www.facebook.com\/DiscosDeluxe\/\" \/>\n<meta property=\"og:image\" content=\"https:\/\/discosdeluxe.com\/wp-content\/uploads\/2021\/11\/IMG_0621.jpg\" \/>\n\t<meta property=\"og:image:width\" content=\"1024\" \/>\n\t<meta property=\"og:image:height\" content=\"768\" \/>\n\t<meta property=\"og:image:type\" content=\"image\/jpeg\" \/>\n<meta name=\"twitter:card\" content=\"summary_large_image\" \/>\n<meta name=\"twitter:label1\" content=\"Est. reading time\" \/>\n\t<meta name=\"twitter:data1\" content=\"1 minute\" \/>\n<script type=\"application\/ld+json\" class=\"yoast-schema-graph\">{\"@context\":\"https:\\\/\\\/schema.org\",\"@graph\":[{\"@type\":\"WebPage\",\"@id\":\"https:\\\/\\\/discosdeluxe.com\\\/en\\\/music-store\\\/david-bowie-brilliant-adventure-1992-2001-18-lp-libro-de-128-pag\\\/\",\"url\":\"https:\\\/\\\/discosdeluxe.com\\\/en\\\/music-store\\\/david-bowie-brilliant-adventure-1992-2001-18-lp-libro-de-128-pag\\\/\",\"name\":\"DAVID BOWIE \\\" BRILLIANT ADVENTURE ( 1992 - 2001 ) \\\" 18 LP + LIBRO DE 128 P\u00c1G. - Online record and vinyl store, Discos Deluxe\",\"isPartOf\":{\"@id\":\"https:\\\/\\\/discosdeluxe.com\\\/en\\\/#website\"},\"primaryImageOfPage\":{\"@id\":\"https:\\\/\\\/discosdeluxe.com\\\/en\\\/music-store\\\/david-bowie-brilliant-adventure-1992-2001-18-lp-libro-de-128-pag\\\/#primaryimage\"},\"image\":{\"@id\":\"https:\\\/\\\/discosdeluxe.com\\\/en\\\/music-store\\\/david-bowie-brilliant-adventure-1992-2001-18-lp-libro-de-128-pag\\\/#primaryimage\"},\"thumbnailUrl\":\"https:\\\/\\\/discosdeluxe.com\\\/wp-content\\\/uploads\\\/2021\\\/11\\\/IMG_0621.jpg\",\"datePublished\":\"2021-11-30T16:51:21+00:00\",\"breadcrumb\":{\"@id\":\"https:\\\/\\\/discosdeluxe.com\\\/en\\\/music-store\\\/david-bowie-brilliant-adventure-1992-2001-18-lp-libro-de-128-pag\\\/#breadcrumb\"},\"inLanguage\":\"en-US\",\"potentialAction\":[{\"@type\":\"ReadAction\",\"target\":[\"https:\\\/\\\/discosdeluxe.com\\\/en\\\/music-store\\\/david-bowie-brilliant-adventure-1992-2001-18-lp-libro-de-128-pag\\\/\"]}]},{\"@type\":\"ImageObject\",\"inLanguage\":\"en-US\",\"@id\":\"https:\\\/\\\/discosdeluxe.com\\\/en\\\/music-store\\\/david-bowie-brilliant-adventure-1992-2001-18-lp-libro-de-128-pag\\\/#primaryimage\",\"url\":\"https:\\\/\\\/discosdeluxe.com\\\/wp-content\\\/uploads\\\/2021\\\/11\\\/IMG_0621.jpg\",\"contentUrl\":\"https:\\\/\\\/discosdeluxe.com\\\/wp-content\\\/uploads\\\/2021\\\/11\\\/IMG_0621.jpg\",\"width\":1024,\"height\":768},{\"@type\":\"BreadcrumbList\",\"@id\":\"https:\\\/\\\/discosdeluxe.com\\\/en\\\/music-store\\\/david-bowie-brilliant-adventure-1992-2001-18-lp-libro-de-128-pag\\\/#breadcrumb\",\"itemListElement\":[{\"@type\":\"ListItem\",\"position\":1,\"name\":\"Portada\",\"item\":\"https:\\\/\\\/discosdeluxe.com\\\/en\\\/\"},{\"@type\":\"ListItem\",\"position\":2,\"name\":\"Music store\",\"item\":\"https:\\\/\\\/discosdeluxe.com\\\/en\\\/shop\\\/\"},{\"@type\":\"ListItem\",\"position\":3,\"name\":\"DAVID BOWIE \u00bb BRILLIANT ADVENTURE ( 1992 &#8211; 2001 ) \u00bb 18 LP + LIBRO DE 128 P\u00c1G.\"}]},{\"@type\":\"WebSite\",\"@id\":\"https:\\\/\\\/discosdeluxe.com\\\/en\\\/#website\",\"url\":\"https:\\\/\\\/discosdeluxe.com\\\/en\\\/\",\"name\":\"Tienda de discos y vinilos online, Discos Deluxe\",\"description\":\"Deluxe Records, your vinyl store, buy online. Find all the new music, rarities, LPs, 7\\\" singles, limited editions, ...\",\"publisher\":{\"@id\":\"https:\\\/\\\/discosdeluxe.com\\\/en\\\/#organization\"},\"alternateName\":\"Discos Deluxe\",\"potentialAction\":[{\"@type\":\"SearchAction\",\"target\":{\"@type\":\"EntryPoint\",\"urlTemplate\":\"https:\\\/\\\/discosdeluxe.com\\\/en\\\/?s={search_term_string}\"},\"query-input\":{\"@type\":\"PropertyValueSpecification\",\"valueRequired\":true,\"valueName\":\"search_term_string\"}}],\"inLanguage\":\"en-US\"},{\"@type\":\"Organization\",\"@id\":\"https:\\\/\\\/discosdeluxe.com\\\/en\\\/#organization\",\"name\":\"Discos Deluxe\",\"url\":\"https:\\\/\\\/discosdeluxe.com\\\/en\\\/\",\"logo\":{\"@type\":\"ImageObject\",\"inLanguage\":\"en-US\",\"@id\":\"https:\\\/\\\/discosdeluxe.com\\\/en\\\/#\\\/schema\\\/logo\\\/image\\\/\",\"url\":\"https:\\\/\\\/discosdeluxe.com\\\/wp-content\\\/uploads\\\/2021\\\/05\\\/logo-discos-deluxe.png\",\"contentUrl\":\"https:\\\/\\\/discosdeluxe.com\\\/wp-content\\\/uploads\\\/2021\\\/05\\\/logo-discos-deluxe.png\",\"width\":657,\"height\":200,\"caption\":\"Discos Deluxe\"},\"image\":{\"@id\":\"https:\\\/\\\/discosdeluxe.com\\\/en\\\/#\\\/schema\\\/logo\\\/image\\\/\"},\"sameAs\":[\"https:\\\/\\\/www.facebook.com\\\/DiscosDeluxe\\\/\",\"https:\\\/\\\/www.instagram.com\\\/discosdeluxemusic\\\/\"]}]}<\/script>\n<!-- \/ Yoast SEO plugin. -->","yoast_head_json":{"title":"DAVID BOWIE \" BRILLIANT ADVENTURE ( 1992 - 2001 ) \" 18 LP + LIBRO DE 128 P\u00c1G. - Online record and vinyl store, Discos Deluxe","robots":{"index":"index","follow":"follow","max-snippet":"max-snippet:-1","max-image-preview":"max-image-preview:large","max-video-preview":"max-video-preview:-1"},"canonical":"https:\/\/discosdeluxe.com\/en\/music-store\/david-bowie-brilliant-adventure-1992-2001-18-lp-libro-de-128-pag\/","og_locale":"en_US","og_type":"article","og_title":"DAVID BOWIE \" BRILLIANT ADVENTURE ( 1992 - 2001 ) \" 18 LP + LIBRO DE 128 P\u00c1G. - Online record and vinyl store, Discos Deluxe","og_description":"CAJA DE 18 VINILOS + LIBRO DE 128 P\u00c1G. INCLUYE EL LP IN\u00c9DITO TOY","og_url":"https:\/\/discosdeluxe.com\/en\/music-store\/david-bowie-brilliant-adventure-1992-2001-18-lp-libro-de-128-pag\/","og_site_name":"Online record and vinyl store, Discos Deluxe","article_publisher":"https:\/\/www.facebook.com\/DiscosDeluxe\/","og_image":[{"width":1024,"height":768,"url":"https:\/\/discosdeluxe.com\/wp-content\/uploads\/2021\/11\/IMG_0621.jpg","type":"image\/jpeg"}],"twitter_card":"summary_large_image","twitter_misc":{"Est. reading time":"1 minute"},"schema":{"@context":"https:\/\/schema.org","@graph":[{"@type":"WebPage","@id":"https:\/\/discosdeluxe.com\/en\/music-store\/david-bowie-brilliant-adventure-1992-2001-18-lp-libro-de-128-pag\/","url":"https:\/\/discosdeluxe.com\/en\/music-store\/david-bowie-brilliant-adventure-1992-2001-18-lp-libro-de-128-pag\/","name":"DAVID BOWIE \" BRILLIANT ADVENTURE ( 1992 - 2001 ) \" 18 LP + LIBRO DE 128 P\u00c1G. - Online record and vinyl store, Discos Deluxe","isPartOf":{"@id":"https:\/\/discosdeluxe.com\/en\/#website"},"primaryImageOfPage":{"@id":"https:\/\/discosdeluxe.com\/en\/music-store\/david-bowie-brilliant-adventure-1992-2001-18-lp-libro-de-128-pag\/#primaryimage"},"image":{"@id":"https:\/\/discosdeluxe.com\/en\/music-store\/david-bowie-brilliant-adventure-1992-2001-18-lp-libro-de-128-pag\/#primaryimage"},"thumbnailUrl":"https:\/\/discosdeluxe.com\/wp-content\/uploads\/2021\/11\/IMG_0621.jpg","datePublished":"2021-11-30T16:51:21+00:00","breadcrumb":{"@id":"https:\/\/discosdeluxe.com\/en\/music-store\/david-bowie-brilliant-adventure-1992-2001-18-lp-libro-de-128-pag\/#breadcrumb"},"inLanguage":"en-US","potentialAction":[{"@type":"ReadAction","target":["https:\/\/discosdeluxe.com\/en\/music-store\/david-bowie-brilliant-adventure-1992-2001-18-lp-libro-de-128-pag\/"]}]},{"@type":"ImageObject","inLanguage":"en-US","@id":"https:\/\/discosdeluxe.com\/en\/music-store\/david-bowie-brilliant-adventure-1992-2001-18-lp-libro-de-128-pag\/#primaryimage","url":"https:\/\/discosdeluxe.com\/wp-content\/uploads\/2021\/11\/IMG_0621.jpg","contentUrl":"https:\/\/discosdeluxe.com\/wp-content\/uploads\/2021\/11\/IMG_0621.jpg","width":1024,"height":768},{"@type":"BreadcrumbList","@id":"https:\/\/discosdeluxe.com\/en\/music-store\/david-bowie-brilliant-adventure-1992-2001-18-lp-libro-de-128-pag\/#breadcrumb","itemListElement":[{"@type":"ListItem","position":1,"name":"Portada","item":"https:\/\/discosdeluxe.com\/en\/"},{"@type":"ListItem","position":2,"name":"Music store","item":"https:\/\/discosdeluxe.com\/en\/shop\/"},{"@type":"ListItem","position":3,"name":"DAVID BOWIE \u00bb BRILLIANT ADVENTURE ( 1992 &#8211; 2001 ) \u00bb 18 LP + LIBRO DE 128 P\u00c1G."}]},{"@type":"WebSite","@id":"https:\/\/discosdeluxe.com\/en\/#website","url":"https:\/\/discosdeluxe.com\/en\/","name":"Tienda de discos y vinilos online, Discos Deluxe","description":"Deluxe Records, your vinyl store, buy online. Find all the new music, rarities, LPs, 7\" singles, limited editions, ...","publisher":{"@id":"https:\/\/discosdeluxe.com\/en\/#organization"},"alternateName":"Discos Deluxe","potentialAction":[{"@type":"SearchAction","target":{"@type":"EntryPoint","urlTemplate":"https:\/\/discosdeluxe.com\/en\/?s={search_term_string}"},"query-input":{"@type":"PropertyValueSpecification","valueRequired":true,"valueName":"search_term_string"}}],"inLanguage":"en-US"},{"@type":"Organization","@id":"https:\/\/discosdeluxe.com\/en\/#organization","name":"Discos Deluxe","url":"https:\/\/discosdeluxe.com\/en\/","logo":{"@type":"ImageObject","inLanguage":"en-US","@id":"https:\/\/discosdeluxe.com\/en\/#\/schema\/logo\/image\/","url":"https:\/\/discosdeluxe.com\/wp-content\/uploads\/2021\/05\/logo-discos-deluxe.png","contentUrl":"https:\/\/discosdeluxe.com\/wp-content\/uploads\/2021\/05\/logo-discos-deluxe.png","width":657,"height":200,"caption":"Discos Deluxe"},"image":{"@id":"https:\/\/discosdeluxe.com\/en\/#\/schema\/logo\/image\/"},"sameAs":["https:\/\/www.facebook.com\/DiscosDeluxe\/","https:\/\/www.instagram.com\/discosdeluxemusic\/"]}]}},"_links":{"self":[{"href":"https:\/\/discosdeluxe.com\/en\/wp-json\/wp\/v2\/product\/5380","targetHints":{"allow":["GET"]}}],"collection":[{"href":"https:\/\/discosdeluxe.com\/en\/wp-json\/wp\/v2\/product"}],"about":[{"href":"https:\/\/discosdeluxe.com\/en\/wp-json\/wp\/v2\/types\/product"}],"wp:featuredmedia":[{"embeddable":true,"href":"https:\/\/discosdeluxe.com\/en\/wp-json\/wp\/v2\/media\/5381"}],"wp:attachment":[{"href":"https:\/\/discosdeluxe.com\/en\/wp-json\/wp\/v2\/media?parent=5380"}],"wp:term":[{"taxonomy":"product_brand","embeddable":true,"href":"https:\/\/discosdeluxe.com\/en\/wp-json\/wp\/v2\/product_brand?post=5380"},{"taxonomy":"product_cat","embeddable":true,"href":"https:\/\/discosdeluxe.com\/en\/wp-json\/wp\/v2\/product_cat?post=5380"},{"taxonomy":"product_tag","embeddable":true,"href":"https:\/\/discosdeluxe.com\/en\/wp-json\/wp\/v2\/product_tag?post=5380"}],"curies":[{"name":"wp","href":"https:\/\/api.w.org\/{rel}","templated":true}]}}